{"id":1100,"date":"2025-12-29T03:00:05","date_gmt":"2025-12-29T03:00:05","guid":{"rendered":"https:\/\/shunfa.themedemo.top\/?post_type=product&#038;p=1100"},"modified":"2026-01-15T08:06:09","modified_gmt":"2026-01-15T08:06:09","slug":"kundenspezifische-metallwerkstatt-pu-pir-wand-sandwich-paneele-modisches-design-fur-werkstatt-und-andere-szenen-haltbares-stahlmaterial","status":"publish","type":"product","link":"https:\/\/shunfa.themedemo.top\/de\/produkt\/kundenspezifische-metallwerkstatt-pu-pir-wand-sandwich-paneele-modisches-design-fur-werkstatt-und-andere-szenen-haltbares-stahlmaterial\/","title":{"rendered":"Ma\u00dfgeschneiderte Metallwerkstatt PU\/PIR-Wand-Sandwich-Paneele Modisches Design f\u00fcr Werkst\u00e4tten und andere Umgebungen Langlebiges Stahlmaterial"},"content":{"rendered":"<table class=\"has-title hight-light-first-column all magic-3\">\n<tbody>\n<tr>\n<td colspan=\"5\" rowspan=\"1\">\n<div class=\"magic-4\">\n<div class=\"magic-5\" data-spm-anchor-id=\"a2700.custom-template.0.i81.2be33333hm1nfn\"><b>Produkt\u00fcbersichten<\/b><\/div>\n<\/div>\n<\/td>\n<\/tr>\n<tr>\n<td colspan=\"1\" rowspan=\"1\">\n<div class=\"magic-8\">\n<div class=\"magic-5\" data-spm-anchor-id=\"a2700.custom-template.0.i78.2be33333hm1nfn\"><b data-spm-anchor-id=\"a2700.custom-template.0.i99.2be33333hm1nfn\">Gegenstand\uff1a<\/b><\/div>\n<\/div>\n<\/td>\n<td colspan=\"4\" rowspan=\"1\">\n<div class=\"magic-9\">\n<div class=\"magic-5\" data-spm-anchor-id=\"a2700.pc-decorate.0.i10.47f23333jeQ0gJ\">Metallwerkstatt PU\/PIR-Wand-Sandwich-Paneele Modisches Design f\u00fcr Werkst\u00e4tten und andere Umgebungen Langlebiges Stahlmaterial<\/div>\n<\/div>\n<\/td>\n<\/tr>\n<tr>\n<td colspan=\"1\" rowspan=\"1\">\n<div class=\"magic-8\">\n<div class=\"magic-5\" data-spm-anchor-id=\"a2700.custom-template.0.i73.2be33333hm1nfn\"><b>Farbe:<\/b><\/div>\n<\/div>\n<\/td>\n<td colspan=\"4\" rowspan=\"1\">\n<div class=\"magic-9\">\n<div class=\"magic-5\" data-spm-anchor-id=\"a2700.custom-template.0.i76.2be33333hm1nfn\">Unterst\u00fctzung f\u00fcr RAL-Anpassung<\/div>\n<\/div>\n<\/td>\n<\/tr>\n<tr>\n<td colspan=\"1\" rowspan=\"1\">\n<div class=\"magic-8\">\n<div class=\"magic-5\" data-spm-anchor-id=\"a2700.custom-template.0.i74.2be33333hm1nfn\"><b>Die Dicke:<\/b><\/div>\n<\/div>\n<\/td>\n<td colspan=\"4\" rowspan=\"1\">\n<div class=\"magic-9\">\n<div class=\"magic-5\" data-spm-anchor-id=\"a2700.custom-template.0.i77.2be33333hm1nfn\">Unterst\u00fctzung der Anpassung<\/div>\n<\/div>\n<\/td>\n<\/tr>\n<tr>\n<td colspan=\"1\" rowspan=\"1\">\n<div class=\"magic-8\">\n<div class=\"magic-5\" data-spm-anchor-id=\"a2700.custom-template.0.i82.2be33333hm1nfn\"><b data-spm-anchor-id=\"a2700.custom-template.0.i86.2be33333hm1nfn\">Stahlblech:<\/b><\/div>\n<\/div>\n<\/td>\n<td colspan=\"4\" rowspan=\"1\">\n<div class=\"magic-10\">\n<div class=\"magic-5\" data-spm-anchor-id=\"a2700.custom-template.0.i87.2be33333hm1nfn\">0,2mm-0,8mm, Unterst\u00fctzung der Anpassung<\/div>\n<\/div>\n<\/td>\n<\/tr>\n<tr>\n<td colspan=\"1\" rowspan=\"1\">\n<div class=\"magic-8\">\n<div class=\"magic-5\" data-spm-anchor-id=\"a2700.custom-template.0.i95.2be33333hm1nfn\"><b>Effektive Breite\uff1a<\/b><\/div>\n<\/div>\n<\/td>\n<td colspan=\"4\" rowspan=\"1\">\n<div class=\"magic-10\">\n<div class=\"magic-5\">Wand-\/Dachplatte: 950mm\/1050mm\/1000mm, Unterst\u00fctzung der kundenspezifischen Anpassung<\/div>\n<\/div>\n<\/td>\n<\/tr>\n<\/tbody>\n<\/table>","protected":false},"excerpt":{"rendered":"<p>Unsere Metallwerkstatt-PU\/PIR-Wand-Sandwichpaneele bieten ein modernes Design, das sich ideal f\u00fcr Werkst\u00e4tten und verschiedene Anwendungen eignet und aus langlebigem Stahl hergestellt wird. Die Paneele sind in RAL-Farben anpassbar, haben eine anpassbare Dicke und eine Stahlblechst\u00e4rke von 0,2 mm bis 0,8 mm. Au\u00dferdem bieten sie effektive Breiten von 950 mm, 1050 mm und 1000 mm f\u00fcr W\u00e4nde und D\u00e4cher, mit umfassenden Anpassungsm\u00f6glichkeiten an die jeweiligen Projektanforderungen.<\/p>","protected":false},"featured_media":1101,"comment_status":"open","ping_status":"closed","template":"","meta":[],"product_brand":[],"product_cat":[28],"product_tag":[],"class_list":{"0":"post-1100","1":"product","2":"type-product","3":"status-publish","4":"has-post-thumbnail","6":"product_cat-polyurethane-sandwich-panel","8":"first","9":"instock","10":"featured","11":"shipping-taxable","12":"product-type-simple"},"yoast_head":"<!-- This site is optimized with the Yoast SEO plugin v26.7 - https:\/\/yoast.com\/wordpress\/plugins\/seo\/ -->\n<title>Custom Metal Workshop PU\/PIR Wall Sandwich Panels Fashionable Design for Workshop and Other Scenes Durable Steel Material - shunfa<\/title>\n<meta name=\"robots\" content=\"index, follow, max-snippet:-1, max-image-preview:large, max-video-preview:-1\" \/>\n<link rel=\"canonical\" href=\"https:\/\/shunfa.themedemo.top\/de\/produkt\/kundenspezifische-metallwerkstatt-pu-pir-wand-sandwich-paneele-modisches-design-fur-werkstatt-und-andere-szenen-haltbares-stahlmaterial\/\" \/>\n<meta property=\"og:locale\" content=\"de_DE\" \/>\n<meta property=\"og:type\" content=\"article\" \/>\n<meta property=\"og:title\" content=\"Custom Metal Workshop PU\/PIR Wall Sandwich Panels Fashionable Design for Workshop and Other Scenes Durable Steel Material - shunfa\" \/>\n<meta property=\"og:description\" content=\"Our Metal Workshop PU\/PIR Wall Sandwich Panels feature a fashionable design ideal for workshops and diverse applications, crafted from durable steel. Offering RAL color customization, customizable thickness, and steel sheet thickness from 0.2mm to 0.8mm, these panels also provide effective widths of 950mm, 1050mm, and 1000mm for walls\/roofs, with full customization options to meet specific project needs.\" \/>\n<meta property=\"og:url\" content=\"https:\/\/shunfa.themedemo.top\/de\/produkt\/kundenspezifische-metallwerkstatt-pu-pir-wand-sandwich-paneele-modisches-design-fur-werkstatt-und-andere-szenen-haltbares-stahlmaterial\/\" \/>\n<meta property=\"og:site_name\" content=\"shunfa\" \/>\n<meta property=\"article:modified_time\" content=\"2026-01-15T08:06:09+00:00\" \/>\n<meta property=\"og:image\" content=\"https:\/\/shunfa.themedemo.top\/wp-content\/uploads\/2025\/12\/2025122902491803e41.png\" \/>\n\t<meta property=\"og:image:width\" content=\"750\" \/>\n\t<meta property=\"og:image:height\" content=\"750\" \/>\n\t<meta property=\"og:image:type\" content=\"image\/png\" \/>\n<meta name=\"twitter:card\" content=\"summary_large_image\" \/>\n<meta name=\"twitter:label1\" content=\"Gesch\u00e4tzte Lesezeit\" \/>\n\t<meta name=\"twitter:data1\" content=\"1\u00a0Minute\" \/>\n<script type=\"application\/ld+json\" class=\"yoast-schema-graph\">{\"@context\":\"https:\/\/schema.org\",\"@graph\":[{\"@type\":\"WebPage\",\"@id\":\"https:\/\/shunfa.themedemo.top\/product\/custom-metal-workshop-pu-pir-wall-sandwich-panels-fashionable-design-for-workshop-and-other-scenes-durable-steel-material\/\",\"url\":\"https:\/\/shunfa.themedemo.top\/product\/custom-metal-workshop-pu-pir-wall-sandwich-panels-fashionable-design-for-workshop-and-other-scenes-durable-steel-material\/\",\"name\":\"Custom Metal Workshop PU\/PIR Wall Sandwich Panels Fashionable Design for Workshop and Other Scenes Durable Steel Material - shunfa\",\"isPartOf\":{\"@id\":\"https:\/\/shunfa.themedemo.top\/#website\"},\"primaryImageOfPage\":{\"@id\":\"https:\/\/shunfa.themedemo.top\/product\/custom-metal-workshop-pu-pir-wall-sandwich-panels-fashionable-design-for-workshop-and-other-scenes-durable-steel-material\/#primaryimage\"},\"image\":{\"@id\":\"https:\/\/shunfa.themedemo.top\/product\/custom-metal-workshop-pu-pir-wall-sandwich-panels-fashionable-design-for-workshop-and-other-scenes-durable-steel-material\/#primaryimage\"},\"thumbnailUrl\":\"https:\/\/shunfa.themedemo.top\/wp-content\/uploads\/2025\/12\/2025122902491803e41.png\",\"datePublished\":\"2025-12-29T03:00:05+00:00\",\"dateModified\":\"2026-01-15T08:06:09+00:00\",\"breadcrumb\":{\"@id\":\"https:\/\/shunfa.themedemo.top\/product\/custom-metal-workshop-pu-pir-wall-sandwich-panels-fashionable-design-for-workshop-and-other-scenes-durable-steel-material\/#breadcrumb\"},\"inLanguage\":\"de\",\"potentialAction\":[{\"@type\":\"ReadAction\",\"target\":[\"https:\/\/shunfa.themedemo.top\/product\/custom-metal-workshop-pu-pir-wall-sandwich-panels-fashionable-design-for-workshop-and-other-scenes-durable-steel-material\/\"]}]},{\"@type\":\"ImageObject\",\"inLanguage\":\"de\",\"@id\":\"https:\/\/shunfa.themedemo.top\/product\/custom-metal-workshop-pu-pir-wall-sandwich-panels-fashionable-design-for-workshop-and-other-scenes-durable-steel-material\/#primaryimage\",\"url\":\"https:\/\/shunfa.themedemo.top\/wp-content\/uploads\/2025\/12\/2025122902491803e41.png\",\"contentUrl\":\"https:\/\/shunfa.themedemo.top\/wp-content\/uploads\/2025\/12\/2025122902491803e41.png\",\"width\":750,\"height\":750},{\"@type\":\"BreadcrumbList\",\"@id\":\"https:\/\/shunfa.themedemo.top\/product\/custom-metal-workshop-pu-pir-wall-sandwich-panels-fashionable-design-for-workshop-and-other-scenes-durable-steel-material\/#breadcrumb\",\"itemListElement\":[{\"@type\":\"ListItem\",\"position\":1,\"name\":\"Home\",\"item\":\"https:\/\/shunfa.themedemo.top\/\"},{\"@type\":\"ListItem\",\"position\":2,\"name\":\"Products\",\"item\":\"https:\/\/shunfa.themedemo.top\/products\/\"},{\"@type\":\"ListItem\",\"position\":3,\"name\":\"Custom Metal Workshop PU\/PIR Wall Sandwich Panels Fashionable Design for Workshop and Other Scenes Durable Steel Material\"}]},{\"@type\":\"WebSite\",\"@id\":\"https:\/\/shunfa.themedemo.top\/#website\",\"url\":\"https:\/\/shunfa.themedemo.top\/\",\"name\":\"shunfa\",\"description\":\"\",\"publisher\":{\"@id\":\"https:\/\/shunfa.themedemo.top\/#organization\"},\"potentialAction\":[{\"@type\":\"SearchAction\",\"target\":{\"@type\":\"EntryPoint\",\"urlTemplate\":\"https:\/\/shunfa.themedemo.top\/?s={search_term_string}\"},\"query-input\":{\"@type\":\"PropertyValueSpecification\",\"valueRequired\":true,\"valueName\":\"search_term_string\"}}],\"inLanguage\":\"de\"},{\"@type\":\"Organization\",\"@id\":\"https:\/\/shunfa.themedemo.top\/#organization\",\"name\":\"shunfa\",\"url\":\"https:\/\/shunfa.themedemo.top\/\",\"logo\":{\"@type\":\"ImageObject\",\"inLanguage\":\"de\",\"@id\":\"https:\/\/shunfa.themedemo.top\/#\/schema\/logo\/image\/\",\"url\":\"https:\/\/shunfa.themedemo.top\/wp-content\/uploads\/2025\/12\/20251221034929f0109.png\",\"contentUrl\":\"https:\/\/shunfa.themedemo.top\/wp-content\/uploads\/2025\/12\/20251221034929f0109.png\",\"width\":286,\"height\":297,\"caption\":\"shunfa\"},\"image\":{\"@id\":\"https:\/\/shunfa.themedemo.top\/#\/schema\/logo\/image\/\"}}]}<\/script>\n<!-- \/ Yoast SEO plugin. -->","yoast_head_json":{"title":"Individuelle Metallwerkstatt PU\/PIR Wand-Sandwich-Paneele Modisches Design f\u00fcr Werkstatt und andere Szenen Langlebiges Stahlmaterial - shunfa","robots":{"index":"index","follow":"follow","max-snippet":"max-snippet:-1","max-image-preview":"max-image-preview:large","max-video-preview":"max-video-preview:-1"},"canonical":"https:\/\/shunfa.themedemo.top\/de\/produkt\/kundenspezifische-metallwerkstatt-pu-pir-wand-sandwich-paneele-modisches-design-fur-werkstatt-und-andere-szenen-haltbares-stahlmaterial\/","og_locale":"de_DE","og_type":"article","og_title":"Custom Metal Workshop PU\/PIR Wall Sandwich Panels Fashionable Design for Workshop and Other Scenes Durable Steel Material - shunfa","og_description":"Our Metal Workshop PU\/PIR Wall Sandwich Panels feature a fashionable design ideal for workshops and diverse applications, crafted from durable steel. Offering RAL color customization, customizable thickness, and steel sheet thickness from 0.2mm to 0.8mm, these panels also provide effective widths of 950mm, 1050mm, and 1000mm for walls\/roofs, with full customization options to meet specific project needs.","og_url":"https:\/\/shunfa.themedemo.top\/de\/produkt\/kundenspezifische-metallwerkstatt-pu-pir-wand-sandwich-paneele-modisches-design-fur-werkstatt-und-andere-szenen-haltbares-stahlmaterial\/","og_site_name":"shunfa","article_modified_time":"2026-01-15T08:06:09+00:00","og_image":[{"width":750,"height":750,"url":"https:\/\/shunfa.themedemo.top\/wp-content\/uploads\/2025\/12\/2025122902491803e41.png","type":"image\/png"}],"twitter_card":"summary_large_image","twitter_misc":{"Gesch\u00e4tzte Lesezeit":"1\u00a0Minute"},"schema":{"@context":"https:\/\/schema.org","@graph":[{"@type":"WebPage","@id":"https:\/\/shunfa.themedemo.top\/product\/custom-metal-workshop-pu-pir-wall-sandwich-panels-fashionable-design-for-workshop-and-other-scenes-durable-steel-material\/","url":"https:\/\/shunfa.themedemo.top\/product\/custom-metal-workshop-pu-pir-wall-sandwich-panels-fashionable-design-for-workshop-and-other-scenes-durable-steel-material\/","name":"Individuelle Metallwerkstatt PU\/PIR Wand-Sandwich-Paneele Modisches Design f\u00fcr Werkstatt und andere Szenen Langlebiges Stahlmaterial - shunfa","isPartOf":{"@id":"https:\/\/shunfa.themedemo.top\/#website"},"primaryImageOfPage":{"@id":"https:\/\/shunfa.themedemo.top\/product\/custom-metal-workshop-pu-pir-wall-sandwich-panels-fashionable-design-for-workshop-and-other-scenes-durable-steel-material\/#primaryimage"},"image":{"@id":"https:\/\/shunfa.themedemo.top\/product\/custom-metal-workshop-pu-pir-wall-sandwich-panels-fashionable-design-for-workshop-and-other-scenes-durable-steel-material\/#primaryimage"},"thumbnailUrl":"https:\/\/shunfa.themedemo.top\/wp-content\/uploads\/2025\/12\/2025122902491803e41.png","datePublished":"2025-12-29T03:00:05+00:00","dateModified":"2026-01-15T08:06:09+00:00","breadcrumb":{"@id":"https:\/\/shunfa.themedemo.top\/product\/custom-metal-workshop-pu-pir-wall-sandwich-panels-fashionable-design-for-workshop-and-other-scenes-durable-steel-material\/#breadcrumb"},"inLanguage":"de","potentialAction":[{"@type":"ReadAction","target":["https:\/\/shunfa.themedemo.top\/product\/custom-metal-workshop-pu-pir-wall-sandwich-panels-fashionable-design-for-workshop-and-other-scenes-durable-steel-material\/"]}]},{"@type":"ImageObject","inLanguage":"de","@id":"https:\/\/shunfa.themedemo.top\/product\/custom-metal-workshop-pu-pir-wall-sandwich-panels-fashionable-design-for-workshop-and-other-scenes-durable-steel-material\/#primaryimage","url":"https:\/\/shunfa.themedemo.top\/wp-content\/uploads\/2025\/12\/2025122902491803e41.png","contentUrl":"https:\/\/shunfa.themedemo.top\/wp-content\/uploads\/2025\/12\/2025122902491803e41.png","width":750,"height":750},{"@type":"BreadcrumbList","@id":"https:\/\/shunfa.themedemo.top\/product\/custom-metal-workshop-pu-pir-wall-sandwich-panels-fashionable-design-for-workshop-and-other-scenes-durable-steel-material\/#breadcrumb","itemListElement":[{"@type":"ListItem","position":1,"name":"Home","item":"https:\/\/shunfa.themedemo.top\/"},{"@type":"ListItem","position":2,"name":"Products","item":"https:\/\/shunfa.themedemo.top\/products\/"},{"@type":"ListItem","position":3,"name":"Custom Metal Workshop PU\/PIR Wall Sandwich Panels Fashionable Design for Workshop and Other Scenes Durable Steel Material"}]},{"@type":"WebSite","@id":"https:\/\/shunfa.themedemo.top\/#website","url":"https:\/\/shunfa.themedemo.top\/","name":"shunfa","description":"","publisher":{"@id":"https:\/\/shunfa.themedemo.top\/#organization"},"potentialAction":[{"@type":"SearchAction","target":{"@type":"EntryPoint","urlTemplate":"https:\/\/shunfa.themedemo.top\/?s={search_term_string}"},"query-input":{"@type":"PropertyValueSpecification","valueRequired":true,"valueName":"search_term_string"}}],"inLanguage":"de"},{"@type":"Organization","@id":"https:\/\/shunfa.themedemo.top\/#organization","name":"shunfa","url":"https:\/\/shunfa.themedemo.top\/","logo":{"@type":"ImageObject","inLanguage":"de","@id":"https:\/\/shunfa.themedemo.top\/#\/schema\/logo\/image\/","url":"https:\/\/shunfa.themedemo.top\/wp-content\/uploads\/2025\/12\/20251221034929f0109.png","contentUrl":"https:\/\/shunfa.themedemo.top\/wp-content\/uploads\/2025\/12\/20251221034929f0109.png","width":286,"height":297,"caption":"shunfa"},"image":{"@id":"https:\/\/shunfa.themedemo.top\/#\/schema\/logo\/image\/"}}]}},"_links":{"self":[{"href":"https:\/\/shunfa.themedemo.top\/de\/wp-json\/wp\/v2\/product\/1100","targetHints":{"allow":["GET"]}}],"collection":[{"href":"https:\/\/shunfa.themedemo.top\/de\/wp-json\/wp\/v2\/product"}],"about":[{"href":"https:\/\/shunfa.themedemo.top\/de\/wp-json\/wp\/v2\/types\/product"}],"replies":[{"embeddable":true,"href":"https:\/\/shunfa.themedemo.top\/de\/wp-json\/wp\/v2\/comments?post=1100"}],"wp:featuredmedia":[{"embeddable":true,"href":"https:\/\/shunfa.themedemo.top\/de\/wp-json\/wp\/v2\/media\/1101"}],"wp:attachment":[{"href":"https:\/\/shunfa.themedemo.top\/de\/wp-json\/wp\/v2\/media?parent=1100"}],"wp:term":[{"taxonomy":"product_brand","embeddable":true,"href":"https:\/\/shunfa.themedemo.top\/de\/wp-json\/wp\/v2\/product_brand?post=1100"},{"taxonomy":"product_cat","embeddable":true,"href":"https:\/\/shunfa.themedemo.top\/de\/wp-json\/wp\/v2\/product_cat?post=1100"},{"taxonomy":"product_tag","embeddable":true,"href":"https:\/\/shunfa.themedemo.top\/de\/wp-json\/wp\/v2\/product_tag?post=1100"}],"curies":[{"name":"wp","href":"https:\/\/api.w.org\/{rel}","templated":true}]}}