{"id":1233,"date":"2026-01-02T07:01:06","date_gmt":"2026-01-02T07:01:06","guid":{"rendered":"https:\/\/shunfa.themedemo.top\/?post_type=product&#038;p=1233"},"modified":"2026-01-02T07:01:06","modified_gmt":"2026-01-02T07:01:06","slug":"insulated-rock-wool-wall-sandwich-panel-easy-to-install-warehouse-container-houses","status":"publish","type":"product","link":"https:\/\/shunfa.themedemo.top\/de\/produkt\/insulated-rock-wool-wall-sandwich-panel-easy-to-install-warehouse-container-houses\/","title":{"rendered":"Isolierte Steinwolle-Wand-Sandwich-Paneele Einfach zu installieren Lagerhaus-Container-H\u00e4user"},"content":{"rendered":"<p>Steinwolle Sandwichplatte Dicke:<br \/>\nDach:40mm\/50mm\/75mm usw.<br \/>\nWandst\u00e4rke:25mm\/50mm\/75mm usw.<\/p>\n<p>Breite:<br \/>\nDach:950mm\/980mm<br \/>\nWand:950mm\/1150mm<\/p>\n<p>Die Dichte:<br \/>\n12kg\/m\u00b3,14kg\/m\u00b3,16kg\/m\u00b3,18kg\/m\u00b3,etc.<\/p>","protected":false},"excerpt":{"rendered":"<div class=\"id-text-black-222 id-font-inter id-text-sm id-leading-5 id-font-normal id-flex\" data-testid=\"product-detail-text-sort\" data-spm-anchor-id=\"a2700.details.0.i113.74602f23oJipSs\"><span class=\"id-ml-2 id-whitespace-pre-line\">Schalld\u00e4mmende Innen- und Au\u00dfenwand: Reduziert den L\u00e4rm f\u00fcr einen ruhigen Lebensraum.<\/span><\/div>\n<div class=\"id-text-black-222 id-font-inter id-text-sm id-leading-5 id-font-normal id-flex\" data-testid=\"product-detail-text-sort\">\n<p><span class=\"id-ml-2 id-whitespace-pre-line\">Steinwolle-D\u00e4mmung: Verbessert die thermische Effizienz und spart Energie.<\/span><\/p>\n<\/div>\n<div class=\"id-text-black-222 id-font-inter id-text-sm id-leading-5 id-font-normal id-flex\" data-testid=\"product-detail-text-sort\">\n<p><span class=\"id-ml-2 id-whitespace-pre-line\">Einfache Installation: Vereinfacht die Einrichtung f\u00fcr eine schnelle und effiziente Bereitstellung.<\/span><\/p>\n<\/div>\n<div class=\"id-text-black-222 id-font-inter id-text-sm id-leading-5 id-font-normal id-flex\" data-testid=\"product-detail-text-sort\">\n<p><span class=\"id-ml-2 id-whitespace-pre-line\" data-spm-anchor-id=\"a2700.details.0.i114.74602f23oJipSs\">Eps Steinwolle pir pu\/pur Polyurethan Dach Wand Sandwich-Paneel akustische Baumaterial Schaum Fliesen Bau Blech Aluminium Verbundplatten isoliert schalldicht sip wasserdicht B1 feuerfeste Isolierung umweltfreundlich 20ft 40ft Container innen und au\u00dfen K\u00fchlraum Lager Fabrik 30mm 40mm 50mm 70mm 80mm<\/span><\/p>\n<\/div>","protected":false},"featured_media":1231,"comment_status":"open","ping_status":"closed","template":"","meta":[],"product_brand":[],"product_cat":[27],"product_tag":[],"class_list":{"0":"post-1233","1":"product","2":"type-product","3":"status-publish","4":"has-post-thumbnail","6":"product_cat-rock-wool-sandwich-panel","8":"first","9":"instock","10":"shipping-taxable","11":"product-type-simple"},"yoast_head":"<!-- This site is optimized with the Yoast SEO plugin v26.7 - https:\/\/yoast.com\/wordpress\/plugins\/seo\/ -->\n<title>Insulated Rock Wool Wall Sandwich Panel Easy to Install Warehouse Container Houses - shunfa<\/title>\n<meta name=\"robots\" content=\"index, follow, max-snippet:-1, max-image-preview:large, max-video-preview:-1\" \/>\n<link rel=\"canonical\" href=\"https:\/\/shunfa.themedemo.top\/de\/produkt\/insulated-rock-wool-wall-sandwich-panel-easy-to-install-warehouse-container-houses\/\" \/>\n<meta property=\"og:locale\" content=\"de_DE\" \/>\n<meta property=\"og:type\" content=\"article\" \/>\n<meta property=\"og:title\" content=\"Insulated Rock Wool Wall Sandwich Panel Easy to Install Warehouse Container Houses - shunfa\" \/>\n<meta property=\"og:description\" content=\"Sound Proof Interior and Exterior Wall: Reduces noise for peaceful living spaces.  Rock Wool Insulation: Enhances thermal efficiency and energy savings.   Easy Installation: Simplifies setup for quick and efficient deployment.   Eps rock wool pir pu\/pur polyurethane roof wall sandwich panel acoustic building material foam tiles construction sheet metal aluminum composite boards insulated sound proof sip waterproof B1 fireproof insulation eco friendly 20ft 40ft container interior and exterior cold room warehouse factory 30mm 40mm 50mm 70mm 80mm\" \/>\n<meta property=\"og:url\" content=\"https:\/\/shunfa.themedemo.top\/de\/produkt\/insulated-rock-wool-wall-sandwich-panel-easy-to-install-warehouse-container-houses\/\" \/>\n<meta property=\"og:site_name\" content=\"shunfa\" \/>\n<meta property=\"og:image\" content=\"https:\/\/shunfa.themedemo.top\/wp-content\/uploads\/2026\/01\/2026010206524598f5b.png\" \/>\n\t<meta property=\"og:image:width\" content=\"1000\" \/>\n\t<meta property=\"og:image:height\" content=\"1000\" \/>\n\t<meta property=\"og:image:type\" content=\"image\/png\" \/>\n<meta name=\"twitter:card\" content=\"summary_large_image\" \/>\n<meta name=\"twitter:label1\" content=\"Gesch\u00e4tzte Lesezeit\" \/>\n\t<meta name=\"twitter:data1\" content=\"1\u00a0Minute\" \/>\n<script type=\"application\/ld+json\" class=\"yoast-schema-graph\">{\"@context\":\"https:\/\/schema.org\",\"@graph\":[{\"@type\":\"WebPage\",\"@id\":\"https:\/\/shunfa.themedemo.top\/product\/insulated-rock-wool-wall-sandwich-panel-easy-to-install-warehouse-container-houses\/\",\"url\":\"https:\/\/shunfa.themedemo.top\/product\/insulated-rock-wool-wall-sandwich-panel-easy-to-install-warehouse-container-houses\/\",\"name\":\"Insulated Rock Wool Wall Sandwich Panel Easy to Install Warehouse Container Houses - shunfa\",\"isPartOf\":{\"@id\":\"https:\/\/shunfa.themedemo.top\/#website\"},\"primaryImageOfPage\":{\"@id\":\"https:\/\/shunfa.themedemo.top\/product\/insulated-rock-wool-wall-sandwich-panel-easy-to-install-warehouse-container-houses\/#primaryimage\"},\"image\":{\"@id\":\"https:\/\/shunfa.themedemo.top\/product\/insulated-rock-wool-wall-sandwich-panel-easy-to-install-warehouse-container-houses\/#primaryimage\"},\"thumbnailUrl\":\"https:\/\/shunfa.themedemo.top\/wp-content\/uploads\/2026\/01\/2026010206524598f5b.png\",\"datePublished\":\"2026-01-02T07:01:06+00:00\",\"breadcrumb\":{\"@id\":\"https:\/\/shunfa.themedemo.top\/product\/insulated-rock-wool-wall-sandwich-panel-easy-to-install-warehouse-container-houses\/#breadcrumb\"},\"inLanguage\":\"de\",\"potentialAction\":[{\"@type\":\"ReadAction\",\"target\":[\"https:\/\/shunfa.themedemo.top\/product\/insulated-rock-wool-wall-sandwich-panel-easy-to-install-warehouse-container-houses\/\"]}]},{\"@type\":\"ImageObject\",\"inLanguage\":\"de\",\"@id\":\"https:\/\/shunfa.themedemo.top\/product\/insulated-rock-wool-wall-sandwich-panel-easy-to-install-warehouse-container-houses\/#primaryimage\",\"url\":\"https:\/\/shunfa.themedemo.top\/wp-content\/uploads\/2026\/01\/2026010206524598f5b.png\",\"contentUrl\":\"https:\/\/shunfa.themedemo.top\/wp-content\/uploads\/2026\/01\/2026010206524598f5b.png\",\"width\":1000,\"height\":1000},{\"@type\":\"BreadcrumbList\",\"@id\":\"https:\/\/shunfa.themedemo.top\/product\/insulated-rock-wool-wall-sandwich-panel-easy-to-install-warehouse-container-houses\/#breadcrumb\",\"itemListElement\":[{\"@type\":\"ListItem\",\"position\":1,\"name\":\"Home\",\"item\":\"https:\/\/shunfa.themedemo.top\/\"},{\"@type\":\"ListItem\",\"position\":2,\"name\":\"Products\",\"item\":\"https:\/\/shunfa.themedemo.top\/products\/\"},{\"@type\":\"ListItem\",\"position\":3,\"name\":\"Insulated Rock Wool Wall Sandwich Panel Easy to Install Warehouse Container Houses\"}]},{\"@type\":\"WebSite\",\"@id\":\"https:\/\/shunfa.themedemo.top\/#website\",\"url\":\"https:\/\/shunfa.themedemo.top\/\",\"name\":\"shunfa\",\"description\":\"\",\"publisher\":{\"@id\":\"https:\/\/shunfa.themedemo.top\/#organization\"},\"potentialAction\":[{\"@type\":\"SearchAction\",\"target\":{\"@type\":\"EntryPoint\",\"urlTemplate\":\"https:\/\/shunfa.themedemo.top\/?s={search_term_string}\"},\"query-input\":{\"@type\":\"PropertyValueSpecification\",\"valueRequired\":true,\"valueName\":\"search_term_string\"}}],\"inLanguage\":\"de\"},{\"@type\":\"Organization\",\"@id\":\"https:\/\/shunfa.themedemo.top\/#organization\",\"name\":\"shunfa\",\"url\":\"https:\/\/shunfa.themedemo.top\/\",\"logo\":{\"@type\":\"ImageObject\",\"inLanguage\":\"de\",\"@id\":\"https:\/\/shunfa.themedemo.top\/#\/schema\/logo\/image\/\",\"url\":\"https:\/\/shunfa.themedemo.top\/wp-content\/uploads\/2025\/12\/20251221034929f0109.png\",\"contentUrl\":\"https:\/\/shunfa.themedemo.top\/wp-content\/uploads\/2025\/12\/20251221034929f0109.png\",\"width\":286,\"height\":297,\"caption\":\"shunfa\"},\"image\":{\"@id\":\"https:\/\/shunfa.themedemo.top\/#\/schema\/logo\/image\/\"}}]}<\/script>\n<!-- \/ Yoast SEO plugin. -->","yoast_head_json":{"title":"Insulated Rock Wool Wall Sandwich Panel Easy to Install Warehouse Container Houses - shunfa","robots":{"index":"index","follow":"follow","max-snippet":"max-snippet:-1","max-image-preview":"max-image-preview:large","max-video-preview":"max-video-preview:-1"},"canonical":"https:\/\/shunfa.themedemo.top\/de\/produkt\/insulated-rock-wool-wall-sandwich-panel-easy-to-install-warehouse-container-houses\/","og_locale":"de_DE","og_type":"article","og_title":"Insulated Rock Wool Wall Sandwich Panel Easy to Install Warehouse Container Houses - shunfa","og_description":"Sound Proof Interior and Exterior Wall: Reduces noise for peaceful living spaces.  Rock Wool Insulation: Enhances thermal efficiency and energy savings.   Easy Installation: Simplifies setup for quick and efficient deployment.   Eps rock wool pir pu\/pur polyurethane roof wall sandwich panel acoustic building material foam tiles construction sheet metal aluminum composite boards insulated sound proof sip waterproof B1 fireproof insulation eco friendly 20ft 40ft container interior and exterior cold room warehouse factory 30mm 40mm 50mm 70mm 80mm","og_url":"https:\/\/shunfa.themedemo.top\/de\/produkt\/insulated-rock-wool-wall-sandwich-panel-easy-to-install-warehouse-container-houses\/","og_site_name":"shunfa","og_image":[{"width":1000,"height":1000,"url":"https:\/\/shunfa.themedemo.top\/wp-content\/uploads\/2026\/01\/2026010206524598f5b.png","type":"image\/png"}],"twitter_card":"summary_large_image","twitter_misc":{"Gesch\u00e4tzte Lesezeit":"1\u00a0Minute"},"schema":{"@context":"https:\/\/schema.org","@graph":[{"@type":"WebPage","@id":"https:\/\/shunfa.themedemo.top\/product\/insulated-rock-wool-wall-sandwich-panel-easy-to-install-warehouse-container-houses\/","url":"https:\/\/shunfa.themedemo.top\/product\/insulated-rock-wool-wall-sandwich-panel-easy-to-install-warehouse-container-houses\/","name":"Insulated Rock Wool Wall Sandwich Panel Easy to Install Warehouse Container Houses - shunfa","isPartOf":{"@id":"https:\/\/shunfa.themedemo.top\/#website"},"primaryImageOfPage":{"@id":"https:\/\/shunfa.themedemo.top\/product\/insulated-rock-wool-wall-sandwich-panel-easy-to-install-warehouse-container-houses\/#primaryimage"},"image":{"@id":"https:\/\/shunfa.themedemo.top\/product\/insulated-rock-wool-wall-sandwich-panel-easy-to-install-warehouse-container-houses\/#primaryimage"},"thumbnailUrl":"https:\/\/shunfa.themedemo.top\/wp-content\/uploads\/2026\/01\/2026010206524598f5b.png","datePublished":"2026-01-02T07:01:06+00:00","breadcrumb":{"@id":"https:\/\/shunfa.themedemo.top\/product\/insulated-rock-wool-wall-sandwich-panel-easy-to-install-warehouse-container-houses\/#breadcrumb"},"inLanguage":"de","potentialAction":[{"@type":"ReadAction","target":["https:\/\/shunfa.themedemo.top\/product\/insulated-rock-wool-wall-sandwich-panel-easy-to-install-warehouse-container-houses\/"]}]},{"@type":"ImageObject","inLanguage":"de","@id":"https:\/\/shunfa.themedemo.top\/product\/insulated-rock-wool-wall-sandwich-panel-easy-to-install-warehouse-container-houses\/#primaryimage","url":"https:\/\/shunfa.themedemo.top\/wp-content\/uploads\/2026\/01\/2026010206524598f5b.png","contentUrl":"https:\/\/shunfa.themedemo.top\/wp-content\/uploads\/2026\/01\/2026010206524598f5b.png","width":1000,"height":1000},{"@type":"BreadcrumbList","@id":"https:\/\/shunfa.themedemo.top\/product\/insulated-rock-wool-wall-sandwich-panel-easy-to-install-warehouse-container-houses\/#breadcrumb","itemListElement":[{"@type":"ListItem","position":1,"name":"Home","item":"https:\/\/shunfa.themedemo.top\/"},{"@type":"ListItem","position":2,"name":"Products","item":"https:\/\/shunfa.themedemo.top\/products\/"},{"@type":"ListItem","position":3,"name":"Insulated Rock Wool Wall Sandwich Panel Easy to Install Warehouse Container Houses"}]},{"@type":"WebSite","@id":"https:\/\/shunfa.themedemo.top\/#website","url":"https:\/\/shunfa.themedemo.top\/","name":"shunfa","description":"","publisher":{"@id":"https:\/\/shunfa.themedemo.top\/#organization"},"potentialAction":[{"@type":"SearchAction","target":{"@type":"EntryPoint","urlTemplate":"https:\/\/shunfa.themedemo.top\/?s={search_term_string}"},"query-input":{"@type":"PropertyValueSpecification","valueRequired":true,"valueName":"search_term_string"}}],"inLanguage":"de"},{"@type":"Organization","@id":"https:\/\/shunfa.themedemo.top\/#organization","name":"shunfa","url":"https:\/\/shunfa.themedemo.top\/","logo":{"@type":"ImageObject","inLanguage":"de","@id":"https:\/\/shunfa.themedemo.top\/#\/schema\/logo\/image\/","url":"https:\/\/shunfa.themedemo.top\/wp-content\/uploads\/2025\/12\/20251221034929f0109.png","contentUrl":"https:\/\/shunfa.themedemo.top\/wp-content\/uploads\/2025\/12\/20251221034929f0109.png","width":286,"height":297,"caption":"shunfa"},"image":{"@id":"https:\/\/shunfa.themedemo.top\/#\/schema\/logo\/image\/"}}]}},"_links":{"self":[{"href":"https:\/\/shunfa.themedemo.top\/de\/wp-json\/wp\/v2\/product\/1233","targetHints":{"allow":["GET"]}}],"collection":[{"href":"https:\/\/shunfa.themedemo.top\/de\/wp-json\/wp\/v2\/product"}],"about":[{"href":"https:\/\/shunfa.themedemo.top\/de\/wp-json\/wp\/v2\/types\/product"}],"replies":[{"embeddable":true,"href":"https:\/\/shunfa.themedemo.top\/de\/wp-json\/wp\/v2\/comments?post=1233"}],"wp:featuredmedia":[{"embeddable":true,"href":"https:\/\/shunfa.themedemo.top\/de\/wp-json\/wp\/v2\/media\/1231"}],"wp:attachment":[{"href":"https:\/\/shunfa.themedemo.top\/de\/wp-json\/wp\/v2\/media?parent=1233"}],"wp:term":[{"taxonomy":"product_brand","embeddable":true,"href":"https:\/\/shunfa.themedemo.top\/de\/wp-json\/wp\/v2\/product_brand?post=1233"},{"taxonomy":"product_cat","embeddable":true,"href":"https:\/\/shunfa.themedemo.top\/de\/wp-json\/wp\/v2\/product_cat?post=1233"},{"taxonomy":"product_tag","embeddable":true,"href":"https:\/\/shunfa.themedemo.top\/de\/wp-json\/wp\/v2\/product_tag?post=1233"}],"curies":[{"name":"wp","href":"https:\/\/api.w.org\/{rel}","templated":true}]}}