{"id":1090,"date":"2025-12-29T02:24:42","date_gmt":"2025-12-29T02:24:42","guid":{"rendered":"https:\/\/shunfa.themedemo.top\/?post_type=product&#038;p=1090"},"modified":"2025-12-29T02:24:42","modified_gmt":"2025-12-29T02:24:42","slug":"custom-50mm-sound-proof-wall-pir-sandwich-panel-fireproof-easy-to-install-insulated-warehouse-container-houses-factory-apartment","status":"publish","type":"product","link":"https:\/\/shunfa.themedemo.top\/es\/producto\/custom-50mm-sound-proof-wall-pir-sandwich-panel-fireproof-easy-to-install-insulated-warehouse-container-houses-factory-apartment\/","title":{"rendered":"Panel s\u00e1ndwich Pir personalizado de 50 mm con aislamiento ac\u00fastico, ign\u00edfugo, f\u00e1cil de instalar, para almacenes, contenedores, casas, f\u00e1bricas y apartamentos."},"content":{"rendered":"<h3 class=\"id-flex id-justify-between id-items-center id-text-black-222 id-font-inter id-text-lg id-font-bold id-mb-[20px] id-leading-6\" data-testid=\"product-detail-title\">Descripciones de productos del proveedor<\/h3>\n<div class=\"id-flex id-flex-col id-gap-3\">\n<ul>\n<li class=\"id-text-black-222 id-font-inter id-text-sm id-leading-5 id-font-normal id-flex\" data-testid=\"product-detail-text-sort\">\n<div class=\"id-w-1 id-h-1 id-rounded-full id-bg-[#000000D9] id-flex-shrink-0 id-flex-grow-0 id-mt-[8px]\">Dise\u00f1o ign\u00edfugo: Garantiza la seguridad en entornos de alto riesgo.<\/div>\n<\/li>\n<li class=\"id-text-black-222 id-font-inter id-text-sm id-leading-5 id-font-normal id-flex\" data-testid=\"product-detail-text-sort\">\n<div class=\"id-w-1 id-h-1 id-rounded-full id-bg-[#000000D9] id-flex-shrink-0 id-flex-grow-0 id-mt-[8px]\">A prueba de ruidos: Reduce la transmisi\u00f3n de ruido para un espacio de trabajo m\u00e1s silencioso.<\/div>\n<\/li>\n<li class=\"id-text-black-222 id-font-inter id-text-sm id-leading-5 id-font-normal id-flex\" data-testid=\"product-detail-text-sort\">\n<div class=\"id-w-1 id-h-1 id-rounded-full id-bg-[#000000D9] id-flex-shrink-0 id-flex-grow-0 id-mt-[8px]\">Instalaci\u00f3n personalizable: F\u00e1cil de instalar, adaptable a diversas configuraciones.<\/div>\n<\/li>\n<li class=\"id-text-black-222 id-font-inter id-text-sm id-leading-5 id-font-normal id-flex\" data-testid=\"product-detail-text-sort\">\n<div class=\"id-w-1 id-h-1 id-rounded-full id-bg-[#000000D9] id-flex-shrink-0 id-flex-grow-0 id-mt-[8px]\">Materiales de alta calidad: Construido con l\u00e1minas de acero duraderas para un rendimiento duradero.<\/div>\n<\/li>\n<li class=\"id-text-black-222 id-font-inter id-text-sm id-leading-5 id-font-normal id-flex\" data-testid=\"product-detail-text-sort\">\n<div class=\"id-w-1 id-h-1 id-rounded-full id-bg-[#000000D9] id-flex-shrink-0 id-flex-grow-0 id-mt-[8px]\">Respetuoso con el medio ambiente: una opci\u00f3n sostenible para las empresas con conciencia ecol\u00f3gica.<\/div>\n<\/li>\n<\/ul>\n<\/div>","protected":false},"excerpt":{"rendered":"<p>Soundproof, fireproof, environmentally friendly, high quality, customizable.Easy to install insulated warehouse container houses factory apartment.<\/p>","protected":false},"featured_media":1091,"comment_status":"open","ping_status":"closed","template":"","meta":[],"product_brand":[],"product_cat":[29],"product_tag":[],"class_list":{"0":"post-1090","1":"product","2":"type-product","3":"status-publish","4":"has-post-thumbnail","6":"product_cat-pir-sandwich-panel","8":"first","9":"instock","10":"shipping-taxable","11":"product-type-simple"},"yoast_head":"<!-- This site is optimized with the Yoast SEO plugin v26.7 - https:\/\/yoast.com\/wordpress\/plugins\/seo\/ -->\n<title>Custom 50mm Sound Proof Wall Pir Sandwich Panel Fireproof Easy to Install Insulated Warehouse Container Houses Factory Apartment - shunfa<\/title>\n<meta name=\"robots\" content=\"index, follow, max-snippet:-1, max-image-preview:large, max-video-preview:-1\" \/>\n<link rel=\"canonical\" href=\"https:\/\/shunfa.themedemo.top\/es\/producto\/custom-50mm-sound-proof-wall-pir-sandwich-panel-fireproof-easy-to-install-insulated-warehouse-container-houses-factory-apartment\/\" \/>\n<meta property=\"og:locale\" content=\"es_ES\" \/>\n<meta property=\"og:type\" content=\"article\" \/>\n<meta property=\"og:title\" content=\"Custom 50mm Sound Proof Wall Pir Sandwich Panel Fireproof Easy to Install Insulated Warehouse Container Houses Factory Apartment - shunfa\" \/>\n<meta property=\"og:description\" content=\"Soundproof, fireproof, environmentally friendly, high quality, customizable.Easy to install insulated warehouse container houses factory apartment.\" \/>\n<meta property=\"og:url\" content=\"https:\/\/shunfa.themedemo.top\/es\/producto\/custom-50mm-sound-proof-wall-pir-sandwich-panel-fireproof-easy-to-install-insulated-warehouse-container-houses-factory-apartment\/\" \/>\n<meta property=\"og:site_name\" content=\"shunfa\" \/>\n<meta property=\"og:image\" content=\"https:\/\/shunfa.themedemo.top\/wp-content\/uploads\/2025\/12\/20251229021530fb42d.png\" \/>\n\t<meta property=\"og:image:width\" content=\"1000\" \/>\n\t<meta property=\"og:image:height\" content=\"1000\" \/>\n\t<meta property=\"og:image:type\" content=\"image\/png\" \/>\n<meta name=\"twitter:card\" content=\"summary_large_image\" \/>\n<meta name=\"twitter:label1\" content=\"Tiempo de lectura\" \/>\n\t<meta name=\"twitter:data1\" content=\"1 minuto\" \/>\n<script type=\"application\/ld+json\" class=\"yoast-schema-graph\">{\"@context\":\"https:\/\/schema.org\",\"@graph\":[{\"@type\":\"WebPage\",\"@id\":\"https:\/\/shunfa.themedemo.top\/product\/custom-50mm-sound-proof-wall-pir-sandwich-panel-fireproof-easy-to-install-insulated-warehouse-container-houses-factory-apartment\/\",\"url\":\"https:\/\/shunfa.themedemo.top\/product\/custom-50mm-sound-proof-wall-pir-sandwich-panel-fireproof-easy-to-install-insulated-warehouse-container-houses-factory-apartment\/\",\"name\":\"Custom 50mm Sound Proof Wall Pir Sandwich Panel Fireproof Easy to Install Insulated Warehouse Container Houses Factory Apartment - shunfa\",\"isPartOf\":{\"@id\":\"https:\/\/shunfa.themedemo.top\/#website\"},\"primaryImageOfPage\":{\"@id\":\"https:\/\/shunfa.themedemo.top\/product\/custom-50mm-sound-proof-wall-pir-sandwich-panel-fireproof-easy-to-install-insulated-warehouse-container-houses-factory-apartment\/#primaryimage\"},\"image\":{\"@id\":\"https:\/\/shunfa.themedemo.top\/product\/custom-50mm-sound-proof-wall-pir-sandwich-panel-fireproof-easy-to-install-insulated-warehouse-container-houses-factory-apartment\/#primaryimage\"},\"thumbnailUrl\":\"https:\/\/shunfa.themedemo.top\/wp-content\/uploads\/2025\/12\/20251229021530fb42d.png\",\"datePublished\":\"2025-12-29T02:24:42+00:00\",\"breadcrumb\":{\"@id\":\"https:\/\/shunfa.themedemo.top\/product\/custom-50mm-sound-proof-wall-pir-sandwich-panel-fireproof-easy-to-install-insulated-warehouse-container-houses-factory-apartment\/#breadcrumb\"},\"inLanguage\":\"es\",\"potentialAction\":[{\"@type\":\"ReadAction\",\"target\":[\"https:\/\/shunfa.themedemo.top\/product\/custom-50mm-sound-proof-wall-pir-sandwich-panel-fireproof-easy-to-install-insulated-warehouse-container-houses-factory-apartment\/\"]}]},{\"@type\":\"ImageObject\",\"inLanguage\":\"es\",\"@id\":\"https:\/\/shunfa.themedemo.top\/product\/custom-50mm-sound-proof-wall-pir-sandwich-panel-fireproof-easy-to-install-insulated-warehouse-container-houses-factory-apartment\/#primaryimage\",\"url\":\"https:\/\/shunfa.themedemo.top\/wp-content\/uploads\/2025\/12\/20251229021530fb42d.png\",\"contentUrl\":\"https:\/\/shunfa.themedemo.top\/wp-content\/uploads\/2025\/12\/20251229021530fb42d.png\",\"width\":1000,\"height\":1000},{\"@type\":\"BreadcrumbList\",\"@id\":\"https:\/\/shunfa.themedemo.top\/product\/custom-50mm-sound-proof-wall-pir-sandwich-panel-fireproof-easy-to-install-insulated-warehouse-container-houses-factory-apartment\/#breadcrumb\",\"itemListElement\":[{\"@type\":\"ListItem\",\"position\":1,\"name\":\"Home\",\"item\":\"https:\/\/shunfa.themedemo.top\/\"},{\"@type\":\"ListItem\",\"position\":2,\"name\":\"Products\",\"item\":\"https:\/\/shunfa.themedemo.top\/products\/\"},{\"@type\":\"ListItem\",\"position\":3,\"name\":\"Custom 50mm Sound Proof Wall Pir Sandwich Panel Fireproof Easy to Install Insulated Warehouse Container Houses Factory Apartment\"}]},{\"@type\":\"WebSite\",\"@id\":\"https:\/\/shunfa.themedemo.top\/#website\",\"url\":\"https:\/\/shunfa.themedemo.top\/\",\"name\":\"shunfa\",\"description\":\"\",\"publisher\":{\"@id\":\"https:\/\/shunfa.themedemo.top\/#organization\"},\"potentialAction\":[{\"@type\":\"SearchAction\",\"target\":{\"@type\":\"EntryPoint\",\"urlTemplate\":\"https:\/\/shunfa.themedemo.top\/?s={search_term_string}\"},\"query-input\":{\"@type\":\"PropertyValueSpecification\",\"valueRequired\":true,\"valueName\":\"search_term_string\"}}],\"inLanguage\":\"es\"},{\"@type\":\"Organization\",\"@id\":\"https:\/\/shunfa.themedemo.top\/#organization\",\"name\":\"shunfa\",\"url\":\"https:\/\/shunfa.themedemo.top\/\",\"logo\":{\"@type\":\"ImageObject\",\"inLanguage\":\"es\",\"@id\":\"https:\/\/shunfa.themedemo.top\/#\/schema\/logo\/image\/\",\"url\":\"https:\/\/shunfa.themedemo.top\/wp-content\/uploads\/2025\/12\/20251221034929f0109.png\",\"contentUrl\":\"https:\/\/shunfa.themedemo.top\/wp-content\/uploads\/2025\/12\/20251221034929f0109.png\",\"width\":286,\"height\":297,\"caption\":\"shunfa\"},\"image\":{\"@id\":\"https:\/\/shunfa.themedemo.top\/#\/schema\/logo\/image\/\"}}]}<\/script>\n<!-- \/ Yoast SEO plugin. -->","yoast_head_json":{"title":"Custom 50mm Sound Proof Wall Pir Sandwich Panel Fireproof Easy to Install Insulated Warehouse Container Houses Factory Apartment - shunfa","robots":{"index":"index","follow":"follow","max-snippet":"max-snippet:-1","max-image-preview":"max-image-preview:large","max-video-preview":"max-video-preview:-1"},"canonical":"https:\/\/shunfa.themedemo.top\/es\/producto\/custom-50mm-sound-proof-wall-pir-sandwich-panel-fireproof-easy-to-install-insulated-warehouse-container-houses-factory-apartment\/","og_locale":"es_ES","og_type":"article","og_title":"Custom 50mm Sound Proof Wall Pir Sandwich Panel Fireproof Easy to Install Insulated Warehouse Container Houses Factory Apartment - shunfa","og_description":"Soundproof, fireproof, environmentally friendly, high quality, customizable.Easy to install insulated warehouse container houses factory apartment.","og_url":"https:\/\/shunfa.themedemo.top\/es\/producto\/custom-50mm-sound-proof-wall-pir-sandwich-panel-fireproof-easy-to-install-insulated-warehouse-container-houses-factory-apartment\/","og_site_name":"shunfa","og_image":[{"width":1000,"height":1000,"url":"https:\/\/shunfa.themedemo.top\/wp-content\/uploads\/2025\/12\/20251229021530fb42d.png","type":"image\/png"}],"twitter_card":"summary_large_image","twitter_misc":{"Tiempo de lectura":"1 minuto"},"schema":{"@context":"https:\/\/schema.org","@graph":[{"@type":"WebPage","@id":"https:\/\/shunfa.themedemo.top\/product\/custom-50mm-sound-proof-wall-pir-sandwich-panel-fireproof-easy-to-install-insulated-warehouse-container-houses-factory-apartment\/","url":"https:\/\/shunfa.themedemo.top\/product\/custom-50mm-sound-proof-wall-pir-sandwich-panel-fireproof-easy-to-install-insulated-warehouse-container-houses-factory-apartment\/","name":"Custom 50mm Sound Proof Wall Pir Sandwich Panel Fireproof Easy to Install Insulated Warehouse Container Houses Factory Apartment - shunfa","isPartOf":{"@id":"https:\/\/shunfa.themedemo.top\/#website"},"primaryImageOfPage":{"@id":"https:\/\/shunfa.themedemo.top\/product\/custom-50mm-sound-proof-wall-pir-sandwich-panel-fireproof-easy-to-install-insulated-warehouse-container-houses-factory-apartment\/#primaryimage"},"image":{"@id":"https:\/\/shunfa.themedemo.top\/product\/custom-50mm-sound-proof-wall-pir-sandwich-panel-fireproof-easy-to-install-insulated-warehouse-container-houses-factory-apartment\/#primaryimage"},"thumbnailUrl":"https:\/\/shunfa.themedemo.top\/wp-content\/uploads\/2025\/12\/20251229021530fb42d.png","datePublished":"2025-12-29T02:24:42+00:00","breadcrumb":{"@id":"https:\/\/shunfa.themedemo.top\/product\/custom-50mm-sound-proof-wall-pir-sandwich-panel-fireproof-easy-to-install-insulated-warehouse-container-houses-factory-apartment\/#breadcrumb"},"inLanguage":"es","potentialAction":[{"@type":"ReadAction","target":["https:\/\/shunfa.themedemo.top\/product\/custom-50mm-sound-proof-wall-pir-sandwich-panel-fireproof-easy-to-install-insulated-warehouse-container-houses-factory-apartment\/"]}]},{"@type":"ImageObject","inLanguage":"es","@id":"https:\/\/shunfa.themedemo.top\/product\/custom-50mm-sound-proof-wall-pir-sandwich-panel-fireproof-easy-to-install-insulated-warehouse-container-houses-factory-apartment\/#primaryimage","url":"https:\/\/shunfa.themedemo.top\/wp-content\/uploads\/2025\/12\/20251229021530fb42d.png","contentUrl":"https:\/\/shunfa.themedemo.top\/wp-content\/uploads\/2025\/12\/20251229021530fb42d.png","width":1000,"height":1000},{"@type":"BreadcrumbList","@id":"https:\/\/shunfa.themedemo.top\/product\/custom-50mm-sound-proof-wall-pir-sandwich-panel-fireproof-easy-to-install-insulated-warehouse-container-houses-factory-apartment\/#breadcrumb","itemListElement":[{"@type":"ListItem","position":1,"name":"Home","item":"https:\/\/shunfa.themedemo.top\/"},{"@type":"ListItem","position":2,"name":"Products","item":"https:\/\/shunfa.themedemo.top\/products\/"},{"@type":"ListItem","position":3,"name":"Custom 50mm Sound Proof Wall Pir Sandwich Panel Fireproof Easy to Install Insulated Warehouse Container Houses Factory Apartment"}]},{"@type":"WebSite","@id":"https:\/\/shunfa.themedemo.top\/#website","url":"https:\/\/shunfa.themedemo.top\/","name":"shunfa","description":"","publisher":{"@id":"https:\/\/shunfa.themedemo.top\/#organization"},"potentialAction":[{"@type":"SearchAction","target":{"@type":"EntryPoint","urlTemplate":"https:\/\/shunfa.themedemo.top\/?s={search_term_string}"},"query-input":{"@type":"PropertyValueSpecification","valueRequired":true,"valueName":"search_term_string"}}],"inLanguage":"es"},{"@type":"Organization","@id":"https:\/\/shunfa.themedemo.top\/#organization","name":"shunfa","url":"https:\/\/shunfa.themedemo.top\/","logo":{"@type":"ImageObject","inLanguage":"es","@id":"https:\/\/shunfa.themedemo.top\/#\/schema\/logo\/image\/","url":"https:\/\/shunfa.themedemo.top\/wp-content\/uploads\/2025\/12\/20251221034929f0109.png","contentUrl":"https:\/\/shunfa.themedemo.top\/wp-content\/uploads\/2025\/12\/20251221034929f0109.png","width":286,"height":297,"caption":"shunfa"},"image":{"@id":"https:\/\/shunfa.themedemo.top\/#\/schema\/logo\/image\/"}}]}},"_links":{"self":[{"href":"https:\/\/shunfa.themedemo.top\/es\/wp-json\/wp\/v2\/product\/1090","targetHints":{"allow":["GET"]}}],"collection":[{"href":"https:\/\/shunfa.themedemo.top\/es\/wp-json\/wp\/v2\/product"}],"about":[{"href":"https:\/\/shunfa.themedemo.top\/es\/wp-json\/wp\/v2\/types\/product"}],"replies":[{"embeddable":true,"href":"https:\/\/shunfa.themedemo.top\/es\/wp-json\/wp\/v2\/comments?post=1090"}],"wp:featuredmedia":[{"embeddable":true,"href":"https:\/\/shunfa.themedemo.top\/es\/wp-json\/wp\/v2\/media\/1091"}],"wp:attachment":[{"href":"https:\/\/shunfa.themedemo.top\/es\/wp-json\/wp\/v2\/media?parent=1090"}],"wp:term":[{"taxonomy":"product_brand","embeddable":true,"href":"https:\/\/shunfa.themedemo.top\/es\/wp-json\/wp\/v2\/product_brand?post=1090"},{"taxonomy":"product_cat","embeddable":true,"href":"https:\/\/shunfa.themedemo.top\/es\/wp-json\/wp\/v2\/product_cat?post=1090"},{"taxonomy":"product_tag","embeddable":true,"href":"https:\/\/shunfa.themedemo.top\/es\/wp-json\/wp\/v2\/product_tag?post=1090"}],"curies":[{"name":"wp","href":"https:\/\/api.w.org\/{rel}","templated":true}]}}