{"id":1111,"date":"2025-12-29T04:31:10","date_gmt":"2025-12-29T04:31:10","guid":{"rendered":"https:\/\/shunfa.themedemo.top\/?post_type=product&#038;p=1111"},"modified":"2025-12-29T04:31:10","modified_gmt":"2025-12-29T04:31:10","slug":"modern-design-style-aluzinc-insulated-eps-cold-room-sandwich-panel-steel-for-warehouse-application-be-certificate-approved","status":"publish","type":"product","link":"https:\/\/shunfa.themedemo.top\/es\/producto\/modern-design-style-aluzinc-insulated-eps-cold-room-sandwich-panel-steel-for-warehouse-application-be-certificate-approved\/","title":{"rendered":"Panel s\u00e1ndwich de acero con aislamiento EPS para c\u00e1maras frigor\u00edficas, estilo de dise\u00f1o moderno, fabricado en aluzinc, para aplicaciones en almacenes, certificado BE aprobado."},"content":{"rendered":"<p><img decoding=\"async\" src=\"https:\/\/sc04.alicdn.com\/kf\/H7cf9ecd2e66f4a06901363015956e93dY\/239201413\/H7cf9ecd2e66f4a06901363015956e93dY.jpg\" \/><\/p>","protected":false},"excerpt":{"rendered":"<p>This is an EPS foam sandwich panel with multiple specifications available: widths of 950\/980\/1150mm, core thicknesses of 50\/75\/100\/150mm, metal sheet thickness of 0.3~0.6mm, and density of 8-20kg\/m\u00b3; the surface is pre-painted, with color options of red\/blue\/white or custom colors, and it also provides a 5-year service guarantee, suitable for various building applications.<\/p>","protected":false},"featured_media":1114,"comment_status":"open","ping_status":"closed","template":"","meta":[],"product_brand":[],"product_cat":[26],"product_tag":[],"class_list":{"0":"post-1111","1":"product","2":"type-product","3":"status-publish","4":"has-post-thumbnail","6":"product_cat-eps-sandwich-panel","8":"first","9":"instock","10":"shipping-taxable","11":"product-type-simple"},"yoast_head":"<!-- This site is optimized with the Yoast SEO plugin v26.7 - https:\/\/yoast.com\/wordpress\/plugins\/seo\/ -->\n<title>Modern Design Style Aluzinc Insulated EPS Cold Room Sandwich Panel Steel for Warehouse Application BE Certificate Approved - shunfa<\/title>\n<meta name=\"robots\" content=\"index, follow, max-snippet:-1, max-image-preview:large, max-video-preview:-1\" \/>\n<link rel=\"canonical\" href=\"https:\/\/shunfa.themedemo.top\/es\/producto\/modern-design-style-aluzinc-insulated-eps-cold-room-sandwich-panel-steel-for-warehouse-application-be-certificate-approved\/\" \/>\n<meta property=\"og:locale\" content=\"es_ES\" \/>\n<meta property=\"og:type\" content=\"article\" \/>\n<meta property=\"og:title\" content=\"Modern Design Style Aluzinc Insulated EPS Cold Room Sandwich Panel Steel for Warehouse Application BE Certificate Approved - shunfa\" \/>\n<meta property=\"og:description\" content=\"This is an EPS foam sandwich panel with multiple specifications available: widths of 950\/980\/1150mm, core thicknesses of 50\/75\/100\/150mm, metal sheet thickness of 0.3~0.6mm, and density of 8-20kg\/m\u00b3; the surface is pre-painted, with color options of red\/blue\/white or custom colors, and it also provides a 5-year service guarantee, suitable for various building applications.\" \/>\n<meta property=\"og:url\" content=\"https:\/\/shunfa.themedemo.top\/es\/producto\/modern-design-style-aluzinc-insulated-eps-cold-room-sandwich-panel-steel-for-warehouse-application-be-certificate-approved\/\" \/>\n<meta property=\"og:site_name\" content=\"shunfa\" \/>\n<meta property=\"og:image\" content=\"https:\/\/shunfa.themedemo.top\/wp-content\/uploads\/2025\/12\/202512290427383a21a.jpg\" \/>\n\t<meta property=\"og:image:width\" content=\"1024\" \/>\n\t<meta property=\"og:image:height\" content=\"1024\" \/>\n\t<meta property=\"og:image:type\" content=\"image\/jpeg\" \/>\n<meta name=\"twitter:card\" content=\"summary_large_image\" \/>\n<meta name=\"twitter:label1\" content=\"Tiempo de lectura\" \/>\n\t<meta name=\"twitter:data1\" content=\"1 minuto\" \/>\n<script type=\"application\/ld+json\" class=\"yoast-schema-graph\">{\"@context\":\"https:\/\/schema.org\",\"@graph\":[{\"@type\":\"WebPage\",\"@id\":\"https:\/\/shunfa.themedemo.top\/product\/modern-design-style-aluzinc-insulated-eps-cold-room-sandwich-panel-steel-for-warehouse-application-be-certificate-approved\/\",\"url\":\"https:\/\/shunfa.themedemo.top\/product\/modern-design-style-aluzinc-insulated-eps-cold-room-sandwich-panel-steel-for-warehouse-application-be-certificate-approved\/\",\"name\":\"Modern Design Style Aluzinc Insulated EPS Cold Room Sandwich Panel Steel for Warehouse Application BE Certificate Approved - shunfa\",\"isPartOf\":{\"@id\":\"https:\/\/shunfa.themedemo.top\/#website\"},\"primaryImageOfPage\":{\"@id\":\"https:\/\/shunfa.themedemo.top\/product\/modern-design-style-aluzinc-insulated-eps-cold-room-sandwich-panel-steel-for-warehouse-application-be-certificate-approved\/#primaryimage\"},\"image\":{\"@id\":\"https:\/\/shunfa.themedemo.top\/product\/modern-design-style-aluzinc-insulated-eps-cold-room-sandwich-panel-steel-for-warehouse-application-be-certificate-approved\/#primaryimage\"},\"thumbnailUrl\":\"https:\/\/shunfa.themedemo.top\/wp-content\/uploads\/2025\/12\/202512290427383a21a.jpg\",\"datePublished\":\"2025-12-29T04:31:10+00:00\",\"breadcrumb\":{\"@id\":\"https:\/\/shunfa.themedemo.top\/product\/modern-design-style-aluzinc-insulated-eps-cold-room-sandwich-panel-steel-for-warehouse-application-be-certificate-approved\/#breadcrumb\"},\"inLanguage\":\"es\",\"potentialAction\":[{\"@type\":\"ReadAction\",\"target\":[\"https:\/\/shunfa.themedemo.top\/product\/modern-design-style-aluzinc-insulated-eps-cold-room-sandwich-panel-steel-for-warehouse-application-be-certificate-approved\/\"]}]},{\"@type\":\"ImageObject\",\"inLanguage\":\"es\",\"@id\":\"https:\/\/shunfa.themedemo.top\/product\/modern-design-style-aluzinc-insulated-eps-cold-room-sandwich-panel-steel-for-warehouse-application-be-certificate-approved\/#primaryimage\",\"url\":\"https:\/\/shunfa.themedemo.top\/wp-content\/uploads\/2025\/12\/202512290427383a21a.jpg\",\"contentUrl\":\"https:\/\/shunfa.themedemo.top\/wp-content\/uploads\/2025\/12\/202512290427383a21a.jpg\",\"width\":1024,\"height\":1024},{\"@type\":\"BreadcrumbList\",\"@id\":\"https:\/\/shunfa.themedemo.top\/product\/modern-design-style-aluzinc-insulated-eps-cold-room-sandwich-panel-steel-for-warehouse-application-be-certificate-approved\/#breadcrumb\",\"itemListElement\":[{\"@type\":\"ListItem\",\"position\":1,\"name\":\"Home\",\"item\":\"https:\/\/shunfa.themedemo.top\/\"},{\"@type\":\"ListItem\",\"position\":2,\"name\":\"Products\",\"item\":\"https:\/\/shunfa.themedemo.top\/products\/\"},{\"@type\":\"ListItem\",\"position\":3,\"name\":\"Modern Design Style Aluzinc Insulated EPS Cold Room Sandwich Panel Steel for Warehouse Application BE Certificate Approved\"}]},{\"@type\":\"WebSite\",\"@id\":\"https:\/\/shunfa.themedemo.top\/#website\",\"url\":\"https:\/\/shunfa.themedemo.top\/\",\"name\":\"shunfa\",\"description\":\"\",\"publisher\":{\"@id\":\"https:\/\/shunfa.themedemo.top\/#organization\"},\"potentialAction\":[{\"@type\":\"SearchAction\",\"target\":{\"@type\":\"EntryPoint\",\"urlTemplate\":\"https:\/\/shunfa.themedemo.top\/?s={search_term_string}\"},\"query-input\":{\"@type\":\"PropertyValueSpecification\",\"valueRequired\":true,\"valueName\":\"search_term_string\"}}],\"inLanguage\":\"es\"},{\"@type\":\"Organization\",\"@id\":\"https:\/\/shunfa.themedemo.top\/#organization\",\"name\":\"shunfa\",\"url\":\"https:\/\/shunfa.themedemo.top\/\",\"logo\":{\"@type\":\"ImageObject\",\"inLanguage\":\"es\",\"@id\":\"https:\/\/shunfa.themedemo.top\/#\/schema\/logo\/image\/\",\"url\":\"https:\/\/shunfa.themedemo.top\/wp-content\/uploads\/2025\/12\/20251221034929f0109.png\",\"contentUrl\":\"https:\/\/shunfa.themedemo.top\/wp-content\/uploads\/2025\/12\/20251221034929f0109.png\",\"width\":286,\"height\":297,\"caption\":\"shunfa\"},\"image\":{\"@id\":\"https:\/\/shunfa.themedemo.top\/#\/schema\/logo\/image\/\"}}]}<\/script>\n<!-- \/ Yoast SEO plugin. -->","yoast_head_json":{"title":"Modern Design Style Aluzinc Insulated EPS Cold Room Sandwich Panel Steel for Warehouse Application BE Certificate Approved - shunfa","robots":{"index":"index","follow":"follow","max-snippet":"max-snippet:-1","max-image-preview":"max-image-preview:large","max-video-preview":"max-video-preview:-1"},"canonical":"https:\/\/shunfa.themedemo.top\/es\/producto\/modern-design-style-aluzinc-insulated-eps-cold-room-sandwich-panel-steel-for-warehouse-application-be-certificate-approved\/","og_locale":"es_ES","og_type":"article","og_title":"Modern Design Style Aluzinc Insulated EPS Cold Room Sandwich Panel Steel for Warehouse Application BE Certificate Approved - shunfa","og_description":"This is an EPS foam sandwich panel with multiple specifications available: widths of 950\/980\/1150mm, core thicknesses of 50\/75\/100\/150mm, metal sheet thickness of 0.3~0.6mm, and density of 8-20kg\/m\u00b3; the surface is pre-painted, with color options of red\/blue\/white or custom colors, and it also provides a 5-year service guarantee, suitable for various building applications.","og_url":"https:\/\/shunfa.themedemo.top\/es\/producto\/modern-design-style-aluzinc-insulated-eps-cold-room-sandwich-panel-steel-for-warehouse-application-be-certificate-approved\/","og_site_name":"shunfa","og_image":[{"width":1024,"height":1024,"url":"https:\/\/shunfa.themedemo.top\/wp-content\/uploads\/2025\/12\/202512290427383a21a.jpg","type":"image\/jpeg"}],"twitter_card":"summary_large_image","twitter_misc":{"Tiempo de lectura":"1 minuto"},"schema":{"@context":"https:\/\/schema.org","@graph":[{"@type":"WebPage","@id":"https:\/\/shunfa.themedemo.top\/product\/modern-design-style-aluzinc-insulated-eps-cold-room-sandwich-panel-steel-for-warehouse-application-be-certificate-approved\/","url":"https:\/\/shunfa.themedemo.top\/product\/modern-design-style-aluzinc-insulated-eps-cold-room-sandwich-panel-steel-for-warehouse-application-be-certificate-approved\/","name":"Modern Design Style Aluzinc Insulated EPS Cold Room Sandwich Panel Steel for Warehouse Application BE Certificate Approved - shunfa","isPartOf":{"@id":"https:\/\/shunfa.themedemo.top\/#website"},"primaryImageOfPage":{"@id":"https:\/\/shunfa.themedemo.top\/product\/modern-design-style-aluzinc-insulated-eps-cold-room-sandwich-panel-steel-for-warehouse-application-be-certificate-approved\/#primaryimage"},"image":{"@id":"https:\/\/shunfa.themedemo.top\/product\/modern-design-style-aluzinc-insulated-eps-cold-room-sandwich-panel-steel-for-warehouse-application-be-certificate-approved\/#primaryimage"},"thumbnailUrl":"https:\/\/shunfa.themedemo.top\/wp-content\/uploads\/2025\/12\/202512290427383a21a.jpg","datePublished":"2025-12-29T04:31:10+00:00","breadcrumb":{"@id":"https:\/\/shunfa.themedemo.top\/product\/modern-design-style-aluzinc-insulated-eps-cold-room-sandwich-panel-steel-for-warehouse-application-be-certificate-approved\/#breadcrumb"},"inLanguage":"es","potentialAction":[{"@type":"ReadAction","target":["https:\/\/shunfa.themedemo.top\/product\/modern-design-style-aluzinc-insulated-eps-cold-room-sandwich-panel-steel-for-warehouse-application-be-certificate-approved\/"]}]},{"@type":"ImageObject","inLanguage":"es","@id":"https:\/\/shunfa.themedemo.top\/product\/modern-design-style-aluzinc-insulated-eps-cold-room-sandwich-panel-steel-for-warehouse-application-be-certificate-approved\/#primaryimage","url":"https:\/\/shunfa.themedemo.top\/wp-content\/uploads\/2025\/12\/202512290427383a21a.jpg","contentUrl":"https:\/\/shunfa.themedemo.top\/wp-content\/uploads\/2025\/12\/202512290427383a21a.jpg","width":1024,"height":1024},{"@type":"BreadcrumbList","@id":"https:\/\/shunfa.themedemo.top\/product\/modern-design-style-aluzinc-insulated-eps-cold-room-sandwich-panel-steel-for-warehouse-application-be-certificate-approved\/#breadcrumb","itemListElement":[{"@type":"ListItem","position":1,"name":"Home","item":"https:\/\/shunfa.themedemo.top\/"},{"@type":"ListItem","position":2,"name":"Products","item":"https:\/\/shunfa.themedemo.top\/products\/"},{"@type":"ListItem","position":3,"name":"Modern Design Style Aluzinc Insulated EPS Cold Room Sandwich Panel Steel for Warehouse Application BE Certificate Approved"}]},{"@type":"WebSite","@id":"https:\/\/shunfa.themedemo.top\/#website","url":"https:\/\/shunfa.themedemo.top\/","name":"shunfa","description":"","publisher":{"@id":"https:\/\/shunfa.themedemo.top\/#organization"},"potentialAction":[{"@type":"SearchAction","target":{"@type":"EntryPoint","urlTemplate":"https:\/\/shunfa.themedemo.top\/?s={search_term_string}"},"query-input":{"@type":"PropertyValueSpecification","valueRequired":true,"valueName":"search_term_string"}}],"inLanguage":"es"},{"@type":"Organization","@id":"https:\/\/shunfa.themedemo.top\/#organization","name":"shunfa","url":"https:\/\/shunfa.themedemo.top\/","logo":{"@type":"ImageObject","inLanguage":"es","@id":"https:\/\/shunfa.themedemo.top\/#\/schema\/logo\/image\/","url":"https:\/\/shunfa.themedemo.top\/wp-content\/uploads\/2025\/12\/20251221034929f0109.png","contentUrl":"https:\/\/shunfa.themedemo.top\/wp-content\/uploads\/2025\/12\/20251221034929f0109.png","width":286,"height":297,"caption":"shunfa"},"image":{"@id":"https:\/\/shunfa.themedemo.top\/#\/schema\/logo\/image\/"}}]}},"_links":{"self":[{"href":"https:\/\/shunfa.themedemo.top\/es\/wp-json\/wp\/v2\/product\/1111","targetHints":{"allow":["GET"]}}],"collection":[{"href":"https:\/\/shunfa.themedemo.top\/es\/wp-json\/wp\/v2\/product"}],"about":[{"href":"https:\/\/shunfa.themedemo.top\/es\/wp-json\/wp\/v2\/types\/product"}],"replies":[{"embeddable":true,"href":"https:\/\/shunfa.themedemo.top\/es\/wp-json\/wp\/v2\/comments?post=1111"}],"wp:featuredmedia":[{"embeddable":true,"href":"https:\/\/shunfa.themedemo.top\/es\/wp-json\/wp\/v2\/media\/1114"}],"wp:attachment":[{"href":"https:\/\/shunfa.themedemo.top\/es\/wp-json\/wp\/v2\/media?parent=1111"}],"wp:term":[{"taxonomy":"product_brand","embeddable":true,"href":"https:\/\/shunfa.themedemo.top\/es\/wp-json\/wp\/v2\/product_brand?post=1111"},{"taxonomy":"product_cat","embeddable":true,"href":"https:\/\/shunfa.themedemo.top\/es\/wp-json\/wp\/v2\/product_cat?post=1111"},{"taxonomy":"product_tag","embeddable":true,"href":"https:\/\/shunfa.themedemo.top\/es\/wp-json\/wp\/v2\/product_tag?post=1111"}],"curies":[{"name":"wp","href":"https:\/\/api.w.org\/{rel}","templated":true}]}}