{"id":1232,"date":"2026-01-02T06:59:24","date_gmt":"2026-01-02T06:59:24","guid":{"rendered":"https:\/\/shunfa.themedemo.top\/?post_type=product&#038;p=1232"},"modified":"2026-01-15T08:05:59","modified_gmt":"2026-01-15T08:05:59","slug":"50mm-lana-de-roca-techo-de-panel-sandwich-de-pared-facil-de-instalar-casas-aisladas-contenedor-de-almacen","status":"publish","type":"product","link":"https:\/\/shunfa.themedemo.top\/es\/producto\/50mm-lana-de-roca-techo-de-panel-sandwich-de-pared-facil-de-instalar-casas-aisladas-contenedor-de-almacen\/","title":{"rendered":"Panel s\u00e1ndwich de lana de roca de 50 mm para techo. F\u00e1cil de instalar. Casas contenedor con aislamiento para almacenes."},"content":{"rendered":"<p>Panel s\u00e1ndwich de lana de roca Espesor:<br \/>\nTecho:40mm\/50mm\/75mm etc.<br \/>\nPared:25mm\/50mm\/75mm etc.<\/p>\n<p>Anchura:<br \/>\nTecho:950mm\/980mm<br \/>\nPared:950mm\/1150mm<\/p>\n<p>Densidad:<br \/>\n12kg\/m\u00b3,14kg\/m\u00b3,16kg\/m\u00b3,18kg\/m\u00b3,etc.<\/p>","protected":false},"excerpt":{"rendered":"<div class=\"id-text-black-222 id-font-inter id-text-sm id-leading-5 id-font-normal id-flex\" data-testid=\"product-detail-text-sort\" data-spm-anchor-id=\"a2700.details.0.i113.74602f23oJipSs\"><span class=\"id-ml-2 id-whitespace-pre-line\">Pared interior y exterior insonorizada: Reduce el ruido para espacios de vida tranquilos.<\/span><\/div>\n<div class=\"id-text-black-222 id-font-inter id-text-sm id-leading-5 id-font-normal id-flex\" data-testid=\"product-detail-text-sort\">\n<div class=\"id-w-1 id-h-1 id-rounded-full id-bg-[#000000D9] id-flex-shrink-0 id-flex-grow-0 id-mt-[8px]\">\u00a0<\/div>\n<p><span class=\"id-ml-2 id-whitespace-pre-line\">Aislamiento de lana de roca: Mejora la eficiencia t\u00e9rmica y el ahorro energ\u00e9tico.<\/span><\/div>\n<div class=\"id-text-black-222 id-font-inter id-text-sm id-leading-5 id-font-normal id-flex\" data-testid=\"product-detail-text-sort\">\n<div class=\"id-w-1 id-h-1 id-rounded-full id-bg-[#000000D9] id-flex-shrink-0 id-flex-grow-0 id-mt-[8px]\">\u00a0<\/div>\n<p><span class=\"id-ml-2 id-whitespace-pre-line\">F\u00e1cil instalaci\u00f3n: Simplifica la configuraci\u00f3n para una implantaci\u00f3n r\u00e1pida y eficaz.<\/span><\/div>\n<div class=\"id-text-black-222 id-font-inter id-text-sm id-leading-5 id-font-normal id-flex\" data-testid=\"product-detail-text-sort\">\n<div class=\"id-w-1 id-h-1 id-rounded-full id-bg-[#000000D9] id-flex-shrink-0 id-flex-grow-0 id-mt-[8px]\">\u00a0<\/div>\n<p><span class=\"id-ml-2 id-whitespace-pre-line\" data-spm-anchor-id=\"a2700.details.0.i114.74602f23oJipSs\">Eps lana de roca pir pu\/pur poliuretano techo pared panel s\u00e1ndwich material de construcci\u00f3n ac\u00fastico espuma azulejos construcci\u00f3n chapa aluminio compuesto tableros aislados a prueba de sonido sip impermeable B1 ign\u00edfugo aislamiento eco amigable 20ft 40ft contenedor interior y exterior c\u00e1mara fr\u00eda almac\u00e9n f\u00e1brica 30mm 40mm 50mm 70mm 80mm<\/span><\/div>","protected":false},"featured_media":1225,"comment_status":"open","ping_status":"closed","template":"","meta":[],"product_brand":[],"product_cat":[27],"product_tag":[],"class_list":{"0":"post-1232","1":"product","2":"type-product","3":"status-publish","4":"has-post-thumbnail","6":"product_cat-rock-wool-sandwich-panel","8":"first","9":"instock","10":"featured","11":"shipping-taxable","12":"product-type-simple"},"yoast_head":"<!-- This site is optimized with the Yoast SEO plugin v26.7 - https:\/\/yoast.com\/wordpress\/plugins\/seo\/ -->\n<title>50mm Rock Wool Roof Sandwich Panel Wall Easy to Install Insulated Warehouse Container Houses - shunfa<\/title>\n<meta name=\"robots\" content=\"index, follow, max-snippet:-1, max-image-preview:large, max-video-preview:-1\" \/>\n<link rel=\"canonical\" href=\"https:\/\/shunfa.themedemo.top\/es\/producto\/50mm-lana-de-roca-techo-de-panel-sandwich-de-pared-facil-de-instalar-casas-aisladas-contenedor-de-almacen\/\" \/>\n<meta property=\"og:locale\" content=\"es_ES\" \/>\n<meta property=\"og:type\" content=\"article\" \/>\n<meta property=\"og:title\" content=\"50mm Rock Wool Roof Sandwich Panel Wall Easy to Install Insulated Warehouse Container Houses - shunfa\" \/>\n<meta property=\"og:description\" content=\"Sound Proof Interior and Exterior Wall: Reduces noise for peaceful living spaces.  \u00a0 Rock Wool Insulation: Enhances thermal efficiency and energy savings.  \u00a0 Easy Installation: Simplifies setup for quick and efficient deployment.  \u00a0 Eps rock wool pir pu\/pur polyurethane roof wall sandwich panel acoustic building material foam tiles construction sheet metal aluminum composite boards insulated sound proof sip waterproof B1 fireproof insulation eco friendly 20ft 40ft container interior and exterior cold room warehouse factory 30mm 40mm 50mm 70mm 80mm\" \/>\n<meta property=\"og:url\" content=\"https:\/\/shunfa.themedemo.top\/es\/producto\/50mm-lana-de-roca-techo-de-panel-sandwich-de-pared-facil-de-instalar-casas-aisladas-contenedor-de-almacen\/\" \/>\n<meta property=\"og:site_name\" content=\"shunfa\" \/>\n<meta property=\"article:modified_time\" content=\"2026-01-15T08:05:59+00:00\" \/>\n<meta property=\"og:image\" content=\"https:\/\/shunfa.themedemo.top\/wp-content\/uploads\/2026\/01\/20260102065202eabdd.png\" \/>\n\t<meta property=\"og:image:width\" content=\"1000\" \/>\n\t<meta property=\"og:image:height\" content=\"1000\" \/>\n\t<meta property=\"og:image:type\" content=\"image\/png\" \/>\n<meta name=\"twitter:card\" content=\"summary_large_image\" \/>\n<meta name=\"twitter:label1\" content=\"Tiempo de lectura\" \/>\n\t<meta name=\"twitter:data1\" content=\"1 minuto\" \/>\n<script type=\"application\/ld+json\" class=\"yoast-schema-graph\">{\"@context\":\"https:\/\/schema.org\",\"@graph\":[{\"@type\":\"WebPage\",\"@id\":\"https:\/\/shunfa.themedemo.top\/product\/50mm-rock-wool-roof-sandwich-panel-wall-easy-to-install-insulated-warehouse-container-houses\/\",\"url\":\"https:\/\/shunfa.themedemo.top\/product\/50mm-rock-wool-roof-sandwich-panel-wall-easy-to-install-insulated-warehouse-container-houses\/\",\"name\":\"50mm Rock Wool Roof Sandwich Panel Wall Easy to Install Insulated Warehouse Container Houses - shunfa\",\"isPartOf\":{\"@id\":\"https:\/\/shunfa.themedemo.top\/#website\"},\"primaryImageOfPage\":{\"@id\":\"https:\/\/shunfa.themedemo.top\/product\/50mm-rock-wool-roof-sandwich-panel-wall-easy-to-install-insulated-warehouse-container-houses\/#primaryimage\"},\"image\":{\"@id\":\"https:\/\/shunfa.themedemo.top\/product\/50mm-rock-wool-roof-sandwich-panel-wall-easy-to-install-insulated-warehouse-container-houses\/#primaryimage\"},\"thumbnailUrl\":\"https:\/\/shunfa.themedemo.top\/wp-content\/uploads\/2026\/01\/20260102065202eabdd.png\",\"datePublished\":\"2026-01-02T06:59:24+00:00\",\"dateModified\":\"2026-01-15T08:05:59+00:00\",\"breadcrumb\":{\"@id\":\"https:\/\/shunfa.themedemo.top\/product\/50mm-rock-wool-roof-sandwich-panel-wall-easy-to-install-insulated-warehouse-container-houses\/#breadcrumb\"},\"inLanguage\":\"es\",\"potentialAction\":[{\"@type\":\"ReadAction\",\"target\":[\"https:\/\/shunfa.themedemo.top\/product\/50mm-rock-wool-roof-sandwich-panel-wall-easy-to-install-insulated-warehouse-container-houses\/\"]}]},{\"@type\":\"ImageObject\",\"inLanguage\":\"es\",\"@id\":\"https:\/\/shunfa.themedemo.top\/product\/50mm-rock-wool-roof-sandwich-panel-wall-easy-to-install-insulated-warehouse-container-houses\/#primaryimage\",\"url\":\"https:\/\/shunfa.themedemo.top\/wp-content\/uploads\/2026\/01\/20260102065202eabdd.png\",\"contentUrl\":\"https:\/\/shunfa.themedemo.top\/wp-content\/uploads\/2026\/01\/20260102065202eabdd.png\",\"width\":1000,\"height\":1000},{\"@type\":\"BreadcrumbList\",\"@id\":\"https:\/\/shunfa.themedemo.top\/product\/50mm-rock-wool-roof-sandwich-panel-wall-easy-to-install-insulated-warehouse-container-houses\/#breadcrumb\",\"itemListElement\":[{\"@type\":\"ListItem\",\"position\":1,\"name\":\"Home\",\"item\":\"https:\/\/shunfa.themedemo.top\/\"},{\"@type\":\"ListItem\",\"position\":2,\"name\":\"Products\",\"item\":\"https:\/\/shunfa.themedemo.top\/products\/\"},{\"@type\":\"ListItem\",\"position\":3,\"name\":\"50mm Rock Wool Roof Sandwich Panel Wall Easy to Install Insulated Warehouse Container Houses\"}]},{\"@type\":\"WebSite\",\"@id\":\"https:\/\/shunfa.themedemo.top\/#website\",\"url\":\"https:\/\/shunfa.themedemo.top\/\",\"name\":\"shunfa\",\"description\":\"\",\"publisher\":{\"@id\":\"https:\/\/shunfa.themedemo.top\/#organization\"},\"potentialAction\":[{\"@type\":\"SearchAction\",\"target\":{\"@type\":\"EntryPoint\",\"urlTemplate\":\"https:\/\/shunfa.themedemo.top\/?s={search_term_string}\"},\"query-input\":{\"@type\":\"PropertyValueSpecification\",\"valueRequired\":true,\"valueName\":\"search_term_string\"}}],\"inLanguage\":\"es\"},{\"@type\":\"Organization\",\"@id\":\"https:\/\/shunfa.themedemo.top\/#organization\",\"name\":\"shunfa\",\"url\":\"https:\/\/shunfa.themedemo.top\/\",\"logo\":{\"@type\":\"ImageObject\",\"inLanguage\":\"es\",\"@id\":\"https:\/\/shunfa.themedemo.top\/#\/schema\/logo\/image\/\",\"url\":\"https:\/\/shunfa.themedemo.top\/wp-content\/uploads\/2025\/12\/20251221034929f0109.png\",\"contentUrl\":\"https:\/\/shunfa.themedemo.top\/wp-content\/uploads\/2025\/12\/20251221034929f0109.png\",\"width\":286,\"height\":297,\"caption\":\"shunfa\"},\"image\":{\"@id\":\"https:\/\/shunfa.themedemo.top\/#\/schema\/logo\/image\/\"}}]}<\/script>\n<!-- \/ Yoast SEO plugin. -->","yoast_head_json":{"title":"Techo de lana de roca de 50 mm Pared de panel s\u00e1ndwich F\u00e1cil de instalar Casas aisladas de contenedores de almac\u00e9n - shunfa","robots":{"index":"index","follow":"follow","max-snippet":"max-snippet:-1","max-image-preview":"max-image-preview:large","max-video-preview":"max-video-preview:-1"},"canonical":"https:\/\/shunfa.themedemo.top\/es\/producto\/50mm-lana-de-roca-techo-de-panel-sandwich-de-pared-facil-de-instalar-casas-aisladas-contenedor-de-almacen\/","og_locale":"es_ES","og_type":"article","og_title":"50mm Rock Wool Roof Sandwich Panel Wall Easy to Install Insulated Warehouse Container Houses - shunfa","og_description":"Sound Proof Interior and Exterior Wall: Reduces noise for peaceful living spaces.  \u00a0 Rock Wool Insulation: Enhances thermal efficiency and energy savings.  \u00a0 Easy Installation: Simplifies setup for quick and efficient deployment.  \u00a0 Eps rock wool pir pu\/pur polyurethane roof wall sandwich panel acoustic building material foam tiles construction sheet metal aluminum composite boards insulated sound proof sip waterproof B1 fireproof insulation eco friendly 20ft 40ft container interior and exterior cold room warehouse factory 30mm 40mm 50mm 70mm 80mm","og_url":"https:\/\/shunfa.themedemo.top\/es\/producto\/50mm-lana-de-roca-techo-de-panel-sandwich-de-pared-facil-de-instalar-casas-aisladas-contenedor-de-almacen\/","og_site_name":"shunfa","article_modified_time":"2026-01-15T08:05:59+00:00","og_image":[{"width":1000,"height":1000,"url":"https:\/\/shunfa.themedemo.top\/wp-content\/uploads\/2026\/01\/20260102065202eabdd.png","type":"image\/png"}],"twitter_card":"summary_large_image","twitter_misc":{"Tiempo de lectura":"1 minuto"},"schema":{"@context":"https:\/\/schema.org","@graph":[{"@type":"WebPage","@id":"https:\/\/shunfa.themedemo.top\/product\/50mm-rock-wool-roof-sandwich-panel-wall-easy-to-install-insulated-warehouse-container-houses\/","url":"https:\/\/shunfa.themedemo.top\/product\/50mm-rock-wool-roof-sandwich-panel-wall-easy-to-install-insulated-warehouse-container-houses\/","name":"Techo de lana de roca de 50 mm Pared de panel s\u00e1ndwich F\u00e1cil de instalar Casas aisladas de contenedores de almac\u00e9n - shunfa","isPartOf":{"@id":"https:\/\/shunfa.themedemo.top\/#website"},"primaryImageOfPage":{"@id":"https:\/\/shunfa.themedemo.top\/product\/50mm-rock-wool-roof-sandwich-panel-wall-easy-to-install-insulated-warehouse-container-houses\/#primaryimage"},"image":{"@id":"https:\/\/shunfa.themedemo.top\/product\/50mm-rock-wool-roof-sandwich-panel-wall-easy-to-install-insulated-warehouse-container-houses\/#primaryimage"},"thumbnailUrl":"https:\/\/shunfa.themedemo.top\/wp-content\/uploads\/2026\/01\/20260102065202eabdd.png","datePublished":"2026-01-02T06:59:24+00:00","dateModified":"2026-01-15T08:05:59+00:00","breadcrumb":{"@id":"https:\/\/shunfa.themedemo.top\/product\/50mm-rock-wool-roof-sandwich-panel-wall-easy-to-install-insulated-warehouse-container-houses\/#breadcrumb"},"inLanguage":"es","potentialAction":[{"@type":"ReadAction","target":["https:\/\/shunfa.themedemo.top\/product\/50mm-rock-wool-roof-sandwich-panel-wall-easy-to-install-insulated-warehouse-container-houses\/"]}]},{"@type":"ImageObject","inLanguage":"es","@id":"https:\/\/shunfa.themedemo.top\/product\/50mm-rock-wool-roof-sandwich-panel-wall-easy-to-install-insulated-warehouse-container-houses\/#primaryimage","url":"https:\/\/shunfa.themedemo.top\/wp-content\/uploads\/2026\/01\/20260102065202eabdd.png","contentUrl":"https:\/\/shunfa.themedemo.top\/wp-content\/uploads\/2026\/01\/20260102065202eabdd.png","width":1000,"height":1000},{"@type":"BreadcrumbList","@id":"https:\/\/shunfa.themedemo.top\/product\/50mm-rock-wool-roof-sandwich-panel-wall-easy-to-install-insulated-warehouse-container-houses\/#breadcrumb","itemListElement":[{"@type":"ListItem","position":1,"name":"Home","item":"https:\/\/shunfa.themedemo.top\/"},{"@type":"ListItem","position":2,"name":"Products","item":"https:\/\/shunfa.themedemo.top\/products\/"},{"@type":"ListItem","position":3,"name":"50mm Rock Wool Roof Sandwich Panel Wall Easy to Install Insulated Warehouse Container Houses"}]},{"@type":"WebSite","@id":"https:\/\/shunfa.themedemo.top\/#website","url":"https:\/\/shunfa.themedemo.top\/","name":"shunfa","description":"","publisher":{"@id":"https:\/\/shunfa.themedemo.top\/#organization"},"potentialAction":[{"@type":"SearchAction","target":{"@type":"EntryPoint","urlTemplate":"https:\/\/shunfa.themedemo.top\/?s={search_term_string}"},"query-input":{"@type":"PropertyValueSpecification","valueRequired":true,"valueName":"search_term_string"}}],"inLanguage":"es"},{"@type":"Organization","@id":"https:\/\/shunfa.themedemo.top\/#organization","name":"shunfa","url":"https:\/\/shunfa.themedemo.top\/","logo":{"@type":"ImageObject","inLanguage":"es","@id":"https:\/\/shunfa.themedemo.top\/#\/schema\/logo\/image\/","url":"https:\/\/shunfa.themedemo.top\/wp-content\/uploads\/2025\/12\/20251221034929f0109.png","contentUrl":"https:\/\/shunfa.themedemo.top\/wp-content\/uploads\/2025\/12\/20251221034929f0109.png","width":286,"height":297,"caption":"shunfa"},"image":{"@id":"https:\/\/shunfa.themedemo.top\/#\/schema\/logo\/image\/"}}]}},"_links":{"self":[{"href":"https:\/\/shunfa.themedemo.top\/es\/wp-json\/wp\/v2\/product\/1232","targetHints":{"allow":["GET"]}}],"collection":[{"href":"https:\/\/shunfa.themedemo.top\/es\/wp-json\/wp\/v2\/product"}],"about":[{"href":"https:\/\/shunfa.themedemo.top\/es\/wp-json\/wp\/v2\/types\/product"}],"replies":[{"embeddable":true,"href":"https:\/\/shunfa.themedemo.top\/es\/wp-json\/wp\/v2\/comments?post=1232"}],"wp:featuredmedia":[{"embeddable":true,"href":"https:\/\/shunfa.themedemo.top\/es\/wp-json\/wp\/v2\/media\/1225"}],"wp:attachment":[{"href":"https:\/\/shunfa.themedemo.top\/es\/wp-json\/wp\/v2\/media?parent=1232"}],"wp:term":[{"taxonomy":"product_brand","embeddable":true,"href":"https:\/\/shunfa.themedemo.top\/es\/wp-json\/wp\/v2\/product_brand?post=1232"},{"taxonomy":"product_cat","embeddable":true,"href":"https:\/\/shunfa.themedemo.top\/es\/wp-json\/wp\/v2\/product_cat?post=1232"},{"taxonomy":"product_tag","embeddable":true,"href":"https:\/\/shunfa.themedemo.top\/es\/wp-json\/wp\/v2\/product_tag?post=1232"}],"curies":[{"name":"wp","href":"https:\/\/api.w.org\/{rel}","templated":true}]}}