{"id":1054,"date":"2025-12-28T10:15:00","date_gmt":"2025-12-28T10:15:00","guid":{"rendered":"https:\/\/shunfa.themedemo.top\/?post_type=product&#038;p=1054"},"modified":"2025-12-28T10:15:00","modified_gmt":"2025-12-28T10:15:00","slug":"panneau-sandwich-de-toiture-isole-50mm-eps","status":"publish","type":"product","link":"https:\/\/shunfa.themedemo.top\/fr\/produit\/panneau-sandwich-de-toiture-isole-50mm-eps\/","title":{"rendered":"Panneau sandwich de toiture isol\u00e9 en EPS 50mm"},"content":{"rendered":"<p>Panneau sandwich EPS \u00c9paisseur :<br \/>\nToit : 40mm\/50mm\/75mm etc.<br \/>\nParoi : 25mm\/50mm\/75mm etc.<\/p>\n<p>Largeur :<br \/>\nToit : 950mm\/980mm<br \/>\nMur : 950mm\/1150mm<\/p>\n<p>Densit\u00e9 :<br \/>\n12kg\/m\u00b3, 14kg\/m\u00b3, 16kg\/m\u00b3, 18kg\/m\u00b3, etc.<\/p>","protected":false},"excerpt":{"rendered":"<p>Les panneaux sandwichs en EPS conviennent \u00e0 la construction d'appartements, d'entrep\u00f4ts et d'usines. L'\u00e9paisseur de la plaque d'acier et l'\u00e9paisseur du PSE peuvent \u00eatre personnalis\u00e9es. Le PSE offre un prix plus bas tout en assurant la r\u00e9sistance au feu, l'\u00e9tanch\u00e9it\u00e9, l'isolation acoustique et la r\u00e9sistance au vent. Contactez-nous pour des solutions personnalis\u00e9es.<\/p>","protected":false},"featured_media":1055,"comment_status":"open","ping_status":"closed","template":"","meta":[],"product_brand":[],"product_cat":[26],"product_tag":[],"class_list":{"0":"post-1054","1":"product","2":"type-product","3":"status-publish","4":"has-post-thumbnail","6":"product_cat-eps-sandwich-panel","8":"first","9":"instock","10":"shipping-taxable","11":"product-type-simple"},"yoast_head":"<!-- This site is optimized with the Yoast SEO plugin v26.7 - https:\/\/yoast.com\/wordpress\/plugins\/seo\/ -->\n<title>Insulated 50mm EPS Roof Sandwich Panel - shunfa<\/title>\n<meta name=\"robots\" content=\"index, follow, max-snippet:-1, max-image-preview:large, max-video-preview:-1\" \/>\n<link rel=\"canonical\" href=\"https:\/\/shunfa.themedemo.top\/fr\/produit\/panneau-sandwich-de-toiture-isole-50mm-eps\/\" \/>\n<meta property=\"og:locale\" content=\"fr_FR\" \/>\n<meta property=\"og:type\" content=\"article\" \/>\n<meta property=\"og:title\" content=\"Insulated 50mm EPS Roof Sandwich Panel - shunfa\" \/>\n<meta property=\"og:description\" content=\"EPS sandwich panels are suitable for constructing apartments, warehouses, and factories. Both the steel plate thickness and EPS thickness can be customized. EPS offers a lower price point while providing fire resistance, waterproofing, sound insulation, and wind resistance. Contact us for custom solutions.\" \/>\n<meta property=\"og:url\" content=\"https:\/\/shunfa.themedemo.top\/fr\/produit\/panneau-sandwich-de-toiture-isole-50mm-eps\/\" \/>\n<meta property=\"og:site_name\" content=\"shunfa\" \/>\n<meta property=\"og:image\" content=\"https:\/\/shunfa.themedemo.top\/wp-content\/uploads\/2025\/12\/20251228100438a591b.png\" \/>\n\t<meta property=\"og:image:width\" content=\"1000\" \/>\n\t<meta property=\"og:image:height\" content=\"1000\" \/>\n\t<meta property=\"og:image:type\" content=\"image\/png\" \/>\n<meta name=\"twitter:card\" content=\"summary_large_image\" \/>\n<meta name=\"twitter:label1\" content=\"Dur\u00e9e de lecture estim\u00e9e\" \/>\n\t<meta name=\"twitter:data1\" content=\"1 minute\" \/>\n<script type=\"application\/ld+json\" class=\"yoast-schema-graph\">{\"@context\":\"https:\/\/schema.org\",\"@graph\":[{\"@type\":\"WebPage\",\"@id\":\"https:\/\/shunfa.themedemo.top\/product\/insulated-50mm-eps-roof-sandwich-panel\/\",\"url\":\"https:\/\/shunfa.themedemo.top\/product\/insulated-50mm-eps-roof-sandwich-panel\/\",\"name\":\"Insulated 50mm EPS Roof Sandwich Panel - shunfa\",\"isPartOf\":{\"@id\":\"https:\/\/shunfa.themedemo.top\/#website\"},\"primaryImageOfPage\":{\"@id\":\"https:\/\/shunfa.themedemo.top\/product\/insulated-50mm-eps-roof-sandwich-panel\/#primaryimage\"},\"image\":{\"@id\":\"https:\/\/shunfa.themedemo.top\/product\/insulated-50mm-eps-roof-sandwich-panel\/#primaryimage\"},\"thumbnailUrl\":\"https:\/\/shunfa.themedemo.top\/wp-content\/uploads\/2025\/12\/20251228100438a591b.png\",\"datePublished\":\"2025-12-28T10:15:00+00:00\",\"breadcrumb\":{\"@id\":\"https:\/\/shunfa.themedemo.top\/product\/insulated-50mm-eps-roof-sandwich-panel\/#breadcrumb\"},\"inLanguage\":\"fr-FR\",\"potentialAction\":[{\"@type\":\"ReadAction\",\"target\":[\"https:\/\/shunfa.themedemo.top\/product\/insulated-50mm-eps-roof-sandwich-panel\/\"]}]},{\"@type\":\"ImageObject\",\"inLanguage\":\"fr-FR\",\"@id\":\"https:\/\/shunfa.themedemo.top\/product\/insulated-50mm-eps-roof-sandwich-panel\/#primaryimage\",\"url\":\"https:\/\/shunfa.themedemo.top\/wp-content\/uploads\/2025\/12\/20251228100438a591b.png\",\"contentUrl\":\"https:\/\/shunfa.themedemo.top\/wp-content\/uploads\/2025\/12\/20251228100438a591b.png\",\"width\":1000,\"height\":1000},{\"@type\":\"BreadcrumbList\",\"@id\":\"https:\/\/shunfa.themedemo.top\/product\/insulated-50mm-eps-roof-sandwich-panel\/#breadcrumb\",\"itemListElement\":[{\"@type\":\"ListItem\",\"position\":1,\"name\":\"Home\",\"item\":\"https:\/\/shunfa.themedemo.top\/\"},{\"@type\":\"ListItem\",\"position\":2,\"name\":\"Products\",\"item\":\"https:\/\/shunfa.themedemo.top\/products\/\"},{\"@type\":\"ListItem\",\"position\":3,\"name\":\"Insulated 50mm EPS Roof Sandwich Panel\"}]},{\"@type\":\"WebSite\",\"@id\":\"https:\/\/shunfa.themedemo.top\/#website\",\"url\":\"https:\/\/shunfa.themedemo.top\/\",\"name\":\"shunfa\",\"description\":\"\",\"publisher\":{\"@id\":\"https:\/\/shunfa.themedemo.top\/#organization\"},\"potentialAction\":[{\"@type\":\"SearchAction\",\"target\":{\"@type\":\"EntryPoint\",\"urlTemplate\":\"https:\/\/shunfa.themedemo.top\/?s={search_term_string}\"},\"query-input\":{\"@type\":\"PropertyValueSpecification\",\"valueRequired\":true,\"valueName\":\"search_term_string\"}}],\"inLanguage\":\"fr-FR\"},{\"@type\":\"Organization\",\"@id\":\"https:\/\/shunfa.themedemo.top\/#organization\",\"name\":\"shunfa\",\"url\":\"https:\/\/shunfa.themedemo.top\/\",\"logo\":{\"@type\":\"ImageObject\",\"inLanguage\":\"fr-FR\",\"@id\":\"https:\/\/shunfa.themedemo.top\/#\/schema\/logo\/image\/\",\"url\":\"https:\/\/shunfa.themedemo.top\/wp-content\/uploads\/2025\/12\/20251221034929f0109.png\",\"contentUrl\":\"https:\/\/shunfa.themedemo.top\/wp-content\/uploads\/2025\/12\/20251221034929f0109.png\",\"width\":286,\"height\":297,\"caption\":\"shunfa\"},\"image\":{\"@id\":\"https:\/\/shunfa.themedemo.top\/#\/schema\/logo\/image\/\"}}]}<\/script>\n<!-- \/ Yoast SEO plugin. -->","yoast_head_json":{"title":"Panneau sandwich de toiture isol\u00e9 en EPS 50mm - shunfa","robots":{"index":"index","follow":"follow","max-snippet":"max-snippet:-1","max-image-preview":"max-image-preview:large","max-video-preview":"max-video-preview:-1"},"canonical":"https:\/\/shunfa.themedemo.top\/fr\/produit\/panneau-sandwich-de-toiture-isole-50mm-eps\/","og_locale":"fr_FR","og_type":"article","og_title":"Insulated 50mm EPS Roof Sandwich Panel - shunfa","og_description":"EPS sandwich panels are suitable for constructing apartments, warehouses, and factories. Both the steel plate thickness and EPS thickness can be customized. EPS offers a lower price point while providing fire resistance, waterproofing, sound insulation, and wind resistance. Contact us for custom solutions.","og_url":"https:\/\/shunfa.themedemo.top\/fr\/produit\/panneau-sandwich-de-toiture-isole-50mm-eps\/","og_site_name":"shunfa","og_image":[{"width":1000,"height":1000,"url":"https:\/\/shunfa.themedemo.top\/wp-content\/uploads\/2025\/12\/20251228100438a591b.png","type":"image\/png"}],"twitter_card":"summary_large_image","twitter_misc":{"Dur\u00e9e de lecture estim\u00e9e":"1 minute"},"schema":{"@context":"https:\/\/schema.org","@graph":[{"@type":"WebPage","@id":"https:\/\/shunfa.themedemo.top\/product\/insulated-50mm-eps-roof-sandwich-panel\/","url":"https:\/\/shunfa.themedemo.top\/product\/insulated-50mm-eps-roof-sandwich-panel\/","name":"Panneau sandwich de toiture isol\u00e9 en EPS 50mm - shunfa","isPartOf":{"@id":"https:\/\/shunfa.themedemo.top\/#website"},"primaryImageOfPage":{"@id":"https:\/\/shunfa.themedemo.top\/product\/insulated-50mm-eps-roof-sandwich-panel\/#primaryimage"},"image":{"@id":"https:\/\/shunfa.themedemo.top\/product\/insulated-50mm-eps-roof-sandwich-panel\/#primaryimage"},"thumbnailUrl":"https:\/\/shunfa.themedemo.top\/wp-content\/uploads\/2025\/12\/20251228100438a591b.png","datePublished":"2025-12-28T10:15:00+00:00","breadcrumb":{"@id":"https:\/\/shunfa.themedemo.top\/product\/insulated-50mm-eps-roof-sandwich-panel\/#breadcrumb"},"inLanguage":"fr-FR","potentialAction":[{"@type":"ReadAction","target":["https:\/\/shunfa.themedemo.top\/product\/insulated-50mm-eps-roof-sandwich-panel\/"]}]},{"@type":"ImageObject","inLanguage":"fr-FR","@id":"https:\/\/shunfa.themedemo.top\/product\/insulated-50mm-eps-roof-sandwich-panel\/#primaryimage","url":"https:\/\/shunfa.themedemo.top\/wp-content\/uploads\/2025\/12\/20251228100438a591b.png","contentUrl":"https:\/\/shunfa.themedemo.top\/wp-content\/uploads\/2025\/12\/20251228100438a591b.png","width":1000,"height":1000},{"@type":"BreadcrumbList","@id":"https:\/\/shunfa.themedemo.top\/product\/insulated-50mm-eps-roof-sandwich-panel\/#breadcrumb","itemListElement":[{"@type":"ListItem","position":1,"name":"Home","item":"https:\/\/shunfa.themedemo.top\/"},{"@type":"ListItem","position":2,"name":"Products","item":"https:\/\/shunfa.themedemo.top\/products\/"},{"@type":"ListItem","position":3,"name":"Insulated 50mm EPS Roof Sandwich Panel"}]},{"@type":"WebSite","@id":"https:\/\/shunfa.themedemo.top\/#website","url":"https:\/\/shunfa.themedemo.top\/","name":"shunfa","description":"","publisher":{"@id":"https:\/\/shunfa.themedemo.top\/#organization"},"potentialAction":[{"@type":"SearchAction","target":{"@type":"EntryPoint","urlTemplate":"https:\/\/shunfa.themedemo.top\/?s={search_term_string}"},"query-input":{"@type":"PropertyValueSpecification","valueRequired":true,"valueName":"search_term_string"}}],"inLanguage":"fr-FR"},{"@type":"Organization","@id":"https:\/\/shunfa.themedemo.top\/#organization","name":"shunfa","url":"https:\/\/shunfa.themedemo.top\/","logo":{"@type":"ImageObject","inLanguage":"fr-FR","@id":"https:\/\/shunfa.themedemo.top\/#\/schema\/logo\/image\/","url":"https:\/\/shunfa.themedemo.top\/wp-content\/uploads\/2025\/12\/20251221034929f0109.png","contentUrl":"https:\/\/shunfa.themedemo.top\/wp-content\/uploads\/2025\/12\/20251221034929f0109.png","width":286,"height":297,"caption":"shunfa"},"image":{"@id":"https:\/\/shunfa.themedemo.top\/#\/schema\/logo\/image\/"}}]}},"_links":{"self":[{"href":"https:\/\/shunfa.themedemo.top\/fr\/wp-json\/wp\/v2\/product\/1054","targetHints":{"allow":["GET"]}}],"collection":[{"href":"https:\/\/shunfa.themedemo.top\/fr\/wp-json\/wp\/v2\/product"}],"about":[{"href":"https:\/\/shunfa.themedemo.top\/fr\/wp-json\/wp\/v2\/types\/product"}],"replies":[{"embeddable":true,"href":"https:\/\/shunfa.themedemo.top\/fr\/wp-json\/wp\/v2\/comments?post=1054"}],"wp:featuredmedia":[{"embeddable":true,"href":"https:\/\/shunfa.themedemo.top\/fr\/wp-json\/wp\/v2\/media\/1055"}],"wp:attachment":[{"href":"https:\/\/shunfa.themedemo.top\/fr\/wp-json\/wp\/v2\/media?parent=1054"}],"wp:term":[{"taxonomy":"product_brand","embeddable":true,"href":"https:\/\/shunfa.themedemo.top\/fr\/wp-json\/wp\/v2\/product_brand?post=1054"},{"taxonomy":"product_cat","embeddable":true,"href":"https:\/\/shunfa.themedemo.top\/fr\/wp-json\/wp\/v2\/product_cat?post=1054"},{"taxonomy":"product_tag","embeddable":true,"href":"https:\/\/shunfa.themedemo.top\/fr\/wp-json\/wp\/v2\/product_tag?post=1054"}],"curies":[{"name":"wp","href":"https:\/\/api.w.org\/{rel}","templated":true}]}}