{"id":1068,"date":"2025-12-29T01:16:07","date_gmt":"2025-12-29T01:16:07","guid":{"rendered":"https:\/\/shunfa.themedemo.top\/?post_type=product&#038;p=1068"},"modified":"2025-12-29T01:42:07","modified_gmt":"2025-12-29T01:42:07","slug":"custom-insulated-40mm-sound-proof-wall-eps-foam-sandwich-panel-easy-to-install-resistant-apartment-construction-and-wall-use","status":"publish","type":"product","link":"https:\/\/shunfa.themedemo.top\/fr\/produit\/custom-insulated-40mm-sound-proof-wall-eps-foam-sandwich-panel-easy-to-install-resistant-apartment-construction-and-wall-use\/","title":{"rendered":"Panneau sandwich en mousse EPS insonoris\u00e9 de 40mm, facile \u00e0 installer, r\u00e9sistant \u00e0 la construction d'appartements et \u00e0 l'utilisation de murs."},"content":{"rendered":"<h3 class=\"id-flex id-justify-between id-items-center id-text-black-222 id-font-inter id-text-lg id-font-bold id-mb-[20px] id-leading-6\" data-testid=\"product-detail-title\"><span data-spm-anchor-id=\"a2700.details.0.i118.363e1cf8b1E4Yk\">Product descriptions from the supplier<\/span><\/h3>\n<div class=\"id-flex id-flex-col id-gap-3\">\n<ul>\n<li class=\"id-text-black-222 id-font-inter id-text-sm id-leading-5 id-font-normal id-flex\" data-testid=\"product-detail-text-sort\">\n<div class=\"id-w-1 id-h-1 id-rounded-full id-bg-[#000000D9] id-flex-shrink-0 id-flex-grow-0 id-mt-[8px]\">High-Quality Insulation: Provides superior thermal insulation for energy efficiency.<\/div>\n<\/li>\n<li class=\"id-text-black-222 id-font-inter id-text-sm id-leading-5 id-font-normal id-flex\" data-testid=\"product-detail-text-sort\">\n<div class=\"id-w-1 id-h-1 id-rounded-full id-bg-[#000000D9] id-flex-shrink-0 id-flex-grow-0 id-mt-[8px]\">Eco-Friendly Material: Supports RAL customization for environmentally friendly solutions.<\/div>\n<\/li>\n<li class=\"id-text-black-222 id-font-inter id-text-sm id-leading-5 id-font-normal id-flex\" data-testid=\"product-detail-text-sort\">\n<div class=\"id-w-1 id-h-1 id-rounded-full id-bg-[#000000D9] id-flex-shrink-0 id-flex-grow-0 id-mt-[8px]\">Customizable Specifications: Offers various thicknesses and steel sheet options for flexibility.<\/div>\n<\/li>\n<li class=\"id-text-black-222 id-font-inter id-text-sm id-leading-5 id-font-normal id-flex\" data-testid=\"product-detail-text-sort\">\n<div class=\"id-w-1 id-h-1 id-rounded-full id-bg-[#000000D9] id-flex-shrink-0 id-flex-grow-0 id-mt-[8px]\">Robust Construction: Designed for both interior and exterior walls, enhancing durability.<\/div>\n<\/li>\n<li class=\"id-text-black-222 id-font-inter id-text-sm id-leading-5 id-font-normal id-flex\" data-testid=\"product-detail-text-sort\">\n<div class=\"id-w-1 id-h-1 id-rounded-full id-bg-[#000000D9] id-flex-shrink-0 id-flex-grow-0 id-mt-[8px]\">Fire-Resistant Properties: Ensures safety in high-risk environments like warehouses.<\/div>\n<\/li>\n<\/ul>\n<\/div>","protected":false},"excerpt":{"rendered":"<h3 title=\"Panneau sandwich en mousse EPS insonoris\u00e9 de 40mm, facile \u00e0 installer, r\u00e9sistant \u00e0 la construction d&#039;appartements et \u00e0 l&#039;utilisation de murs.\" data-spm-anchor-id=\"a2700.details.0.i115.363e1cf8b1E4Yk\">Insulation, environmentally friendly, sturdy, fireproof.Easy to Install Resistant Apartment Construction and Wall Use.<\/h3>","protected":false},"featured_media":1070,"comment_status":"open","ping_status":"closed","template":"","meta":[],"product_brand":[],"product_cat":[26],"product_tag":[],"class_list":{"0":"post-1068","1":"product","2":"type-product","3":"status-publish","4":"has-post-thumbnail","6":"product_cat-eps-sandwich-panel","8":"first","9":"instock","10":"shipping-taxable","11":"product-type-simple"},"yoast_head":"<!-- This site is optimized with the Yoast SEO plugin v26.7 - https:\/\/yoast.com\/wordpress\/plugins\/seo\/ -->\n<title>Custom Insulated 40mm Sound Proof Wall EPS Foam Sandwich Panel Easy to Install Resistant Apartment Construction and Wall Use - shunfa<\/title>\n<meta name=\"robots\" content=\"index, follow, max-snippet:-1, max-image-preview:large, max-video-preview:-1\" \/>\n<link rel=\"canonical\" href=\"https:\/\/shunfa.themedemo.top\/fr\/produit\/custom-insulated-40mm-sound-proof-wall-eps-foam-sandwich-panel-easy-to-install-resistant-apartment-construction-and-wall-use\/\" \/>\n<meta property=\"og:locale\" content=\"fr_FR\" \/>\n<meta property=\"og:type\" content=\"article\" \/>\n<meta property=\"og:title\" content=\"Custom Insulated 40mm Sound Proof Wall EPS Foam Sandwich Panel Easy to Install Resistant Apartment Construction and Wall Use - shunfa\" \/>\n<meta property=\"og:description\" content=\"Insulation, environmentally friendly, sturdy, fireproof.Easy to Install Resistant Apartment Construction and Wall Use.\" \/>\n<meta property=\"og:url\" content=\"https:\/\/shunfa.themedemo.top\/fr\/produit\/custom-insulated-40mm-sound-proof-wall-eps-foam-sandwich-panel-easy-to-install-resistant-apartment-construction-and-wall-use\/\" \/>\n<meta property=\"og:site_name\" content=\"shunfa\" \/>\n<meta property=\"article:modified_time\" content=\"2025-12-29T01:42:07+00:00\" \/>\n<meta name=\"twitter:card\" content=\"summary_large_image\" \/>\n<meta name=\"twitter:label1\" content=\"Dur\u00e9e de lecture estim\u00e9e\" \/>\n\t<meta name=\"twitter:data1\" content=\"1 minute\" \/>\n<script type=\"application\/ld+json\" class=\"yoast-schema-graph\">{\"@context\":\"https:\/\/schema.org\",\"@graph\":[{\"@type\":\"WebPage\",\"@id\":\"https:\/\/shunfa.themedemo.top\/product\/custom-insulated-40mm-sound-proof-wall-eps-foam-sandwich-panel-easy-to-install-resistant-apartment-construction-and-wall-use\/\",\"url\":\"https:\/\/shunfa.themedemo.top\/product\/custom-insulated-40mm-sound-proof-wall-eps-foam-sandwich-panel-easy-to-install-resistant-apartment-construction-and-wall-use\/\",\"name\":\"Custom Insulated 40mm Sound Proof Wall EPS Foam Sandwich Panel Easy to Install Resistant Apartment Construction and Wall Use - shunfa\",\"isPartOf\":{\"@id\":\"https:\/\/shunfa.themedemo.top\/#website\"},\"primaryImageOfPage\":{\"@id\":\"https:\/\/shunfa.themedemo.top\/product\/custom-insulated-40mm-sound-proof-wall-eps-foam-sandwich-panel-easy-to-install-resistant-apartment-construction-and-wall-use\/#primaryimage\"},\"image\":{\"@id\":\"https:\/\/shunfa.themedemo.top\/product\/custom-insulated-40mm-sound-proof-wall-eps-foam-sandwich-panel-easy-to-install-resistant-apartment-construction-and-wall-use\/#primaryimage\"},\"thumbnailUrl\":\"https:\/\/shunfa.themedemo.top\/wp-content\/uploads\/2025\/12\/A0f7e65298a7544e4b902d3c5d45d2106N.avif\",\"datePublished\":\"2025-12-29T01:16:07+00:00\",\"dateModified\":\"2025-12-29T01:42:07+00:00\",\"breadcrumb\":{\"@id\":\"https:\/\/shunfa.themedemo.top\/product\/custom-insulated-40mm-sound-proof-wall-eps-foam-sandwich-panel-easy-to-install-resistant-apartment-construction-and-wall-use\/#breadcrumb\"},\"inLanguage\":\"fr-FR\",\"potentialAction\":[{\"@type\":\"ReadAction\",\"target\":[\"https:\/\/shunfa.themedemo.top\/product\/custom-insulated-40mm-sound-proof-wall-eps-foam-sandwich-panel-easy-to-install-resistant-apartment-construction-and-wall-use\/\"]}]},{\"@type\":\"ImageObject\",\"inLanguage\":\"fr-FR\",\"@id\":\"https:\/\/shunfa.themedemo.top\/product\/custom-insulated-40mm-sound-proof-wall-eps-foam-sandwich-panel-easy-to-install-resistant-apartment-construction-and-wall-use\/#primaryimage\",\"url\":\"https:\/\/shunfa.themedemo.top\/wp-content\/uploads\/2025\/12\/A0f7e65298a7544e4b902d3c5d45d2106N.avif\",\"contentUrl\":\"https:\/\/shunfa.themedemo.top\/wp-content\/uploads\/2025\/12\/A0f7e65298a7544e4b902d3c5d45d2106N.avif\",\"width\":517,\"height\":691},{\"@type\":\"BreadcrumbList\",\"@id\":\"https:\/\/shunfa.themedemo.top\/product\/custom-insulated-40mm-sound-proof-wall-eps-foam-sandwich-panel-easy-to-install-resistant-apartment-construction-and-wall-use\/#breadcrumb\",\"itemListElement\":[{\"@type\":\"ListItem\",\"position\":1,\"name\":\"Home\",\"item\":\"https:\/\/shunfa.themedemo.top\/\"},{\"@type\":\"ListItem\",\"position\":2,\"name\":\"Products\",\"item\":\"https:\/\/shunfa.themedemo.top\/products\/\"},{\"@type\":\"ListItem\",\"position\":3,\"name\":\"Custom Insulated 40mm Sound Proof Wall EPS Foam Sandwich Panel Easy to Install Resistant Apartment Construction and Wall Use\"}]},{\"@type\":\"WebSite\",\"@id\":\"https:\/\/shunfa.themedemo.top\/#website\",\"url\":\"https:\/\/shunfa.themedemo.top\/\",\"name\":\"shunfa\",\"description\":\"\",\"publisher\":{\"@id\":\"https:\/\/shunfa.themedemo.top\/#organization\"},\"potentialAction\":[{\"@type\":\"SearchAction\",\"target\":{\"@type\":\"EntryPoint\",\"urlTemplate\":\"https:\/\/shunfa.themedemo.top\/?s={search_term_string}\"},\"query-input\":{\"@type\":\"PropertyValueSpecification\",\"valueRequired\":true,\"valueName\":\"search_term_string\"}}],\"inLanguage\":\"fr-FR\"},{\"@type\":\"Organization\",\"@id\":\"https:\/\/shunfa.themedemo.top\/#organization\",\"name\":\"shunfa\",\"url\":\"https:\/\/shunfa.themedemo.top\/\",\"logo\":{\"@type\":\"ImageObject\",\"inLanguage\":\"fr-FR\",\"@id\":\"https:\/\/shunfa.themedemo.top\/#\/schema\/logo\/image\/\",\"url\":\"https:\/\/shunfa.themedemo.top\/wp-content\/uploads\/2025\/12\/20251221034929f0109.png\",\"contentUrl\":\"https:\/\/shunfa.themedemo.top\/wp-content\/uploads\/2025\/12\/20251221034929f0109.png\",\"width\":286,\"height\":297,\"caption\":\"shunfa\"},\"image\":{\"@id\":\"https:\/\/shunfa.themedemo.top\/#\/schema\/logo\/image\/\"}}]}<\/script>\n<!-- \/ Yoast SEO plugin. -->","yoast_head_json":{"title":"Custom Insulated 40mm Sound Proof Wall EPS Foam Sandwich Panel Easy to Install Resistant Apartment Construction and Wall Use - shunfa","robots":{"index":"index","follow":"follow","max-snippet":"max-snippet:-1","max-image-preview":"max-image-preview:large","max-video-preview":"max-video-preview:-1"},"canonical":"https:\/\/shunfa.themedemo.top\/fr\/produit\/custom-insulated-40mm-sound-proof-wall-eps-foam-sandwich-panel-easy-to-install-resistant-apartment-construction-and-wall-use\/","og_locale":"fr_FR","og_type":"article","og_title":"Custom Insulated 40mm Sound Proof Wall EPS Foam Sandwich Panel Easy to Install Resistant Apartment Construction and Wall Use - shunfa","og_description":"Insulation, environmentally friendly, sturdy, fireproof.Easy to Install Resistant Apartment Construction and Wall Use.","og_url":"https:\/\/shunfa.themedemo.top\/fr\/produit\/custom-insulated-40mm-sound-proof-wall-eps-foam-sandwich-panel-easy-to-install-resistant-apartment-construction-and-wall-use\/","og_site_name":"shunfa","article_modified_time":"2025-12-29T01:42:07+00:00","twitter_card":"summary_large_image","twitter_misc":{"Dur\u00e9e de lecture estim\u00e9e":"1 minute"},"schema":{"@context":"https:\/\/schema.org","@graph":[{"@type":"WebPage","@id":"https:\/\/shunfa.themedemo.top\/product\/custom-insulated-40mm-sound-proof-wall-eps-foam-sandwich-panel-easy-to-install-resistant-apartment-construction-and-wall-use\/","url":"https:\/\/shunfa.themedemo.top\/product\/custom-insulated-40mm-sound-proof-wall-eps-foam-sandwich-panel-easy-to-install-resistant-apartment-construction-and-wall-use\/","name":"Custom Insulated 40mm Sound Proof Wall EPS Foam Sandwich Panel Easy to Install Resistant Apartment Construction and Wall Use - shunfa","isPartOf":{"@id":"https:\/\/shunfa.themedemo.top\/#website"},"primaryImageOfPage":{"@id":"https:\/\/shunfa.themedemo.top\/product\/custom-insulated-40mm-sound-proof-wall-eps-foam-sandwich-panel-easy-to-install-resistant-apartment-construction-and-wall-use\/#primaryimage"},"image":{"@id":"https:\/\/shunfa.themedemo.top\/product\/custom-insulated-40mm-sound-proof-wall-eps-foam-sandwich-panel-easy-to-install-resistant-apartment-construction-and-wall-use\/#primaryimage"},"thumbnailUrl":"https:\/\/shunfa.themedemo.top\/wp-content\/uploads\/2025\/12\/A0f7e65298a7544e4b902d3c5d45d2106N.avif","datePublished":"2025-12-29T01:16:07+00:00","dateModified":"2025-12-29T01:42:07+00:00","breadcrumb":{"@id":"https:\/\/shunfa.themedemo.top\/product\/custom-insulated-40mm-sound-proof-wall-eps-foam-sandwich-panel-easy-to-install-resistant-apartment-construction-and-wall-use\/#breadcrumb"},"inLanguage":"fr-FR","potentialAction":[{"@type":"ReadAction","target":["https:\/\/shunfa.themedemo.top\/product\/custom-insulated-40mm-sound-proof-wall-eps-foam-sandwich-panel-easy-to-install-resistant-apartment-construction-and-wall-use\/"]}]},{"@type":"ImageObject","inLanguage":"fr-FR","@id":"https:\/\/shunfa.themedemo.top\/product\/custom-insulated-40mm-sound-proof-wall-eps-foam-sandwich-panel-easy-to-install-resistant-apartment-construction-and-wall-use\/#primaryimage","url":"https:\/\/shunfa.themedemo.top\/wp-content\/uploads\/2025\/12\/A0f7e65298a7544e4b902d3c5d45d2106N.avif","contentUrl":"https:\/\/shunfa.themedemo.top\/wp-content\/uploads\/2025\/12\/A0f7e65298a7544e4b902d3c5d45d2106N.avif","width":517,"height":691},{"@type":"BreadcrumbList","@id":"https:\/\/shunfa.themedemo.top\/product\/custom-insulated-40mm-sound-proof-wall-eps-foam-sandwich-panel-easy-to-install-resistant-apartment-construction-and-wall-use\/#breadcrumb","itemListElement":[{"@type":"ListItem","position":1,"name":"Home","item":"https:\/\/shunfa.themedemo.top\/"},{"@type":"ListItem","position":2,"name":"Products","item":"https:\/\/shunfa.themedemo.top\/products\/"},{"@type":"ListItem","position":3,"name":"Custom Insulated 40mm Sound Proof Wall EPS Foam Sandwich Panel Easy to Install Resistant Apartment Construction and Wall Use"}]},{"@type":"WebSite","@id":"https:\/\/shunfa.themedemo.top\/#website","url":"https:\/\/shunfa.themedemo.top\/","name":"shunfa","description":"","publisher":{"@id":"https:\/\/shunfa.themedemo.top\/#organization"},"potentialAction":[{"@type":"SearchAction","target":{"@type":"EntryPoint","urlTemplate":"https:\/\/shunfa.themedemo.top\/?s={search_term_string}"},"query-input":{"@type":"PropertyValueSpecification","valueRequired":true,"valueName":"search_term_string"}}],"inLanguage":"fr-FR"},{"@type":"Organization","@id":"https:\/\/shunfa.themedemo.top\/#organization","name":"shunfa","url":"https:\/\/shunfa.themedemo.top\/","logo":{"@type":"ImageObject","inLanguage":"fr-FR","@id":"https:\/\/shunfa.themedemo.top\/#\/schema\/logo\/image\/","url":"https:\/\/shunfa.themedemo.top\/wp-content\/uploads\/2025\/12\/20251221034929f0109.png","contentUrl":"https:\/\/shunfa.themedemo.top\/wp-content\/uploads\/2025\/12\/20251221034929f0109.png","width":286,"height":297,"caption":"shunfa"},"image":{"@id":"https:\/\/shunfa.themedemo.top\/#\/schema\/logo\/image\/"}}]}},"_links":{"self":[{"href":"https:\/\/shunfa.themedemo.top\/fr\/wp-json\/wp\/v2\/product\/1068","targetHints":{"allow":["GET"]}}],"collection":[{"href":"https:\/\/shunfa.themedemo.top\/fr\/wp-json\/wp\/v2\/product"}],"about":[{"href":"https:\/\/shunfa.themedemo.top\/fr\/wp-json\/wp\/v2\/types\/product"}],"replies":[{"embeddable":true,"href":"https:\/\/shunfa.themedemo.top\/fr\/wp-json\/wp\/v2\/comments?post=1068"}],"wp:featuredmedia":[{"embeddable":true,"href":"https:\/\/shunfa.themedemo.top\/fr\/wp-json\/wp\/v2\/media\/1070"}],"wp:attachment":[{"href":"https:\/\/shunfa.themedemo.top\/fr\/wp-json\/wp\/v2\/media?parent=1068"}],"wp:term":[{"taxonomy":"product_brand","embeddable":true,"href":"https:\/\/shunfa.themedemo.top\/fr\/wp-json\/wp\/v2\/product_brand?post=1068"},{"taxonomy":"product_cat","embeddable":true,"href":"https:\/\/shunfa.themedemo.top\/fr\/wp-json\/wp\/v2\/product_cat?post=1068"},{"taxonomy":"product_tag","embeddable":true,"href":"https:\/\/shunfa.themedemo.top\/fr\/wp-json\/wp\/v2\/product_tag?post=1068"}],"curies":[{"name":"wp","href":"https:\/\/api.w.org\/{rel}","templated":true}]}}