{"id":1100,"date":"2025-12-29T03:00:05","date_gmt":"2025-12-29T03:00:05","guid":{"rendered":"https:\/\/shunfa.themedemo.top\/?post_type=product&#038;p=1100"},"modified":"2026-01-15T08:06:09","modified_gmt":"2026-01-15T08:06:09","slug":"atelier-en-metal-personnalise-panneaux-sandwichs-muraux-en-pu-pir-design-a-la-mode-pour-atelier-et-autres-scenes-materiau-en-acier-durable","status":"publish","type":"product","link":"https:\/\/shunfa.themedemo.top\/fr\/produit\/atelier-en-metal-personnalise-panneaux-sandwichs-muraux-en-pu-pir-design-a-la-mode-pour-atelier-et-autres-scenes-materiau-en-acier-durable\/","title":{"rendered":"Atelier m\u00e9tallique sur mesure Panneaux sandwich muraux PU\/PIR Design tendance pour ateliers et autres environnements Mat\u00e9riau en acier durable"},"content":{"rendered":"<table class=\"has-title hight-light-first-column all magic-3\">\n<tbody>\n<tr>\n<td colspan=\"5\" rowspan=\"1\">\n<div class=\"magic-4\">\n<div class=\"magic-5\" data-spm-anchor-id=\"a2700.custom-template.0.i81.2be33333hm1nfn\"><b>Aper\u00e7u des produits<\/b><\/div>\n<\/div>\n<\/td>\n<\/tr>\n<tr>\n<td colspan=\"1\" rowspan=\"1\">\n<div class=\"magic-8\">\n<div class=\"magic-5\" data-spm-anchor-id=\"a2700.custom-template.0.i78.2be33333hm1nfn\"><b data-spm-anchor-id=\"a2700.custom-template.0.i99.2be33333hm1nfn\">Article\uff1a<\/b><\/div>\n<\/div>\n<\/td>\n<td colspan=\"4\" rowspan=\"1\">\n<div class=\"magic-9\">\n<div class=\"magic-5\" data-spm-anchor-id=\"a2700.pc-decorate.0.i10.47f23333jeQ0gJ\">Atelier en m\u00e9tal Panneaux sandwichs muraux PU\/PIR Design \u00e0 la mode pour atelier et autres sc\u00e8nes Mat\u00e9riau en acier durable<\/div>\n<\/div>\n<\/td>\n<\/tr>\n<tr>\n<td colspan=\"1\" rowspan=\"1\">\n<div class=\"magic-8\">\n<div class=\"magic-5\" data-spm-anchor-id=\"a2700.custom-template.0.i73.2be33333hm1nfn\"><b>Couleur :<\/b><\/div>\n<\/div>\n<\/td>\n<td colspan=\"4\" rowspan=\"1\">\n<div class=\"magic-9\">\n<div class=\"magic-5\" data-spm-anchor-id=\"a2700.custom-template.0.i76.2be33333hm1nfn\">Prise en charge de la personnalisation RAL<\/div>\n<\/div>\n<\/td>\n<\/tr>\n<tr>\n<td colspan=\"1\" rowspan=\"1\">\n<div class=\"magic-8\">\n<div class=\"magic-5\" data-spm-anchor-id=\"a2700.custom-template.0.i74.2be33333hm1nfn\"><b>\u00c9paisseur :<\/b><\/div>\n<\/div>\n<\/td>\n<td colspan=\"4\" rowspan=\"1\">\n<div class=\"magic-9\">\n<div class=\"magic-5\" data-spm-anchor-id=\"a2700.custom-template.0.i77.2be33333hm1nfn\">Personnalisation du support<\/div>\n<\/div>\n<\/td>\n<\/tr>\n<tr>\n<td colspan=\"1\" rowspan=\"1\">\n<div class=\"magic-8\">\n<div class=\"magic-5\" data-spm-anchor-id=\"a2700.custom-template.0.i82.2be33333hm1nfn\"><b data-spm-anchor-id=\"a2700.custom-template.0.i86.2be33333hm1nfn\">T\u00f4le d'acier :<\/b><\/div>\n<\/div>\n<\/td>\n<td colspan=\"4\" rowspan=\"1\">\n<div class=\"magic-10\">\n<div class=\"magic-5\" data-spm-anchor-id=\"a2700.custom-template.0.i87.2be33333hm1nfn\">0.2mm-0.8mm,Personnalisation possible<\/div>\n<\/div>\n<\/td>\n<\/tr>\n<tr>\n<td colspan=\"1\" rowspan=\"1\">\n<div class=\"magic-8\">\n<div class=\"magic-5\" data-spm-anchor-id=\"a2700.custom-template.0.i95.2be33333hm1nfn\"><b>Largeur effective\uff1a<\/b><\/div>\n<\/div>\n<\/td>\n<td colspan=\"4\" rowspan=\"1\">\n<div class=\"magic-10\">\n<div class=\"magic-5\">Panneau de mur\/toit : 950mm\/1050mm\/1000mm,Personnalisation possible<\/div>\n<\/div>\n<\/td>\n<\/tr>\n<\/tbody>\n<\/table>","protected":false},"excerpt":{"rendered":"<p>Nos panneaux sandwichs muraux PU\/PIR pour atelier en m\u00e9tal pr\u00e9sentent un design \u00e0 la mode, id\u00e9al pour les ateliers et diverses applications, et sont fabriqu\u00e9s en acier durable. Offrant une personnalisation des couleurs RAL, une \u00e9paisseur personnalisable et une \u00e9paisseur de t\u00f4le d'acier de 0,2 mm \u00e0 0,8 mm, ces panneaux offrent \u00e9galement des largeurs effectives de 950 mm, 1050 mm et 1000 mm pour les murs et les toits, avec des options de personnalisation compl\u00e8tes pour r\u00e9pondre aux besoins sp\u00e9cifiques des projets.<\/p>","protected":false},"featured_media":1101,"comment_status":"open","ping_status":"closed","template":"","meta":[],"product_brand":[],"product_cat":[28],"product_tag":[],"class_list":{"0":"post-1100","1":"product","2":"type-product","3":"status-publish","4":"has-post-thumbnail","6":"product_cat-polyurethane-sandwich-panel","8":"first","9":"instock","10":"featured","11":"shipping-taxable","12":"product-type-simple"},"yoast_head":"<!-- This site is optimized with the Yoast SEO plugin v26.7 - https:\/\/yoast.com\/wordpress\/plugins\/seo\/ -->\n<title>Custom Metal Workshop PU\/PIR Wall Sandwich Panels Fashionable Design for Workshop and Other Scenes Durable Steel Material - shunfa<\/title>\n<meta name=\"robots\" content=\"index, follow, max-snippet:-1, max-image-preview:large, max-video-preview:-1\" \/>\n<link rel=\"canonical\" href=\"https:\/\/shunfa.themedemo.top\/fr\/produit\/atelier-en-metal-personnalise-panneaux-sandwichs-muraux-en-pu-pir-design-a-la-mode-pour-atelier-et-autres-scenes-materiau-en-acier-durable\/\" \/>\n<meta property=\"og:locale\" content=\"fr_FR\" \/>\n<meta property=\"og:type\" content=\"article\" \/>\n<meta property=\"og:title\" content=\"Custom Metal Workshop PU\/PIR Wall Sandwich Panels Fashionable Design for Workshop and Other Scenes Durable Steel Material - shunfa\" \/>\n<meta property=\"og:description\" content=\"Our Metal Workshop PU\/PIR Wall Sandwich Panels feature a fashionable design ideal for workshops and diverse applications, crafted from durable steel. Offering RAL color customization, customizable thickness, and steel sheet thickness from 0.2mm to 0.8mm, these panels also provide effective widths of 950mm, 1050mm, and 1000mm for walls\/roofs, with full customization options to meet specific project needs.\" \/>\n<meta property=\"og:url\" content=\"https:\/\/shunfa.themedemo.top\/fr\/produit\/atelier-en-metal-personnalise-panneaux-sandwichs-muraux-en-pu-pir-design-a-la-mode-pour-atelier-et-autres-scenes-materiau-en-acier-durable\/\" \/>\n<meta property=\"og:site_name\" content=\"shunfa\" \/>\n<meta property=\"article:modified_time\" content=\"2026-01-15T08:06:09+00:00\" \/>\n<meta property=\"og:image\" content=\"https:\/\/shunfa.themedemo.top\/wp-content\/uploads\/2025\/12\/2025122902491803e41.png\" \/>\n\t<meta property=\"og:image:width\" content=\"750\" \/>\n\t<meta property=\"og:image:height\" content=\"750\" \/>\n\t<meta property=\"og:image:type\" content=\"image\/png\" \/>\n<meta name=\"twitter:card\" content=\"summary_large_image\" \/>\n<meta name=\"twitter:label1\" content=\"Dur\u00e9e de lecture estim\u00e9e\" \/>\n\t<meta name=\"twitter:data1\" content=\"1 minute\" \/>\n<script type=\"application\/ld+json\" class=\"yoast-schema-graph\">{\"@context\":\"https:\/\/schema.org\",\"@graph\":[{\"@type\":\"WebPage\",\"@id\":\"https:\/\/shunfa.themedemo.top\/product\/custom-metal-workshop-pu-pir-wall-sandwich-panels-fashionable-design-for-workshop-and-other-scenes-durable-steel-material\/\",\"url\":\"https:\/\/shunfa.themedemo.top\/product\/custom-metal-workshop-pu-pir-wall-sandwich-panels-fashionable-design-for-workshop-and-other-scenes-durable-steel-material\/\",\"name\":\"Custom Metal Workshop PU\/PIR Wall Sandwich Panels Fashionable Design for Workshop and Other Scenes Durable Steel Material - shunfa\",\"isPartOf\":{\"@id\":\"https:\/\/shunfa.themedemo.top\/#website\"},\"primaryImageOfPage\":{\"@id\":\"https:\/\/shunfa.themedemo.top\/product\/custom-metal-workshop-pu-pir-wall-sandwich-panels-fashionable-design-for-workshop-and-other-scenes-durable-steel-material\/#primaryimage\"},\"image\":{\"@id\":\"https:\/\/shunfa.themedemo.top\/product\/custom-metal-workshop-pu-pir-wall-sandwich-panels-fashionable-design-for-workshop-and-other-scenes-durable-steel-material\/#primaryimage\"},\"thumbnailUrl\":\"https:\/\/shunfa.themedemo.top\/wp-content\/uploads\/2025\/12\/2025122902491803e41.png\",\"datePublished\":\"2025-12-29T03:00:05+00:00\",\"dateModified\":\"2026-01-15T08:06:09+00:00\",\"breadcrumb\":{\"@id\":\"https:\/\/shunfa.themedemo.top\/product\/custom-metal-workshop-pu-pir-wall-sandwich-panels-fashionable-design-for-workshop-and-other-scenes-durable-steel-material\/#breadcrumb\"},\"inLanguage\":\"fr-FR\",\"potentialAction\":[{\"@type\":\"ReadAction\",\"target\":[\"https:\/\/shunfa.themedemo.top\/product\/custom-metal-workshop-pu-pir-wall-sandwich-panels-fashionable-design-for-workshop-and-other-scenes-durable-steel-material\/\"]}]},{\"@type\":\"ImageObject\",\"inLanguage\":\"fr-FR\",\"@id\":\"https:\/\/shunfa.themedemo.top\/product\/custom-metal-workshop-pu-pir-wall-sandwich-panels-fashionable-design-for-workshop-and-other-scenes-durable-steel-material\/#primaryimage\",\"url\":\"https:\/\/shunfa.themedemo.top\/wp-content\/uploads\/2025\/12\/2025122902491803e41.png\",\"contentUrl\":\"https:\/\/shunfa.themedemo.top\/wp-content\/uploads\/2025\/12\/2025122902491803e41.png\",\"width\":750,\"height\":750},{\"@type\":\"BreadcrumbList\",\"@id\":\"https:\/\/shunfa.themedemo.top\/product\/custom-metal-workshop-pu-pir-wall-sandwich-panels-fashionable-design-for-workshop-and-other-scenes-durable-steel-material\/#breadcrumb\",\"itemListElement\":[{\"@type\":\"ListItem\",\"position\":1,\"name\":\"Home\",\"item\":\"https:\/\/shunfa.themedemo.top\/\"},{\"@type\":\"ListItem\",\"position\":2,\"name\":\"Products\",\"item\":\"https:\/\/shunfa.themedemo.top\/products\/\"},{\"@type\":\"ListItem\",\"position\":3,\"name\":\"Custom Metal Workshop PU\/PIR Wall Sandwich Panels Fashionable Design for Workshop and Other Scenes Durable Steel Material\"}]},{\"@type\":\"WebSite\",\"@id\":\"https:\/\/shunfa.themedemo.top\/#website\",\"url\":\"https:\/\/shunfa.themedemo.top\/\",\"name\":\"shunfa\",\"description\":\"\",\"publisher\":{\"@id\":\"https:\/\/shunfa.themedemo.top\/#organization\"},\"potentialAction\":[{\"@type\":\"SearchAction\",\"target\":{\"@type\":\"EntryPoint\",\"urlTemplate\":\"https:\/\/shunfa.themedemo.top\/?s={search_term_string}\"},\"query-input\":{\"@type\":\"PropertyValueSpecification\",\"valueRequired\":true,\"valueName\":\"search_term_string\"}}],\"inLanguage\":\"fr-FR\"},{\"@type\":\"Organization\",\"@id\":\"https:\/\/shunfa.themedemo.top\/#organization\",\"name\":\"shunfa\",\"url\":\"https:\/\/shunfa.themedemo.top\/\",\"logo\":{\"@type\":\"ImageObject\",\"inLanguage\":\"fr-FR\",\"@id\":\"https:\/\/shunfa.themedemo.top\/#\/schema\/logo\/image\/\",\"url\":\"https:\/\/shunfa.themedemo.top\/wp-content\/uploads\/2025\/12\/20251221034929f0109.png\",\"contentUrl\":\"https:\/\/shunfa.themedemo.top\/wp-content\/uploads\/2025\/12\/20251221034929f0109.png\",\"width\":286,\"height\":297,\"caption\":\"shunfa\"},\"image\":{\"@id\":\"https:\/\/shunfa.themedemo.top\/#\/schema\/logo\/image\/\"}}]}<\/script>\n<!-- \/ Yoast SEO plugin. -->","yoast_head_json":{"title":"Panneaux sandwichs muraux en m\u00e9tal pour atelier PU\/PIR design pour atelier et autres sc\u00e8nes mat\u00e9riau en acier durable - shunfa","robots":{"index":"index","follow":"follow","max-snippet":"max-snippet:-1","max-image-preview":"max-image-preview:large","max-video-preview":"max-video-preview:-1"},"canonical":"https:\/\/shunfa.themedemo.top\/fr\/produit\/atelier-en-metal-personnalise-panneaux-sandwichs-muraux-en-pu-pir-design-a-la-mode-pour-atelier-et-autres-scenes-materiau-en-acier-durable\/","og_locale":"fr_FR","og_type":"article","og_title":"Custom Metal Workshop PU\/PIR Wall Sandwich Panels Fashionable Design for Workshop and Other Scenes Durable Steel Material - shunfa","og_description":"Our Metal Workshop PU\/PIR Wall Sandwich Panels feature a fashionable design ideal for workshops and diverse applications, crafted from durable steel. Offering RAL color customization, customizable thickness, and steel sheet thickness from 0.2mm to 0.8mm, these panels also provide effective widths of 950mm, 1050mm, and 1000mm for walls\/roofs, with full customization options to meet specific project needs.","og_url":"https:\/\/shunfa.themedemo.top\/fr\/produit\/atelier-en-metal-personnalise-panneaux-sandwichs-muraux-en-pu-pir-design-a-la-mode-pour-atelier-et-autres-scenes-materiau-en-acier-durable\/","og_site_name":"shunfa","article_modified_time":"2026-01-15T08:06:09+00:00","og_image":[{"width":750,"height":750,"url":"https:\/\/shunfa.themedemo.top\/wp-content\/uploads\/2025\/12\/2025122902491803e41.png","type":"image\/png"}],"twitter_card":"summary_large_image","twitter_misc":{"Dur\u00e9e de lecture estim\u00e9e":"1 minute"},"schema":{"@context":"https:\/\/schema.org","@graph":[{"@type":"WebPage","@id":"https:\/\/shunfa.themedemo.top\/product\/custom-metal-workshop-pu-pir-wall-sandwich-panels-fashionable-design-for-workshop-and-other-scenes-durable-steel-material\/","url":"https:\/\/shunfa.themedemo.top\/product\/custom-metal-workshop-pu-pir-wall-sandwich-panels-fashionable-design-for-workshop-and-other-scenes-durable-steel-material\/","name":"Panneaux sandwichs muraux en m\u00e9tal pour atelier PU\/PIR design pour atelier et autres sc\u00e8nes mat\u00e9riau en acier durable - shunfa","isPartOf":{"@id":"https:\/\/shunfa.themedemo.top\/#website"},"primaryImageOfPage":{"@id":"https:\/\/shunfa.themedemo.top\/product\/custom-metal-workshop-pu-pir-wall-sandwich-panels-fashionable-design-for-workshop-and-other-scenes-durable-steel-material\/#primaryimage"},"image":{"@id":"https:\/\/shunfa.themedemo.top\/product\/custom-metal-workshop-pu-pir-wall-sandwich-panels-fashionable-design-for-workshop-and-other-scenes-durable-steel-material\/#primaryimage"},"thumbnailUrl":"https:\/\/shunfa.themedemo.top\/wp-content\/uploads\/2025\/12\/2025122902491803e41.png","datePublished":"2025-12-29T03:00:05+00:00","dateModified":"2026-01-15T08:06:09+00:00","breadcrumb":{"@id":"https:\/\/shunfa.themedemo.top\/product\/custom-metal-workshop-pu-pir-wall-sandwich-panels-fashionable-design-for-workshop-and-other-scenes-durable-steel-material\/#breadcrumb"},"inLanguage":"fr-FR","potentialAction":[{"@type":"ReadAction","target":["https:\/\/shunfa.themedemo.top\/product\/custom-metal-workshop-pu-pir-wall-sandwich-panels-fashionable-design-for-workshop-and-other-scenes-durable-steel-material\/"]}]},{"@type":"ImageObject","inLanguage":"fr-FR","@id":"https:\/\/shunfa.themedemo.top\/product\/custom-metal-workshop-pu-pir-wall-sandwich-panels-fashionable-design-for-workshop-and-other-scenes-durable-steel-material\/#primaryimage","url":"https:\/\/shunfa.themedemo.top\/wp-content\/uploads\/2025\/12\/2025122902491803e41.png","contentUrl":"https:\/\/shunfa.themedemo.top\/wp-content\/uploads\/2025\/12\/2025122902491803e41.png","width":750,"height":750},{"@type":"BreadcrumbList","@id":"https:\/\/shunfa.themedemo.top\/product\/custom-metal-workshop-pu-pir-wall-sandwich-panels-fashionable-design-for-workshop-and-other-scenes-durable-steel-material\/#breadcrumb","itemListElement":[{"@type":"ListItem","position":1,"name":"Home","item":"https:\/\/shunfa.themedemo.top\/"},{"@type":"ListItem","position":2,"name":"Products","item":"https:\/\/shunfa.themedemo.top\/products\/"},{"@type":"ListItem","position":3,"name":"Custom Metal Workshop PU\/PIR Wall Sandwich Panels Fashionable Design for Workshop and Other Scenes Durable Steel Material"}]},{"@type":"WebSite","@id":"https:\/\/shunfa.themedemo.top\/#website","url":"https:\/\/shunfa.themedemo.top\/","name":"shunfa","description":"","publisher":{"@id":"https:\/\/shunfa.themedemo.top\/#organization"},"potentialAction":[{"@type":"SearchAction","target":{"@type":"EntryPoint","urlTemplate":"https:\/\/shunfa.themedemo.top\/?s={search_term_string}"},"query-input":{"@type":"PropertyValueSpecification","valueRequired":true,"valueName":"search_term_string"}}],"inLanguage":"fr-FR"},{"@type":"Organization","@id":"https:\/\/shunfa.themedemo.top\/#organization","name":"shunfa","url":"https:\/\/shunfa.themedemo.top\/","logo":{"@type":"ImageObject","inLanguage":"fr-FR","@id":"https:\/\/shunfa.themedemo.top\/#\/schema\/logo\/image\/","url":"https:\/\/shunfa.themedemo.top\/wp-content\/uploads\/2025\/12\/20251221034929f0109.png","contentUrl":"https:\/\/shunfa.themedemo.top\/wp-content\/uploads\/2025\/12\/20251221034929f0109.png","width":286,"height":297,"caption":"shunfa"},"image":{"@id":"https:\/\/shunfa.themedemo.top\/#\/schema\/logo\/image\/"}}]}},"_links":{"self":[{"href":"https:\/\/shunfa.themedemo.top\/fr\/wp-json\/wp\/v2\/product\/1100","targetHints":{"allow":["GET"]}}],"collection":[{"href":"https:\/\/shunfa.themedemo.top\/fr\/wp-json\/wp\/v2\/product"}],"about":[{"href":"https:\/\/shunfa.themedemo.top\/fr\/wp-json\/wp\/v2\/types\/product"}],"replies":[{"embeddable":true,"href":"https:\/\/shunfa.themedemo.top\/fr\/wp-json\/wp\/v2\/comments?post=1100"}],"wp:featuredmedia":[{"embeddable":true,"href":"https:\/\/shunfa.themedemo.top\/fr\/wp-json\/wp\/v2\/media\/1101"}],"wp:attachment":[{"href":"https:\/\/shunfa.themedemo.top\/fr\/wp-json\/wp\/v2\/media?parent=1100"}],"wp:term":[{"taxonomy":"product_brand","embeddable":true,"href":"https:\/\/shunfa.themedemo.top\/fr\/wp-json\/wp\/v2\/product_brand?post=1100"},{"taxonomy":"product_cat","embeddable":true,"href":"https:\/\/shunfa.themedemo.top\/fr\/wp-json\/wp\/v2\/product_cat?post=1100"},{"taxonomy":"product_tag","embeddable":true,"href":"https:\/\/shunfa.themedemo.top\/fr\/wp-json\/wp\/v2\/product_tag?post=1100"}],"curies":[{"name":"wp","href":"https:\/\/api.w.org\/{rel}","templated":true}]}}