{"id":103,"date":"2025-12-21T01:09:21","date_gmt":"2025-12-21T01:09:21","guid":{"rendered":"https:\/\/shunfa.themedemo.top\/?page_id=103"},"modified":"2026-01-07T07:33:58","modified_gmt":"2026-01-07T07:33:58","slug":"contactar-nos","status":"publish","type":"page","link":"https:\/\/shunfa.themedemo.top\/pt\/contactar-nos\/","title":{"rendered":"CONTACTE-NOS"},"content":{"rendered":"<div data-elementor-type=\"wp-page\" data-elementor-id=\"103\" class=\"elementor elementor-103\" data-elementor-post-type=\"page\">\n\t\t\t\t<div class=\"elementor-element elementor-element-d5a02bf e-flex e-con-boxed e-con e-parent\" data-id=\"d5a02bf\" data-element_type=\"container\" data-settings=\"{&quot;background_background&quot;:&quot;classic&quot;}\">\n\t\t\t\t\t<div class=\"e-con-inner\">\n\t\t\t\t<div class=\"elementor-element elementor-element-d202c46 elementor-widget elementor-widget-breadcrumbs\" data-id=\"d202c46\" data-element_type=\"widget\" data-widget_type=\"breadcrumbs.default\">\n\t\t\t\t\t<p id=\"breadcrumbs\"><span><span><a href=\"https:\/\/shunfa.themedemo.top\/pt\/\">In\u00edcio<\/a><\/span><\/span><\/p>\t\t\t\t<\/div>\n\t\t\t\t\t<\/div>\n\t\t\t\t<\/div>\n\t\t<div class=\"elementor-element elementor-element-3c0860c e-flex e-con-boxed e-con e-parent\" data-id=\"3c0860c\" data-element_type=\"container\">\n\t\t\t\t\t<div class=\"e-con-inner\">\n\t\t\t\t<div class=\"elementor-element elementor-element-c2be6ee elementor-widget elementor-widget-heading\" data-id=\"c2be6ee\" data-element_type=\"widget\" data-widget_type=\"heading.default\">\n\t\t\t\t\t<h1 class=\"elementor-heading-title elementor-size-default\">Contactar-nos<\/h1>\t\t\t\t<\/div>\n\t\t<div class=\"elementor-element elementor-element-466c403 e-con-full e-flex e-con e-child\" data-id=\"466c403\" data-element_type=\"container\" data-settings=\"{&quot;background_background&quot;:&quot;classic&quot;}\">\n\t\t\t\t<div class=\"elementor-element elementor-element-a7d7fb3 elementor-widget elementor-widget-heading\" data-id=\"a7d7fb3\" data-element_type=\"widget\" data-widget_type=\"heading.default\">\n\t\t\t\t\t<h2 class=\"elementor-heading-title elementor-size-default\">Gaomi Shunfa Steel Products Technology Co., Ltd.<\/h2>\t\t\t\t<\/div>\n\t\t\t\t<\/div>\n\t\t\t\t\t<\/div>\n\t\t\t\t<\/div>\n\t\t<div class=\"elementor-element elementor-element-6661939 e-flex e-con-boxed e-con e-parent\" data-id=\"6661939\" data-element_type=\"container\">\n\t\t\t\t\t<div class=\"e-con-inner\">\n\t\t<div class=\"elementor-element elementor-element-eb31e2c e-con-full e-grid e-con e-child\" data-id=\"eb31e2c\" data-element_type=\"container\">\n\t\t<div class=\"elementor-element elementor-element-31f1926 e-con-full e-flex e-con e-child\" data-id=\"31f1926\" data-element_type=\"container\">\n\t\t\t\t<div class=\"elementor-element elementor-element-7e0eeeb elementor-widget elementor-widget-heading\" data-id=\"7e0eeeb\" data-element_type=\"widget\" data-widget_type=\"heading.default\">\n\t\t\t\t\t<h3 class=\"elementor-heading-title elementor-size-default\">CONTACTE-NOS<\/h3>\t\t\t\t<\/div>\n\t\t\t\t<div class=\"elementor-element elementor-element-1e39399 elementor-widget elementor-widget-text-editor\" data-id=\"1e39399\" data-element_type=\"widget\" data-widget_type=\"text-editor.default\">\n\t\t\t\t\t\t\t\t\t<p>Temos uma equipa de engenharia profissional para atender a todas as necessidades detalhadas. Amostras gr\u00e1tis podem ser enviadas para que voc\u00ea saiba mais fatos. Para que voc\u00ea possa atender aos seus desejos, sinta-se \u00e0 vontade para nos contactar. Pode enviar-nos e-mails e telefonar-nos diretamente.<\/p>\t\t\t\t\t\t\t\t<\/div>\n\t\t\t\t<div class=\"elementor-element elementor-element-d68c92b elementor-widget elementor-widget-google_maps\" data-id=\"d68c92b\" data-element_type=\"widget\" data-widget_type=\"google_maps.default\">\n\t\t\t\t\t\t\t<div class=\"elementor-custom-embed\">\n\t\t\t<iframe loading=\"lazy\"\n\t\t\t\t\tsrc=\"https:\/\/maps.google.com\/maps?q=Jiangzhuang%20Logistics%20Park%2C%20Jiangzhuang%20Town%2C%20Gaomi%20City%2C%20Weifang%20City%2C%20Shandong%20Province%2C%20China&#038;t=m&#038;z=10&#038;output=embed&#038;iwloc=near\"\n\t\t\t\t\ttitle=\"Jiangzhuang Logistics Park, Jiangzhuang Town, Gaomi City, Weifang City, prov\u00edncia de Shandong, China\"\n\t\t\t\t\taria-label=\"Jiangzhuang Logistics Park, Jiangzhuang Town, Gaomi City, Weifang City, prov\u00edncia de Shandong, China\"\n\t\t\t><\/iframe>\n\t\t<\/div>\n\t\t\t\t\t\t<\/div>\n\t\t\t\t<\/div>\n\t\t<div class=\"elementor-element elementor-element-965bb4a e-con-full e-flex e-con e-child\" data-id=\"965bb4a\" data-element_type=\"container\">\n\t\t\t\t<div class=\"elementor-element elementor-element-358801f elementor-widget elementor-widget-heading\" data-id=\"358801f\" data-element_type=\"widget\" data-widget_type=\"heading.default\">\n\t\t\t\t\t<h3 class=\"elementor-heading-title elementor-size-default\">ENDERE\u00c7O<\/h3>\t\t\t\t<\/div>\n\t\t\t\t<div class=\"elementor-element elementor-element-dc01611 elementor-widget elementor-widget-heading\" data-id=\"dc01611\" data-element_type=\"widget\" data-widget_type=\"heading.default\">\n\t\t\t\t\t<p class=\"elementor-heading-title elementor-size-default\">Jiangzhuang Logistics Park, Jiangzhuang Town, Gaomi City, Weifang City, prov\u00edncia de Shandong, China<\/p>\t\t\t\t<\/div>\n\t\t\t\t<div class=\"elementor-element elementor-element-b0b7fdd elementor-widget elementor-widget-heading\" data-id=\"b0b7fdd\" data-element_type=\"widget\" data-widget_type=\"heading.default\">\n\t\t\t\t\t<h3 class=\"elementor-heading-title elementor-size-default\">E-MAIL<\/h3>\t\t\t\t<\/div>\n\t\t\t\t<div class=\"elementor-element elementor-element-9f0ec96 elementor-widget elementor-widget-heading\" data-id=\"9f0ec96\" data-element_type=\"widget\" data-widget_type=\"heading.default\">\n\t\t\t\t\t<div class=\"elementor-heading-title elementor-size-default\"><a href=\"mailto:tianpeng@gmshunfa.cn\">tianpeng@gmshunfa.cn<\/a><\/div>\t\t\t\t<\/div>\n\t\t\t\t<div class=\"elementor-element elementor-element-fc9adb9 elementor-widget elementor-widget-heading\" data-id=\"fc9adb9\" data-element_type=\"widget\" data-widget_type=\"heading.default\">\n\t\t\t\t\t<div class=\"elementor-heading-title elementor-size-default\"><a href=\"mailto:wangyu@gmshunfa.cn\">wangyu@gmshunfa.cn<\/a><\/div>\t\t\t\t<\/div>\n\t\t\t\t<div class=\"elementor-element elementor-element-113fb47 elementor-widget elementor-widget-heading\" data-id=\"113fb47\" data-element_type=\"widget\" data-widget_type=\"heading.default\">\n\t\t\t\t\t<div class=\"elementor-heading-title elementor-size-default\"><a href=\"mailto:tianlei@gmshunfa.cn\">tianlei@gmshunfa.cn<\/a><\/div>\t\t\t\t<\/div>\n\t\t\t\t<div class=\"elementor-element elementor-element-4e6056c elementor-widget elementor-widget-heading\" data-id=\"4e6056c\" data-element_type=\"widget\" data-widget_type=\"heading.default\">\n\t\t\t\t\t<h3 class=\"elementor-heading-title elementor-size-default\">WHATSAPP<\/h3>\t\t\t\t<\/div>\n\t\t\t\t<div class=\"elementor-element elementor-element-c6f8005 elementor-widget elementor-widget-heading\" data-id=\"c6f8005\" data-element_type=\"widget\" data-widget_type=\"heading.default\">\n\t\t\t\t\t<div class=\"elementor-heading-title elementor-size-default\"><a href=\"#\">+86 13070808916\uff08Kevin\uff09<\/a><\/div>\t\t\t\t<\/div>\n\t\t\t\t<div class=\"elementor-element elementor-element-a12da98 elementor-widget elementor-widget-heading\" data-id=\"a12da98\" data-element_type=\"widget\" data-widget_type=\"heading.default\">\n\t\t\t\t\t<div class=\"elementor-heading-title elementor-size-default\"><a href=\"#\">+ 86 15806463289 (Quincy)<\/a><\/div>\t\t\t\t<\/div>\n\t\t\t\t<div class=\"elementor-element elementor-element-c19ca32 elementor-widget elementor-widget-heading\" data-id=\"c19ca32\" data-element_type=\"widget\" data-widget_type=\"heading.default\">\n\t\t\t\t\t<div class=\"elementor-heading-title elementor-size-default\"><a href=\"#\">+86 15553661444\uff08Jason\uff09<\/a><\/div>\t\t\t\t<\/div>\n\t\t\t\t<div class=\"elementor-element elementor-element-7bebbc3 e-grid-align-left elementor-shape-rounded elementor-grid-0 elementor-widget elementor-widget-social-icons\" data-id=\"7bebbc3\" data-element_type=\"widget\" data-widget_type=\"social-icons.default\">\n\t\t\t\t\t\t\t<div class=\"elementor-social-icons-wrapper elementor-grid\" role=\"list\">\n\t\t\t\t\t\t\t<span class=\"elementor-grid-item\" role=\"listitem\">\n\t\t\t\t\t<a class=\"elementor-icon elementor-social-icon elementor-social-icon-facebook elementor-repeater-item-0158240\" target=\"_blank\">\n\t\t\t\t\t\t<span class=\"elementor-screen-only\">Facebook<\/span>\n\t\t\t\t\t\t<svg aria-hidden=\"true\" class=\"e-font-icon-svg e-fab-facebook\" viewbox=\"0 0 512 512\" xmlns=\"http:\/\/www.w3.org\/2000\/svg\"><path d=\"M504 256C504 119 393 8 256 8S8 119 8 256c0 123.78 90.69 226.38 209.25 245V327.69h-63V256h63v-54.64c0-62.15 37-96.48 93.67-96.48 27.14 0 55.52 4.84 55.52 4.84v61h-31.28c-30.8 0-40.41 19.12-40.41 38.73V256h68.78l-11 71.69h-57.78V501C413.31 482.38 504 379.78 504 256z\"><\/path><\/svg>\t\t\t\t\t<\/a>\n\t\t\t\t<\/span>\n\t\t\t\t\t\t\t<span class=\"elementor-grid-item\" role=\"listitem\">\n\t\t\t\t\t<a class=\"elementor-icon elementor-social-icon elementor-social-icon-twitter elementor-repeater-item-ebc92d2\" target=\"_blank\">\n\t\t\t\t\t\t<span class=\"elementor-screen-only\">Twitter<\/span>\n\t\t\t\t\t\t<svg aria-hidden=\"true\" class=\"e-font-icon-svg e-fab-twitter\" viewbox=\"0 0 512 512\" xmlns=\"http:\/\/www.w3.org\/2000\/svg\"><path d=\"M459.37 151.716c.325 4.548.325 9.097.325 13.645 0 138.72-105.583 298.558-298.558 298.558-59.452 0-114.68-17.219-161.137-47.106 8.447.974 16.568 1.299 25.34 1.299 49.055 0 94.213-16.568 130.274-44.832-46.132-.975-84.792-31.188-98.112-72.772 6.498.974 12.995 1.624 19.818 1.624 9.421 0 18.843-1.3 27.614-3.573-48.081-9.747-84.143-51.98-84.143-102.985v-1.299c13.969 7.797 30.214 12.67 47.431 13.319-28.264-18.843-46.781-51.005-46.781-87.391 0-19.492 5.197-37.36 14.294-52.954 51.655 63.675 129.3 105.258 216.365 109.807-1.624-7.797-2.599-15.918-2.599-24.04 0-57.828 46.782-104.934 104.934-104.934 30.213 0 57.502 12.67 76.67 33.137 23.715-4.548 46.456-13.32 66.599-25.34-7.798 24.366-24.366 44.833-46.132 57.827 21.117-2.273 41.584-8.122 60.426-16.243-14.292 20.791-32.161 39.308-52.628 54.253z\"><\/path><\/svg>\t\t\t\t\t<\/a>\n\t\t\t\t<\/span>\n\t\t\t\t\t\t\t<span class=\"elementor-grid-item\" role=\"listitem\">\n\t\t\t\t\t<a class=\"elementor-icon elementor-social-icon elementor-social-icon-youtube elementor-repeater-item-cb2f184\" target=\"_blank\">\n\t\t\t\t\t\t<span class=\"elementor-screen-only\">Youtube<\/span>\n\t\t\t\t\t\t<svg aria-hidden=\"true\" class=\"e-font-icon-svg e-fab-youtube\" viewbox=\"0 0 576 512\" xmlns=\"http:\/\/www.w3.org\/2000\/svg\"><path d=\"M549.655 124.083c-6.281-23.65-24.787-42.276-48.284-48.597C458.781 64 288 64 288 64S117.22 64 74.629 75.486c-23.497 6.322-42.003 24.947-48.284 48.597-11.412 42.867-11.412 132.305-11.412 132.305s0 89.438 11.412 132.305c6.281 23.65 24.787 41.5 48.284 47.821C117.22 448 288 448 288 448s170.78 0 213.371-11.486c23.497-6.321 42.003-24.171 48.284-47.821 11.412-42.867 11.412-132.305 11.412-132.305s0-89.438-11.412-132.305zm-317.51 213.508V175.185l142.739 81.205-142.739 81.201z\"><\/path><\/svg>\t\t\t\t\t<\/a>\n\t\t\t\t<\/span>\n\t\t\t\t\t\t\t<span class=\"elementor-grid-item\" role=\"listitem\">\n\t\t\t\t\t<a class=\"elementor-icon elementor-social-icon elementor-social-icon-linkedin elementor-repeater-item-92ad78f\" target=\"_blank\">\n\t\t\t\t\t\t<span class=\"elementor-screen-only\">Linkedin<\/span>\n\t\t\t\t\t\t<svg aria-hidden=\"true\" class=\"e-font-icon-svg e-fab-linkedin\" viewbox=\"0 0 448 512\" xmlns=\"http:\/\/www.w3.org\/2000\/svg\"><path d=\"M416 32H31.9C14.3 32 0 46.5 0 64.3v383.4C0 465.5 14.3 480 31.9 480H416c17.6 0 32-14.5 32-32.3V64.3c0-17.8-14.4-32.3-32-32.3zM135.4 416H69V202.2h66.5V416zm-33.2-243c-21.3 0-38.5-17.3-38.5-38.5S80.9 96 102.2 96c21.2 0 38.5 17.3 38.5 38.5 0 21.3-17.2 38.5-38.5 38.5zm282.1 243h-66.4V312c0-24.8-.5-56.7-34.5-56.7-34.6 0-39.9 27-39.9 54.9V416h-66.4V202.2h63.7v29.2h.9c8.9-16.8 30.6-34.5 62.9-34.5 67.2 0 79.7 44.3 79.7 101.9V416z\"><\/path><\/svg>\t\t\t\t\t<\/a>\n\t\t\t\t<\/span>\n\t\t\t\t\t<\/div>\n\t\t\t\t\t\t<\/div>\n\t\t\t\t<\/div>\n\t\t\t\t<\/div>\n\t\t\t\t\t<\/div>\n\t\t\t\t<\/div>\n\t\t<div class=\"elementor-element elementor-element-4e98a91 e-flex e-con-boxed e-con e-child\" data-id=\"4e98a91\" data-element_type=\"container\">\n\t\t\t\t\t<div class=\"e-con-inner\">\n\t\t\t\t<div class=\"elementor-element elementor-element-cbc9c35 elementor-widget elementor-widget-heading\" data-id=\"cbc9c35\" data-element_type=\"widget\" data-widget_type=\"heading.default\">\n\t\t\t\t\t<p class=\"elementor-heading-title elementor-size-default\">Deixe a sua mensagem<\/p>\t\t\t\t<\/div>\n\t\t\t\t<div class=\"elementor-element elementor-element-5188e7a elementor-button-align-stretch elementor-widget elementor-widget-form\" data-id=\"5188e7a\" data-element_type=\"widget\" data-settings=\"{&quot;step_next_label&quot;:&quot;Next&quot;,&quot;step_previous_label&quot;:&quot;Previous&quot;,&quot;button_width&quot;:&quot;100&quot;,&quot;step_type&quot;:&quot;number_text&quot;,&quot;step_icon_shape&quot;:&quot;circle&quot;}\" data-widget_type=\"form.default\">\n\t\t\t\t\t\t\t<form class=\"elementor-form\" method=\"post\" name=\"New Form\" aria-label=\"Novo formul\u00e1rio\" action=\"\">\n\t\t\t<input type=\"hidden\" name=\"post_id\" value=\"103\"\/>\n\t\t\t<input type=\"hidden\" name=\"form_id\" value=\"5188e7a\"\/>\n\t\t\t<input type=\"hidden\" name=\"referer_title\" value=\"CONTACT US - shunfa\" \/>\n\n\t\t\t\t\t\t\t<input type=\"hidden\" name=\"queried_id\" value=\"103\"\/>\n\t\t\t\n\t\t\t<div class=\"elementor-form-fields-wrapper elementor-labels-\">\n\t\t\t\t\t\t\t\t<div class=\"elementor-field-type-text elementor-field-group elementor-column elementor-field-group-name elementor-col-100 elementor-field-required\">\n\t\t\t\t\t\t\t\t\t\t\t\t<label for=\"form-field-name\" class=\"elementor-field-label elementor-screen-only\">\n\t\t\t\t\t\t\t\tNome\t\t\t\t\t\t\t<\/label>\n\t\t\t\t\t\t\t\t\t\t\t\t\t\t<input size=\"1\" type=\"text\" name=\"form_fields[name]\" id=\"form-field-name\" class=\"elementor-field elementor-size-sm  elementor-field-textual\" placeholder=\"* Nome\" required=\"required\">\n\t\t\t\t\t\t\t\t\t\t\t<\/div>\n\t\t\t\t\t\t\t\t<div class=\"elementor-field-type-email elementor-field-group elementor-column elementor-field-group-email elementor-col-100 elementor-field-required\">\n\t\t\t\t\t\t\t\t\t\t\t\t<label for=\"form-field-email\" class=\"elementor-field-label elementor-screen-only\">\n\t\t\t\t\t\t\t\tCorreio eletr\u00f3nico\t\t\t\t\t\t\t<\/label>\n\t\t\t\t\t\t\t\t\t\t\t\t\t\t<input size=\"1\" type=\"email\" name=\"form_fields[email]\" id=\"form-field-email\" class=\"elementor-field elementor-size-sm  elementor-field-textual\" placeholder=\"* E-mail (responderemos por e-mail em 24 horas)\" required=\"required\">\n\t\t\t\t\t\t\t\t\t\t\t<\/div>\n\t\t\t\t\t\t\t\t<div class=\"elementor-field-type-tel elementor-field-group elementor-column elementor-field-group-field_c7d6b6e elementor-col-100\">\n\t\t\t\t\t\t\t\t\t\t\t\t<label for=\"form-field-field_c7d6b6e\" class=\"elementor-field-label elementor-screen-only\">\n\t\t\t\t\t\t\t\tTelefone\t\t\t\t\t\t\t<\/label>\n\t\t\t\t\t\t\t\t<input size=\"1\" type=\"tel\" name=\"form_fields[field_c7d6b6e]\" id=\"form-field-field_c7d6b6e\" class=\"elementor-field elementor-size-sm  elementor-field-textual\" placeholder=\"Telefone\/WhatsApp\/WeChat (muito importante)\" pattern=\"[0-9()#&amp;+*-=.]+\" title=\"S\u00f3 s\u00e3o aceites n\u00fameros e caracteres de telefone (#, -, *, etc.).\">\n\n\t\t\t\t\t\t<\/div>\n\t\t\t\t\t\t\t\t<div class=\"elementor-field-type-textarea elementor-field-group elementor-column elementor-field-group-message elementor-col-100 elementor-field-required\">\n\t\t\t\t\t\t\t\t\t\t\t\t<label for=\"form-field-message\" class=\"elementor-field-label elementor-screen-only\">\n\t\t\t\t\t\t\t\tMensagem\t\t\t\t\t\t\t<\/label>\n\t\t\t\t\t\t<textarea class=\"elementor-field-textual elementor-field  elementor-size-sm\" name=\"form_fields[message]\" id=\"form-field-message\" rows=\"4\" placeholder=\"* Introduza os detalhes do produto, como o tamanho, a cor, os materiais, etc., e outros requisitos espec\u00edficos para receber um or\u00e7amento exato.\" required=\"required\"><\/textarea>\t\t\t\t<\/div>\n\t\t\t\t\t\t\t\t<div class=\"elementor-field-group elementor-column elementor-field-type-submit elementor-col-100 e-form__buttons\">\n\t\t\t\t\t<button class=\"elementor-button elementor-size-sm\" type=\"submit\">\n\t\t\t\t\t\t<span class=\"elementor-button-content-wrapper\">\n\t\t\t\t\t\t\t\t\t\t\t\t\t\t\t\t\t\t\t\t\t\t<span class=\"elementor-button-text\">Enviar<\/span>\n\t\t\t\t\t\t\t\t\t\t\t\t\t<\/span>\n\t\t\t\t\t<\/button>\n\t\t\t\t<\/div>\n\t\t\t<\/div>\n\t\t<input type=\"hidden\" name=\"trp-form-language\" value=\"pt\"\/><\/form>\n\t\t\t\t\t\t<\/div>\n\t\t\t\t\t<\/div>\n\t\t\t\t<\/div>\n\t\t<div class=\"elementor-element elementor-element-bcc8288 e-flex e-con-boxed e-con e-parent\" data-id=\"bcc8288\" data-element_type=\"container\">\n\t\t\t\t\t<div class=\"e-con-inner\">\n\t\t\t\t<div class=\"elementor-element elementor-element-b4245af elementor-widget-divider--view-line elementor-widget elementor-widget-divider\" data-id=\"b4245af\" data-element_type=\"widget\" data-widget_type=\"divider.default\">\n\t\t\t\t\t\t\t<div class=\"elementor-divider\">\n\t\t\t<span class=\"elementor-divider-separator\">\n\t\t\t\t\t\t<\/span>\n\t\t<\/div>\n\t\t\t\t\t\t<\/div>\n\t\t\t\t\t<\/div>\n\t\t\t\t<\/div>\n\t\t\t\t<\/div>","protected":false},"excerpt":{"rendered":"<p>Contact Us Gaomi Shunfa Steel Products Technology Co., Ltd. CONTACT US We&#8217;ve got a professional engineering team to serve for the every single detailed needs. Free samples may be sent for you personally to know far more facts. So that you can meet your desires, please really feel cost-free to contact us. You could send [&hellip;]<\/p>","protected":false},"author":1,"featured_media":0,"parent":0,"menu_order":0,"comment_status":"closed","ping_status":"closed","template":"","meta":{"footnotes":""},"class_list":["post-103","page","type-page","status-publish","hentry"],"yoast_head":"<!-- This site is optimized with the Yoast SEO plugin v26.7 - https:\/\/yoast.com\/wordpress\/plugins\/seo\/ -->\n<title>CONTACT US - shunfa<\/title>\n<meta name=\"robots\" content=\"index, follow, max-snippet:-1, max-image-preview:large, max-video-preview:-1\" \/>\n<link rel=\"canonical\" href=\"https:\/\/shunfa.themedemo.top\/pt\/contactar-nos\/\" \/>\n<meta property=\"og:locale\" content=\"pt_PT\" \/>\n<meta property=\"og:type\" content=\"article\" \/>\n<meta property=\"og:title\" content=\"CONTACT US - shunfa\" \/>\n<meta property=\"og:description\" content=\"Contact Us Gaomi Shunfa Steel Products Technology Co., Ltd. CONTACT US We&#8217;ve got a professional engineering team to serve for the every single detailed needs. Free samples may be sent for you personally to know far more facts. So that you can meet your desires, please really feel cost-free to contact us. You could send [&hellip;]\" \/>\n<meta property=\"og:url\" content=\"https:\/\/shunfa.themedemo.top\/pt\/contactar-nos\/\" \/>\n<meta property=\"og:site_name\" content=\"shunfa\" \/>\n<meta property=\"article:modified_time\" content=\"2026-01-07T07:33:58+00:00\" \/>\n<meta name=\"twitter:card\" content=\"summary_large_image\" \/>\n<meta name=\"twitter:label1\" content=\"Tempo estimado de leitura\" \/>\n\t<meta name=\"twitter:data1\" content=\"1 minuto\" \/>\n<script type=\"application\/ld+json\" class=\"yoast-schema-graph\">{\"@context\":\"https:\/\/schema.org\",\"@graph\":[{\"@type\":\"WebPage\",\"@id\":\"https:\/\/shunfa.themedemo.top\/contact-us\/\",\"url\":\"https:\/\/shunfa.themedemo.top\/contact-us\/\",\"name\":\"CONTACT US - shunfa\",\"isPartOf\":{\"@id\":\"https:\/\/shunfa.themedemo.top\/#website\"},\"datePublished\":\"2025-12-21T01:09:21+00:00\",\"dateModified\":\"2026-01-07T07:33:58+00:00\",\"breadcrumb\":{\"@id\":\"https:\/\/shunfa.themedemo.top\/contact-us\/#breadcrumb\"},\"inLanguage\":\"pt-PT\",\"potentialAction\":[{\"@type\":\"ReadAction\",\"target\":[\"https:\/\/shunfa.themedemo.top\/contact-us\/\"]}]},{\"@type\":\"BreadcrumbList\",\"@id\":\"https:\/\/shunfa.themedemo.top\/contact-us\/#breadcrumb\",\"itemListElement\":[{\"@type\":\"ListItem\",\"position\":1,\"name\":\"Home\",\"item\":\"https:\/\/shunfa.themedemo.top\/\"},{\"@type\":\"ListItem\",\"position\":2,\"name\":\"CONTACT US\"}]},{\"@type\":\"WebSite\",\"@id\":\"https:\/\/shunfa.themedemo.top\/#website\",\"url\":\"https:\/\/shunfa.themedemo.top\/\",\"name\":\"shunfa\",\"description\":\"\",\"publisher\":{\"@id\":\"https:\/\/shunfa.themedemo.top\/#organization\"},\"potentialAction\":[{\"@type\":\"SearchAction\",\"target\":{\"@type\":\"EntryPoint\",\"urlTemplate\":\"https:\/\/shunfa.themedemo.top\/?s={search_term_string}\"},\"query-input\":{\"@type\":\"PropertyValueSpecification\",\"valueRequired\":true,\"valueName\":\"search_term_string\"}}],\"inLanguage\":\"pt-PT\"},{\"@type\":\"Organization\",\"@id\":\"https:\/\/shunfa.themedemo.top\/#organization\",\"name\":\"shunfa\",\"url\":\"https:\/\/shunfa.themedemo.top\/\",\"logo\":{\"@type\":\"ImageObject\",\"inLanguage\":\"pt-PT\",\"@id\":\"https:\/\/shunfa.themedemo.top\/#\/schema\/logo\/image\/\",\"url\":\"https:\/\/shunfa.themedemo.top\/wp-content\/uploads\/2025\/12\/20251221034929f0109.png\",\"contentUrl\":\"https:\/\/shunfa.themedemo.top\/wp-content\/uploads\/2025\/12\/20251221034929f0109.png\",\"width\":286,\"height\":297,\"caption\":\"shunfa\"},\"image\":{\"@id\":\"https:\/\/shunfa.themedemo.top\/#\/schema\/logo\/image\/\"}}]}<\/script>\n<!-- \/ Yoast SEO plugin. -->","yoast_head_json":{"title":"CONTACTE-NOS - shunfa","robots":{"index":"index","follow":"follow","max-snippet":"max-snippet:-1","max-image-preview":"max-image-preview:large","max-video-preview":"max-video-preview:-1"},"canonical":"https:\/\/shunfa.themedemo.top\/pt\/contactar-nos\/","og_locale":"pt_PT","og_type":"article","og_title":"CONTACT US - shunfa","og_description":"Contact Us Gaomi Shunfa Steel Products Technology Co., Ltd. CONTACT US We&#8217;ve got a professional engineering team to serve for the every single detailed needs. Free samples may be sent for you personally to know far more facts. So that you can meet your desires, please really feel cost-free to contact us. You could send [&hellip;]","og_url":"https:\/\/shunfa.themedemo.top\/pt\/contactar-nos\/","og_site_name":"shunfa","article_modified_time":"2026-01-07T07:33:58+00:00","twitter_card":"summary_large_image","twitter_misc":{"Tempo estimado de leitura":"1 minuto"},"schema":{"@context":"https:\/\/schema.org","@graph":[{"@type":"WebPage","@id":"https:\/\/shunfa.themedemo.top\/contact-us\/","url":"https:\/\/shunfa.themedemo.top\/contact-us\/","name":"CONTACTE-NOS - shunfa","isPartOf":{"@id":"https:\/\/shunfa.themedemo.top\/#website"},"datePublished":"2025-12-21T01:09:21+00:00","dateModified":"2026-01-07T07:33:58+00:00","breadcrumb":{"@id":"https:\/\/shunfa.themedemo.top\/contact-us\/#breadcrumb"},"inLanguage":"pt-PT","potentialAction":[{"@type":"ReadAction","target":["https:\/\/shunfa.themedemo.top\/contact-us\/"]}]},{"@type":"BreadcrumbList","@id":"https:\/\/shunfa.themedemo.top\/contact-us\/#breadcrumb","itemListElement":[{"@type":"ListItem","position":1,"name":"Home","item":"https:\/\/shunfa.themedemo.top\/"},{"@type":"ListItem","position":2,"name":"CONTACT US"}]},{"@type":"WebSite","@id":"https:\/\/shunfa.themedemo.top\/#website","url":"https:\/\/shunfa.themedemo.top\/","name":"shunfa","description":"","publisher":{"@id":"https:\/\/shunfa.themedemo.top\/#organization"},"potentialAction":[{"@type":"SearchAction","target":{"@type":"EntryPoint","urlTemplate":"https:\/\/shunfa.themedemo.top\/?s={search_term_string}"},"query-input":{"@type":"PropertyValueSpecification","valueRequired":true,"valueName":"search_term_string"}}],"inLanguage":"pt-PT"},{"@type":"Organization","@id":"https:\/\/shunfa.themedemo.top\/#organization","name":"shunfa","url":"https:\/\/shunfa.themedemo.top\/","logo":{"@type":"ImageObject","inLanguage":"pt-PT","@id":"https:\/\/shunfa.themedemo.top\/#\/schema\/logo\/image\/","url":"https:\/\/shunfa.themedemo.top\/wp-content\/uploads\/2025\/12\/20251221034929f0109.png","contentUrl":"https:\/\/shunfa.themedemo.top\/wp-content\/uploads\/2025\/12\/20251221034929f0109.png","width":286,"height":297,"caption":"shunfa"},"image":{"@id":"https:\/\/shunfa.themedemo.top\/#\/schema\/logo\/image\/"}}]}},"_links":{"self":[{"href":"https:\/\/shunfa.themedemo.top\/pt\/wp-json\/wp\/v2\/pages\/103","targetHints":{"allow":["GET"]}}],"collection":[{"href":"https:\/\/shunfa.themedemo.top\/pt\/wp-json\/wp\/v2\/pages"}],"about":[{"href":"https:\/\/shunfa.themedemo.top\/pt\/wp-json\/wp\/v2\/types\/page"}],"author":[{"embeddable":true,"href":"https:\/\/shunfa.themedemo.top\/pt\/wp-json\/wp\/v2\/users\/1"}],"replies":[{"embeddable":true,"href":"https:\/\/shunfa.themedemo.top\/pt\/wp-json\/wp\/v2\/comments?post=103"}],"version-history":[{"count":31,"href":"https:\/\/shunfa.themedemo.top\/pt\/wp-json\/wp\/v2\/pages\/103\/revisions"}],"predecessor-version":[{"id":1503,"href":"https:\/\/shunfa.themedemo.top\/pt\/wp-json\/wp\/v2\/pages\/103\/revisions\/1503"}],"wp:attachment":[{"href":"https:\/\/shunfa.themedemo.top\/pt\/wp-json\/wp\/v2\/media?parent=103"}],"curies":[{"name":"wp","href":"https:\/\/api.w.org\/{rel}","templated":true}]}}