{"id":1082,"date":"2025-12-29T02:06:52","date_gmt":"2025-12-29T02:06:52","guid":{"rendered":"https:\/\/shunfa.themedemo.top\/?post_type=product&#038;p=1082"},"modified":"2025-12-29T02:28:50","modified_gmt":"2025-12-29T02:28:50","slug":"roof-rock-wool-fireproof-interior-and-exterior-wall-sandwich-panel-easy-to-install-insulated-factory-warehouse-container-houses","status":"publish","type":"product","link":"https:\/\/shunfa.themedemo.top\/pt\/produto\/roof-rock-wool-fireproof-interior-and-exterior-wall-sandwich-panel-easy-to-install-insulated-factory-warehouse-container-houses\/","title":{"rendered":"Telhado de l\u00e3 de rocha Painel sandu\u00edche para parede interior e exterior \u00e0 prova de fogo F\u00e1cil de instalar Isolamento t\u00e9rmico para armaz\u00e9m de f\u00e1brica Casas de contentores"},"content":{"rendered":"<h3 class=\"id-flex id-justify-between id-items-center id-text-black-222 id-font-inter id-text-lg id-font-bold id-mb-[20px] id-leading-6\" data-testid=\"product-detail-title\"><span data-spm-anchor-id=\"a2700.details.0.i113.2a6e2f236xAvuR\">Product descriptions from the supplier<\/span><\/h3>\n<div class=\"id-flex id-flex-col id-gap-3\" data-spm-anchor-id=\"a2700.details.0.i117.2a6e2f236xAvuR\">\n<ul>\n<li class=\"id-text-black-222 id-font-inter id-text-sm id-leading-5 id-font-normal id-flex\" data-testid=\"product-detail-text-sort\">\n<div class=\"id-w-1 id-h-1 id-rounded-full id-bg-[#000000D9] id-flex-shrink-0 id-flex-grow-0 id-mt-[8px]\">Parede interior e exterior \u00e0 prova de som: Reduz o ru\u00eddo para espa\u00e7os de vida tranquilos.<\/div>\n<\/li>\n<li class=\"id-text-black-222 id-font-inter id-text-sm id-leading-5 id-font-normal id-flex\" data-testid=\"product-detail-text-sort\" data-spm-anchor-id=\"a2700.details.0.i115.2a6e2f236xAvuR\">\n<div class=\"id-w-1 id-h-1 id-rounded-full id-bg-[#000000D9] id-flex-shrink-0 id-flex-grow-0 id-mt-[8px]\">Isolamento de l\u00e3 de rocha: Aumenta a efici\u00eancia t\u00e9rmica e a poupan\u00e7a de energia.<\/div>\n<\/li>\n<li class=\"id-text-black-222 id-font-inter id-text-sm id-leading-5 id-font-normal id-flex\" data-testid=\"product-detail-text-sort\" data-spm-anchor-id=\"a2700.details.0.i118.2a6e2f236xAvuR\">\n<div class=\"id-w-1 id-h-1 id-rounded-full id-bg-[#000000D9] id-flex-shrink-0 id-flex-grow-0 id-mt-[8px]\">F\u00e1cil instala\u00e7\u00e3o: Simplifica a configura\u00e7\u00e3o para uma implementa\u00e7\u00e3o r\u00e1pida e eficiente.<\/div>\n<\/li>\n<li class=\"id-text-black-222 id-font-inter id-text-sm id-leading-5 id-font-normal id-flex\" data-testid=\"product-detail-text-sort\">\n<div class=\"id-w-1 id-h-1 id-rounded-full id-bg-[#000000D9] id-flex-shrink-0 id-flex-grow-0 id-mt-[8px]\">Eps rock wool pir pu\/pur polyurethane roof wall sandwich panel acoustic building material foam tiles construction sheet metal aluminum composite boards insulated sound proof sip waterproof B1 fireproof insulation eco friendly 20ft 40ft container interior and exterior cold room warehouse factory 30mm 40mm 50mm 70mm 80mm.<\/div>\n<\/li>\n<\/ul>\n<\/div>","protected":false},"excerpt":{"rendered":"<h4>Soundproofing, insulation, simplicity.Easy to install insulated factory warehouse container houses.<\/h4>","protected":false},"featured_media":1084,"comment_status":"open","ping_status":"closed","template":"","meta":[],"product_brand":[],"product_cat":[27],"product_tag":[],"class_list":{"0":"post-1082","1":"product","2":"type-product","3":"status-publish","4":"has-post-thumbnail","6":"product_cat-rock-wool-sandwich-panel","8":"first","9":"instock","10":"shipping-taxable","11":"product-type-simple"},"yoast_head":"<!-- This site is optimized with the Yoast SEO plugin v26.7 - https:\/\/yoast.com\/wordpress\/plugins\/seo\/ -->\n<title>Roof Rock Wool Fireproof Interior and Exterior Wall Sandwich Panel Easy to Install Insulated Factory Warehouse Container Houses - shunfa<\/title>\n<meta name=\"robots\" content=\"index, follow, max-snippet:-1, max-image-preview:large, max-video-preview:-1\" \/>\n<link rel=\"canonical\" href=\"https:\/\/shunfa.themedemo.top\/pt\/produto\/roof-rock-wool-fireproof-interior-and-exterior-wall-sandwich-panel-easy-to-install-insulated-factory-warehouse-container-houses\/\" \/>\n<meta property=\"og:locale\" content=\"pt_PT\" \/>\n<meta property=\"og:type\" content=\"article\" \/>\n<meta property=\"og:title\" content=\"Roof Rock Wool Fireproof Interior and Exterior Wall Sandwich Panel Easy to Install Insulated Factory Warehouse Container Houses - shunfa\" \/>\n<meta property=\"og:description\" content=\"Soundproofing, insulation, simplicity.Easy to install insulated factory warehouse container houses.\" \/>\n<meta property=\"og:url\" content=\"https:\/\/shunfa.themedemo.top\/pt\/produto\/roof-rock-wool-fireproof-interior-and-exterior-wall-sandwich-panel-easy-to-install-insulated-factory-warehouse-container-houses\/\" \/>\n<meta property=\"og:site_name\" content=\"shunfa\" \/>\n<meta property=\"article:modified_time\" content=\"2025-12-29T02:28:50+00:00\" \/>\n<meta name=\"twitter:card\" content=\"summary_large_image\" \/>\n<meta name=\"twitter:label1\" content=\"Tempo estimado de leitura\" \/>\n\t<meta name=\"twitter:data1\" content=\"1 minuto\" \/>\n<script type=\"application\/ld+json\" class=\"yoast-schema-graph\">{\"@context\":\"https:\/\/schema.org\",\"@graph\":[{\"@type\":\"WebPage\",\"@id\":\"https:\/\/shunfa.themedemo.top\/product\/roof-rock-wool-fireproof-interior-and-exterior-wall-sandwich-panel-easy-to-install-insulated-factory-warehouse-container-houses\/\",\"url\":\"https:\/\/shunfa.themedemo.top\/product\/roof-rock-wool-fireproof-interior-and-exterior-wall-sandwich-panel-easy-to-install-insulated-factory-warehouse-container-houses\/\",\"name\":\"Roof Rock Wool Fireproof Interior and Exterior Wall Sandwich Panel Easy to Install Insulated Factory Warehouse Container Houses - shunfa\",\"isPartOf\":{\"@id\":\"https:\/\/shunfa.themedemo.top\/#website\"},\"primaryImageOfPage\":{\"@id\":\"https:\/\/shunfa.themedemo.top\/product\/roof-rock-wool-fireproof-interior-and-exterior-wall-sandwich-panel-easy-to-install-insulated-factory-warehouse-container-houses\/#primaryimage\"},\"image\":{\"@id\":\"https:\/\/shunfa.themedemo.top\/product\/roof-rock-wool-fireproof-interior-and-exterior-wall-sandwich-panel-easy-to-install-insulated-factory-warehouse-container-houses\/#primaryimage\"},\"thumbnailUrl\":\"https:\/\/shunfa.themedemo.top\/wp-content\/uploads\/2025\/12\/H9419be82d7bf423c82795f00c04f3cb4x.avif\",\"datePublished\":\"2025-12-29T02:06:52+00:00\",\"dateModified\":\"2025-12-29T02:28:50+00:00\",\"breadcrumb\":{\"@id\":\"https:\/\/shunfa.themedemo.top\/product\/roof-rock-wool-fireproof-interior-and-exterior-wall-sandwich-panel-easy-to-install-insulated-factory-warehouse-container-houses\/#breadcrumb\"},\"inLanguage\":\"pt-PT\",\"potentialAction\":[{\"@type\":\"ReadAction\",\"target\":[\"https:\/\/shunfa.themedemo.top\/product\/roof-rock-wool-fireproof-interior-and-exterior-wall-sandwich-panel-easy-to-install-insulated-factory-warehouse-container-houses\/\"]}]},{\"@type\":\"ImageObject\",\"inLanguage\":\"pt-PT\",\"@id\":\"https:\/\/shunfa.themedemo.top\/product\/roof-rock-wool-fireproof-interior-and-exterior-wall-sandwich-panel-easy-to-install-insulated-factory-warehouse-container-houses\/#primaryimage\",\"url\":\"https:\/\/shunfa.themedemo.top\/wp-content\/uploads\/2025\/12\/H9419be82d7bf423c82795f00c04f3cb4x.avif\",\"contentUrl\":\"https:\/\/shunfa.themedemo.top\/wp-content\/uploads\/2025\/12\/H9419be82d7bf423c82795f00c04f3cb4x.avif\",\"width\":1000,\"height\":1000},{\"@type\":\"BreadcrumbList\",\"@id\":\"https:\/\/shunfa.themedemo.top\/product\/roof-rock-wool-fireproof-interior-and-exterior-wall-sandwich-panel-easy-to-install-insulated-factory-warehouse-container-houses\/#breadcrumb\",\"itemListElement\":[{\"@type\":\"ListItem\",\"position\":1,\"name\":\"Home\",\"item\":\"https:\/\/shunfa.themedemo.top\/\"},{\"@type\":\"ListItem\",\"position\":2,\"name\":\"Products\",\"item\":\"https:\/\/shunfa.themedemo.top\/products\/\"},{\"@type\":\"ListItem\",\"position\":3,\"name\":\"Roof Rock Wool Fireproof Interior and Exterior Wall Sandwich Panel Easy to Install Insulated Factory Warehouse Container Houses\"}]},{\"@type\":\"WebSite\",\"@id\":\"https:\/\/shunfa.themedemo.top\/#website\",\"url\":\"https:\/\/shunfa.themedemo.top\/\",\"name\":\"shunfa\",\"description\":\"\",\"publisher\":{\"@id\":\"https:\/\/shunfa.themedemo.top\/#organization\"},\"potentialAction\":[{\"@type\":\"SearchAction\",\"target\":{\"@type\":\"EntryPoint\",\"urlTemplate\":\"https:\/\/shunfa.themedemo.top\/?s={search_term_string}\"},\"query-input\":{\"@type\":\"PropertyValueSpecification\",\"valueRequired\":true,\"valueName\":\"search_term_string\"}}],\"inLanguage\":\"pt-PT\"},{\"@type\":\"Organization\",\"@id\":\"https:\/\/shunfa.themedemo.top\/#organization\",\"name\":\"shunfa\",\"url\":\"https:\/\/shunfa.themedemo.top\/\",\"logo\":{\"@type\":\"ImageObject\",\"inLanguage\":\"pt-PT\",\"@id\":\"https:\/\/shunfa.themedemo.top\/#\/schema\/logo\/image\/\",\"url\":\"https:\/\/shunfa.themedemo.top\/wp-content\/uploads\/2025\/12\/20251221034929f0109.png\",\"contentUrl\":\"https:\/\/shunfa.themedemo.top\/wp-content\/uploads\/2025\/12\/20251221034929f0109.png\",\"width\":286,\"height\":297,\"caption\":\"shunfa\"},\"image\":{\"@id\":\"https:\/\/shunfa.themedemo.top\/#\/schema\/logo\/image\/\"}}]}<\/script>\n<!-- \/ Yoast SEO plugin. -->","yoast_head_json":{"title":"Roof Rock Wool Fireproof Interior and Exterior Wall Sandwich Panel Easy to Install Insulated Factory Warehouse Container Houses - shunfa","robots":{"index":"index","follow":"follow","max-snippet":"max-snippet:-1","max-image-preview":"max-image-preview:large","max-video-preview":"max-video-preview:-1"},"canonical":"https:\/\/shunfa.themedemo.top\/pt\/produto\/roof-rock-wool-fireproof-interior-and-exterior-wall-sandwich-panel-easy-to-install-insulated-factory-warehouse-container-houses\/","og_locale":"pt_PT","og_type":"article","og_title":"Roof Rock Wool Fireproof Interior and Exterior Wall Sandwich Panel Easy to Install Insulated Factory Warehouse Container Houses - shunfa","og_description":"Soundproofing, insulation, simplicity.Easy to install insulated factory warehouse container houses.","og_url":"https:\/\/shunfa.themedemo.top\/pt\/produto\/roof-rock-wool-fireproof-interior-and-exterior-wall-sandwich-panel-easy-to-install-insulated-factory-warehouse-container-houses\/","og_site_name":"shunfa","article_modified_time":"2025-12-29T02:28:50+00:00","twitter_card":"summary_large_image","twitter_misc":{"Tempo estimado de leitura":"1 minuto"},"schema":{"@context":"https:\/\/schema.org","@graph":[{"@type":"WebPage","@id":"https:\/\/shunfa.themedemo.top\/product\/roof-rock-wool-fireproof-interior-and-exterior-wall-sandwich-panel-easy-to-install-insulated-factory-warehouse-container-houses\/","url":"https:\/\/shunfa.themedemo.top\/product\/roof-rock-wool-fireproof-interior-and-exterior-wall-sandwich-panel-easy-to-install-insulated-factory-warehouse-container-houses\/","name":"Roof Rock Wool Fireproof Interior and Exterior Wall Sandwich Panel Easy to Install Insulated Factory Warehouse Container Houses - shunfa","isPartOf":{"@id":"https:\/\/shunfa.themedemo.top\/#website"},"primaryImageOfPage":{"@id":"https:\/\/shunfa.themedemo.top\/product\/roof-rock-wool-fireproof-interior-and-exterior-wall-sandwich-panel-easy-to-install-insulated-factory-warehouse-container-houses\/#primaryimage"},"image":{"@id":"https:\/\/shunfa.themedemo.top\/product\/roof-rock-wool-fireproof-interior-and-exterior-wall-sandwich-panel-easy-to-install-insulated-factory-warehouse-container-houses\/#primaryimage"},"thumbnailUrl":"https:\/\/shunfa.themedemo.top\/wp-content\/uploads\/2025\/12\/H9419be82d7bf423c82795f00c04f3cb4x.avif","datePublished":"2025-12-29T02:06:52+00:00","dateModified":"2025-12-29T02:28:50+00:00","breadcrumb":{"@id":"https:\/\/shunfa.themedemo.top\/product\/roof-rock-wool-fireproof-interior-and-exterior-wall-sandwich-panel-easy-to-install-insulated-factory-warehouse-container-houses\/#breadcrumb"},"inLanguage":"pt-PT","potentialAction":[{"@type":"ReadAction","target":["https:\/\/shunfa.themedemo.top\/product\/roof-rock-wool-fireproof-interior-and-exterior-wall-sandwich-panel-easy-to-install-insulated-factory-warehouse-container-houses\/"]}]},{"@type":"ImageObject","inLanguage":"pt-PT","@id":"https:\/\/shunfa.themedemo.top\/product\/roof-rock-wool-fireproof-interior-and-exterior-wall-sandwich-panel-easy-to-install-insulated-factory-warehouse-container-houses\/#primaryimage","url":"https:\/\/shunfa.themedemo.top\/wp-content\/uploads\/2025\/12\/H9419be82d7bf423c82795f00c04f3cb4x.avif","contentUrl":"https:\/\/shunfa.themedemo.top\/wp-content\/uploads\/2025\/12\/H9419be82d7bf423c82795f00c04f3cb4x.avif","width":1000,"height":1000},{"@type":"BreadcrumbList","@id":"https:\/\/shunfa.themedemo.top\/product\/roof-rock-wool-fireproof-interior-and-exterior-wall-sandwich-panel-easy-to-install-insulated-factory-warehouse-container-houses\/#breadcrumb","itemListElement":[{"@type":"ListItem","position":1,"name":"Home","item":"https:\/\/shunfa.themedemo.top\/"},{"@type":"ListItem","position":2,"name":"Products","item":"https:\/\/shunfa.themedemo.top\/products\/"},{"@type":"ListItem","position":3,"name":"Roof Rock Wool Fireproof Interior and Exterior Wall Sandwich Panel Easy to Install Insulated Factory Warehouse Container Houses"}]},{"@type":"WebSite","@id":"https:\/\/shunfa.themedemo.top\/#website","url":"https:\/\/shunfa.themedemo.top\/","name":"shunfa","description":"","publisher":{"@id":"https:\/\/shunfa.themedemo.top\/#organization"},"potentialAction":[{"@type":"SearchAction","target":{"@type":"EntryPoint","urlTemplate":"https:\/\/shunfa.themedemo.top\/?s={search_term_string}"},"query-input":{"@type":"PropertyValueSpecification","valueRequired":true,"valueName":"search_term_string"}}],"inLanguage":"pt-PT"},{"@type":"Organization","@id":"https:\/\/shunfa.themedemo.top\/#organization","name":"shunfa","url":"https:\/\/shunfa.themedemo.top\/","logo":{"@type":"ImageObject","inLanguage":"pt-PT","@id":"https:\/\/shunfa.themedemo.top\/#\/schema\/logo\/image\/","url":"https:\/\/shunfa.themedemo.top\/wp-content\/uploads\/2025\/12\/20251221034929f0109.png","contentUrl":"https:\/\/shunfa.themedemo.top\/wp-content\/uploads\/2025\/12\/20251221034929f0109.png","width":286,"height":297,"caption":"shunfa"},"image":{"@id":"https:\/\/shunfa.themedemo.top\/#\/schema\/logo\/image\/"}}]}},"_links":{"self":[{"href":"https:\/\/shunfa.themedemo.top\/pt\/wp-json\/wp\/v2\/product\/1082","targetHints":{"allow":["GET"]}}],"collection":[{"href":"https:\/\/shunfa.themedemo.top\/pt\/wp-json\/wp\/v2\/product"}],"about":[{"href":"https:\/\/shunfa.themedemo.top\/pt\/wp-json\/wp\/v2\/types\/product"}],"replies":[{"embeddable":true,"href":"https:\/\/shunfa.themedemo.top\/pt\/wp-json\/wp\/v2\/comments?post=1082"}],"wp:featuredmedia":[{"embeddable":true,"href":"https:\/\/shunfa.themedemo.top\/pt\/wp-json\/wp\/v2\/media\/1084"}],"wp:attachment":[{"href":"https:\/\/shunfa.themedemo.top\/pt\/wp-json\/wp\/v2\/media?parent=1082"}],"wp:term":[{"taxonomy":"product_brand","embeddable":true,"href":"https:\/\/shunfa.themedemo.top\/pt\/wp-json\/wp\/v2\/product_brand?post=1082"},{"taxonomy":"product_cat","embeddable":true,"href":"https:\/\/shunfa.themedemo.top\/pt\/wp-json\/wp\/v2\/product_cat?post=1082"},{"taxonomy":"product_tag","embeddable":true,"href":"https:\/\/shunfa.themedemo.top\/pt\/wp-json\/wp\/v2\/product_tag?post=1082"}],"curies":[{"name":"wp","href":"https:\/\/api.w.org\/{rel}","templated":true}]}}