{"id":1100,"date":"2025-12-29T03:00:05","date_gmt":"2025-12-29T03:00:05","guid":{"rendered":"https:\/\/shunfa.themedemo.top\/?post_type=product&#038;p=1100"},"modified":"2026-01-15T08:06:09","modified_gmt":"2026-01-15T08:06:09","slug":"paineis-sanduiche-de-parede-pu-pir-para-oficina-de-metal-personalizados-design-elegante-para-oficina-e-outras-cenas-material-de-aco-duravel","status":"publish","type":"product","link":"https:\/\/shunfa.themedemo.top\/pt\/produto\/paineis-sanduiche-de-parede-pu-pir-para-oficina-de-metal-personalizados-design-elegante-para-oficina-e-outras-cenas-material-de-aco-duravel\/","title":{"rendered":"Pain\u00e9is met\u00e1licos personalizados para oficinas Pain\u00e9is sandu\u00edche de parede PU\/PIR Design elegante para oficinas e outros cen\u00e1rios Material de a\u00e7o dur\u00e1vel"},"content":{"rendered":"<table class=\"has-title hight-light-first-column all magic-3\">\n<tbody>\n<tr>\n<td colspan=\"5\" rowspan=\"1\">\n<div class=\"magic-4\">\n<div class=\"magic-5\" data-spm-anchor-id=\"a2700.custom-template.0.i81.2be33333hm1nfn\"><b>Vis\u00e3o geral dos produtos<\/b><\/div>\n<\/div>\n<\/td>\n<\/tr>\n<tr>\n<td colspan=\"1\" rowspan=\"1\">\n<div class=\"magic-8\">\n<div class=\"magic-5\" data-spm-anchor-id=\"a2700.custom-template.0.i78.2be33333hm1nfn\"><b data-spm-anchor-id=\"a2700.custom-template.0.i99.2be33333hm1nfn\">Item\uff1a<\/b><\/div>\n<\/div>\n<\/td>\n<td colspan=\"4\" rowspan=\"1\">\n<div class=\"magic-9\">\n<div class=\"magic-5\" data-spm-anchor-id=\"a2700.pc-decorate.0.i10.47f23333jeQ0gJ\">Pain\u00e9is sandu\u00edche de parede PU\/PIR para oficina de metal Design elegante para oficina e outros cen\u00e1rios Material de a\u00e7o dur\u00e1vel<\/div>\n<\/div>\n<\/td>\n<\/tr>\n<tr>\n<td colspan=\"1\" rowspan=\"1\">\n<div class=\"magic-8\">\n<div class=\"magic-5\" data-spm-anchor-id=\"a2700.custom-template.0.i73.2be33333hm1nfn\"><b>Cor:<\/b><\/div>\n<\/div>\n<\/td>\n<td colspan=\"4\" rowspan=\"1\">\n<div class=\"magic-9\">\n<div class=\"magic-5\" data-spm-anchor-id=\"a2700.custom-template.0.i76.2be33333hm1nfn\">Suporte para personaliza\u00e7\u00e3o RAL<\/div>\n<\/div>\n<\/td>\n<\/tr>\n<tr>\n<td colspan=\"1\" rowspan=\"1\">\n<div class=\"magic-8\">\n<div class=\"magic-5\" data-spm-anchor-id=\"a2700.custom-template.0.i74.2be33333hm1nfn\"><b>Espessura:<\/b><\/div>\n<\/div>\n<\/td>\n<td colspan=\"4\" rowspan=\"1\">\n<div class=\"magic-9\">\n<div class=\"magic-5\" data-spm-anchor-id=\"a2700.custom-template.0.i77.2be33333hm1nfn\">Personaliza\u00e7\u00e3o do suporte<\/div>\n<\/div>\n<\/td>\n<\/tr>\n<tr>\n<td colspan=\"1\" rowspan=\"1\">\n<div class=\"magic-8\">\n<div class=\"magic-5\" data-spm-anchor-id=\"a2700.custom-template.0.i82.2be33333hm1nfn\"><b data-spm-anchor-id=\"a2700.custom-template.0.i86.2be33333hm1nfn\">Chapa de a\u00e7o:<\/b><\/div>\n<\/div>\n<\/td>\n<td colspan=\"4\" rowspan=\"1\">\n<div class=\"magic-10\">\n<div class=\"magic-5\" data-spm-anchor-id=\"a2700.custom-template.0.i87.2be33333hm1nfn\">0.2mm-0.8mm,Suporte a personaliza\u00e7\u00e3o<\/div>\n<\/div>\n<\/td>\n<\/tr>\n<tr>\n<td colspan=\"1\" rowspan=\"1\">\n<div class=\"magic-8\">\n<div class=\"magic-5\" data-spm-anchor-id=\"a2700.custom-template.0.i95.2be33333hm1nfn\"><b>Largura efectiva\uff1a<\/b><\/div>\n<\/div>\n<\/td>\n<td colspan=\"4\" rowspan=\"1\">\n<div class=\"magic-10\">\n<div class=\"magic-5\">painel de parede\/teto: 950mm\/1050mm\/1000mm,Suporte a personaliza\u00e7\u00e3o<\/div>\n<\/div>\n<\/td>\n<\/tr>\n<\/tbody>\n<\/table>","protected":false},"excerpt":{"rendered":"<p>Os nossos pain\u00e9is sandu\u00edche de parede PU\/PIR para oficina de metal apresentam um design moderno, ideal para oficinas e aplica\u00e7\u00f5es diversas, fabricados em a\u00e7o dur\u00e1vel. Oferecendo personaliza\u00e7\u00e3o da cor RAL, espessura personaliz\u00e1vel e espessura da chapa de a\u00e7o de 0,2 mm a 0,8 mm, estes pain\u00e9is tamb\u00e9m fornecem larguras efectivas de 950 mm, 1050 mm e 1000 mm para paredes\/telhados, com op\u00e7\u00f5es de personaliza\u00e7\u00e3o completas para satisfazer as necessidades espec\u00edficas do projeto.<\/p>","protected":false},"featured_media":1101,"comment_status":"open","ping_status":"closed","template":"","meta":[],"product_brand":[],"product_cat":[28],"product_tag":[],"class_list":{"0":"post-1100","1":"product","2":"type-product","3":"status-publish","4":"has-post-thumbnail","6":"product_cat-polyurethane-sandwich-panel","8":"first","9":"instock","10":"featured","11":"shipping-taxable","12":"product-type-simple"},"yoast_head":"<!-- This site is optimized with the Yoast SEO plugin v26.7 - https:\/\/yoast.com\/wordpress\/plugins\/seo\/ -->\n<title>Custom Metal Workshop PU\/PIR Wall Sandwich Panels Fashionable Design for Workshop and Other Scenes Durable Steel Material - shunfa<\/title>\n<meta name=\"robots\" content=\"index, follow, max-snippet:-1, max-image-preview:large, max-video-preview:-1\" \/>\n<link rel=\"canonical\" href=\"https:\/\/shunfa.themedemo.top\/pt\/produto\/paineis-sanduiche-de-parede-pu-pir-para-oficina-de-metal-personalizados-design-elegante-para-oficina-e-outras-cenas-material-de-aco-duravel\/\" \/>\n<meta property=\"og:locale\" content=\"pt_PT\" \/>\n<meta property=\"og:type\" content=\"article\" \/>\n<meta property=\"og:title\" content=\"Custom Metal Workshop PU\/PIR Wall Sandwich Panels Fashionable Design for Workshop and Other Scenes Durable Steel Material - shunfa\" \/>\n<meta property=\"og:description\" content=\"Our Metal Workshop PU\/PIR Wall Sandwich Panels feature a fashionable design ideal for workshops and diverse applications, crafted from durable steel. Offering RAL color customization, customizable thickness, and steel sheet thickness from 0.2mm to 0.8mm, these panels also provide effective widths of 950mm, 1050mm, and 1000mm for walls\/roofs, with full customization options to meet specific project needs.\" \/>\n<meta property=\"og:url\" content=\"https:\/\/shunfa.themedemo.top\/pt\/produto\/paineis-sanduiche-de-parede-pu-pir-para-oficina-de-metal-personalizados-design-elegante-para-oficina-e-outras-cenas-material-de-aco-duravel\/\" \/>\n<meta property=\"og:site_name\" content=\"shunfa\" \/>\n<meta property=\"article:modified_time\" content=\"2026-01-15T08:06:09+00:00\" \/>\n<meta property=\"og:image\" content=\"https:\/\/shunfa.themedemo.top\/wp-content\/uploads\/2025\/12\/2025122902491803e41.png\" \/>\n\t<meta property=\"og:image:width\" content=\"750\" \/>\n\t<meta property=\"og:image:height\" content=\"750\" \/>\n\t<meta property=\"og:image:type\" content=\"image\/png\" \/>\n<meta name=\"twitter:card\" content=\"summary_large_image\" \/>\n<meta name=\"twitter:label1\" content=\"Tempo estimado de leitura\" \/>\n\t<meta name=\"twitter:data1\" content=\"1 minuto\" \/>\n<script type=\"application\/ld+json\" class=\"yoast-schema-graph\">{\"@context\":\"https:\/\/schema.org\",\"@graph\":[{\"@type\":\"WebPage\",\"@id\":\"https:\/\/shunfa.themedemo.top\/product\/custom-metal-workshop-pu-pir-wall-sandwich-panels-fashionable-design-for-workshop-and-other-scenes-durable-steel-material\/\",\"url\":\"https:\/\/shunfa.themedemo.top\/product\/custom-metal-workshop-pu-pir-wall-sandwich-panels-fashionable-design-for-workshop-and-other-scenes-durable-steel-material\/\",\"name\":\"Custom Metal Workshop PU\/PIR Wall Sandwich Panels Fashionable Design for Workshop and Other Scenes Durable Steel Material - shunfa\",\"isPartOf\":{\"@id\":\"https:\/\/shunfa.themedemo.top\/#website\"},\"primaryImageOfPage\":{\"@id\":\"https:\/\/shunfa.themedemo.top\/product\/custom-metal-workshop-pu-pir-wall-sandwich-panels-fashionable-design-for-workshop-and-other-scenes-durable-steel-material\/#primaryimage\"},\"image\":{\"@id\":\"https:\/\/shunfa.themedemo.top\/product\/custom-metal-workshop-pu-pir-wall-sandwich-panels-fashionable-design-for-workshop-and-other-scenes-durable-steel-material\/#primaryimage\"},\"thumbnailUrl\":\"https:\/\/shunfa.themedemo.top\/wp-content\/uploads\/2025\/12\/2025122902491803e41.png\",\"datePublished\":\"2025-12-29T03:00:05+00:00\",\"dateModified\":\"2026-01-15T08:06:09+00:00\",\"breadcrumb\":{\"@id\":\"https:\/\/shunfa.themedemo.top\/product\/custom-metal-workshop-pu-pir-wall-sandwich-panels-fashionable-design-for-workshop-and-other-scenes-durable-steel-material\/#breadcrumb\"},\"inLanguage\":\"pt-PT\",\"potentialAction\":[{\"@type\":\"ReadAction\",\"target\":[\"https:\/\/shunfa.themedemo.top\/product\/custom-metal-workshop-pu-pir-wall-sandwich-panels-fashionable-design-for-workshop-and-other-scenes-durable-steel-material\/\"]}]},{\"@type\":\"ImageObject\",\"inLanguage\":\"pt-PT\",\"@id\":\"https:\/\/shunfa.themedemo.top\/product\/custom-metal-workshop-pu-pir-wall-sandwich-panels-fashionable-design-for-workshop-and-other-scenes-durable-steel-material\/#primaryimage\",\"url\":\"https:\/\/shunfa.themedemo.top\/wp-content\/uploads\/2025\/12\/2025122902491803e41.png\",\"contentUrl\":\"https:\/\/shunfa.themedemo.top\/wp-content\/uploads\/2025\/12\/2025122902491803e41.png\",\"width\":750,\"height\":750},{\"@type\":\"BreadcrumbList\",\"@id\":\"https:\/\/shunfa.themedemo.top\/product\/custom-metal-workshop-pu-pir-wall-sandwich-panels-fashionable-design-for-workshop-and-other-scenes-durable-steel-material\/#breadcrumb\",\"itemListElement\":[{\"@type\":\"ListItem\",\"position\":1,\"name\":\"Home\",\"item\":\"https:\/\/shunfa.themedemo.top\/\"},{\"@type\":\"ListItem\",\"position\":2,\"name\":\"Products\",\"item\":\"https:\/\/shunfa.themedemo.top\/products\/\"},{\"@type\":\"ListItem\",\"position\":3,\"name\":\"Custom Metal Workshop PU\/PIR Wall Sandwich Panels Fashionable Design for Workshop and Other Scenes Durable Steel Material\"}]},{\"@type\":\"WebSite\",\"@id\":\"https:\/\/shunfa.themedemo.top\/#website\",\"url\":\"https:\/\/shunfa.themedemo.top\/\",\"name\":\"shunfa\",\"description\":\"\",\"publisher\":{\"@id\":\"https:\/\/shunfa.themedemo.top\/#organization\"},\"potentialAction\":[{\"@type\":\"SearchAction\",\"target\":{\"@type\":\"EntryPoint\",\"urlTemplate\":\"https:\/\/shunfa.themedemo.top\/?s={search_term_string}\"},\"query-input\":{\"@type\":\"PropertyValueSpecification\",\"valueRequired\":true,\"valueName\":\"search_term_string\"}}],\"inLanguage\":\"pt-PT\"},{\"@type\":\"Organization\",\"@id\":\"https:\/\/shunfa.themedemo.top\/#organization\",\"name\":\"shunfa\",\"url\":\"https:\/\/shunfa.themedemo.top\/\",\"logo\":{\"@type\":\"ImageObject\",\"inLanguage\":\"pt-PT\",\"@id\":\"https:\/\/shunfa.themedemo.top\/#\/schema\/logo\/image\/\",\"url\":\"https:\/\/shunfa.themedemo.top\/wp-content\/uploads\/2025\/12\/20251221034929f0109.png\",\"contentUrl\":\"https:\/\/shunfa.themedemo.top\/wp-content\/uploads\/2025\/12\/20251221034929f0109.png\",\"width\":286,\"height\":297,\"caption\":\"shunfa\"},\"image\":{\"@id\":\"https:\/\/shunfa.themedemo.top\/#\/schema\/logo\/image\/\"}}]}<\/script>\n<!-- \/ Yoast SEO plugin. -->","yoast_head_json":{"title":"Pain\u00e9is sandu\u00edche de parede de PU\/PIR para oficina de metal personalizados Design elegante para oficina e outros cen\u00e1rios Material de a\u00e7o dur\u00e1vel - shunfa","robots":{"index":"index","follow":"follow","max-snippet":"max-snippet:-1","max-image-preview":"max-image-preview:large","max-video-preview":"max-video-preview:-1"},"canonical":"https:\/\/shunfa.themedemo.top\/pt\/produto\/paineis-sanduiche-de-parede-pu-pir-para-oficina-de-metal-personalizados-design-elegante-para-oficina-e-outras-cenas-material-de-aco-duravel\/","og_locale":"pt_PT","og_type":"article","og_title":"Custom Metal Workshop PU\/PIR Wall Sandwich Panels Fashionable Design for Workshop and Other Scenes Durable Steel Material - shunfa","og_description":"Our Metal Workshop PU\/PIR Wall Sandwich Panels feature a fashionable design ideal for workshops and diverse applications, crafted from durable steel. Offering RAL color customization, customizable thickness, and steel sheet thickness from 0.2mm to 0.8mm, these panels also provide effective widths of 950mm, 1050mm, and 1000mm for walls\/roofs, with full customization options to meet specific project needs.","og_url":"https:\/\/shunfa.themedemo.top\/pt\/produto\/paineis-sanduiche-de-parede-pu-pir-para-oficina-de-metal-personalizados-design-elegante-para-oficina-e-outras-cenas-material-de-aco-duravel\/","og_site_name":"shunfa","article_modified_time":"2026-01-15T08:06:09+00:00","og_image":[{"width":750,"height":750,"url":"https:\/\/shunfa.themedemo.top\/wp-content\/uploads\/2025\/12\/2025122902491803e41.png","type":"image\/png"}],"twitter_card":"summary_large_image","twitter_misc":{"Tempo estimado de leitura":"1 minuto"},"schema":{"@context":"https:\/\/schema.org","@graph":[{"@type":"WebPage","@id":"https:\/\/shunfa.themedemo.top\/product\/custom-metal-workshop-pu-pir-wall-sandwich-panels-fashionable-design-for-workshop-and-other-scenes-durable-steel-material\/","url":"https:\/\/shunfa.themedemo.top\/product\/custom-metal-workshop-pu-pir-wall-sandwich-panels-fashionable-design-for-workshop-and-other-scenes-durable-steel-material\/","name":"Pain\u00e9is sandu\u00edche de parede de PU\/PIR para oficina de metal personalizados Design elegante para oficina e outros cen\u00e1rios Material de a\u00e7o dur\u00e1vel - shunfa","isPartOf":{"@id":"https:\/\/shunfa.themedemo.top\/#website"},"primaryImageOfPage":{"@id":"https:\/\/shunfa.themedemo.top\/product\/custom-metal-workshop-pu-pir-wall-sandwich-panels-fashionable-design-for-workshop-and-other-scenes-durable-steel-material\/#primaryimage"},"image":{"@id":"https:\/\/shunfa.themedemo.top\/product\/custom-metal-workshop-pu-pir-wall-sandwich-panels-fashionable-design-for-workshop-and-other-scenes-durable-steel-material\/#primaryimage"},"thumbnailUrl":"https:\/\/shunfa.themedemo.top\/wp-content\/uploads\/2025\/12\/2025122902491803e41.png","datePublished":"2025-12-29T03:00:05+00:00","dateModified":"2026-01-15T08:06:09+00:00","breadcrumb":{"@id":"https:\/\/shunfa.themedemo.top\/product\/custom-metal-workshop-pu-pir-wall-sandwich-panels-fashionable-design-for-workshop-and-other-scenes-durable-steel-material\/#breadcrumb"},"inLanguage":"pt-PT","potentialAction":[{"@type":"ReadAction","target":["https:\/\/shunfa.themedemo.top\/product\/custom-metal-workshop-pu-pir-wall-sandwich-panels-fashionable-design-for-workshop-and-other-scenes-durable-steel-material\/"]}]},{"@type":"ImageObject","inLanguage":"pt-PT","@id":"https:\/\/shunfa.themedemo.top\/product\/custom-metal-workshop-pu-pir-wall-sandwich-panels-fashionable-design-for-workshop-and-other-scenes-durable-steel-material\/#primaryimage","url":"https:\/\/shunfa.themedemo.top\/wp-content\/uploads\/2025\/12\/2025122902491803e41.png","contentUrl":"https:\/\/shunfa.themedemo.top\/wp-content\/uploads\/2025\/12\/2025122902491803e41.png","width":750,"height":750},{"@type":"BreadcrumbList","@id":"https:\/\/shunfa.themedemo.top\/product\/custom-metal-workshop-pu-pir-wall-sandwich-panels-fashionable-design-for-workshop-and-other-scenes-durable-steel-material\/#breadcrumb","itemListElement":[{"@type":"ListItem","position":1,"name":"Home","item":"https:\/\/shunfa.themedemo.top\/"},{"@type":"ListItem","position":2,"name":"Products","item":"https:\/\/shunfa.themedemo.top\/products\/"},{"@type":"ListItem","position":3,"name":"Custom Metal Workshop PU\/PIR Wall Sandwich Panels Fashionable Design for Workshop and Other Scenes Durable Steel Material"}]},{"@type":"WebSite","@id":"https:\/\/shunfa.themedemo.top\/#website","url":"https:\/\/shunfa.themedemo.top\/","name":"shunfa","description":"","publisher":{"@id":"https:\/\/shunfa.themedemo.top\/#organization"},"potentialAction":[{"@type":"SearchAction","target":{"@type":"EntryPoint","urlTemplate":"https:\/\/shunfa.themedemo.top\/?s={search_term_string}"},"query-input":{"@type":"PropertyValueSpecification","valueRequired":true,"valueName":"search_term_string"}}],"inLanguage":"pt-PT"},{"@type":"Organization","@id":"https:\/\/shunfa.themedemo.top\/#organization","name":"shunfa","url":"https:\/\/shunfa.themedemo.top\/","logo":{"@type":"ImageObject","inLanguage":"pt-PT","@id":"https:\/\/shunfa.themedemo.top\/#\/schema\/logo\/image\/","url":"https:\/\/shunfa.themedemo.top\/wp-content\/uploads\/2025\/12\/20251221034929f0109.png","contentUrl":"https:\/\/shunfa.themedemo.top\/wp-content\/uploads\/2025\/12\/20251221034929f0109.png","width":286,"height":297,"caption":"shunfa"},"image":{"@id":"https:\/\/shunfa.themedemo.top\/#\/schema\/logo\/image\/"}}]}},"_links":{"self":[{"href":"https:\/\/shunfa.themedemo.top\/pt\/wp-json\/wp\/v2\/product\/1100","targetHints":{"allow":["GET"]}}],"collection":[{"href":"https:\/\/shunfa.themedemo.top\/pt\/wp-json\/wp\/v2\/product"}],"about":[{"href":"https:\/\/shunfa.themedemo.top\/pt\/wp-json\/wp\/v2\/types\/product"}],"replies":[{"embeddable":true,"href":"https:\/\/shunfa.themedemo.top\/pt\/wp-json\/wp\/v2\/comments?post=1100"}],"wp:featuredmedia":[{"embeddable":true,"href":"https:\/\/shunfa.themedemo.top\/pt\/wp-json\/wp\/v2\/media\/1101"}],"wp:attachment":[{"href":"https:\/\/shunfa.themedemo.top\/pt\/wp-json\/wp\/v2\/media?parent=1100"}],"wp:term":[{"taxonomy":"product_brand","embeddable":true,"href":"https:\/\/shunfa.themedemo.top\/pt\/wp-json\/wp\/v2\/product_brand?post=1100"},{"taxonomy":"product_cat","embeddable":true,"href":"https:\/\/shunfa.themedemo.top\/pt\/wp-json\/wp\/v2\/product_cat?post=1100"},{"taxonomy":"product_tag","embeddable":true,"href":"https:\/\/shunfa.themedemo.top\/pt\/wp-json\/wp\/v2\/product_tag?post=1100"}],"curies":[{"name":"wp","href":"https:\/\/api.w.org\/{rel}","templated":true}]}}