{"id":1115,"date":"2025-12-29T04:47:32","date_gmt":"2025-12-29T04:47:32","guid":{"rendered":"https:\/\/shunfa.themedemo.top\/?post_type=product&#038;p=1115"},"modified":"2026-01-15T08:06:04","modified_gmt":"2026-01-15T08:06:04","slug":"modern-warehouse-design-20mm-metal-roof-and-wall-eps-sandwich-panels","status":"publish","type":"product","link":"https:\/\/shunfa.themedemo.top\/pt\/produto\/modern-warehouse-design-20mm-metal-roof-and-wall-eps-sandwich-panels\/","title":{"rendered":"Design moderno de armaz\u00e9m Pain\u00e9is sandu\u00edche EPS de 20 mm para telhado e parede de metal"},"content":{"rendered":"<table class=\"has-title hight-light-first-column all magic-3\">\n<tbody>\n<tr>\n<td colspan=\"5\" rowspan=\"1\">\n<div class=\"magic-4\" data-spm-anchor-id=\"a2700.details-description.0.i4.6a4dU0McU0McL1\">\n<div class=\"magic-5\" data-spm-anchor-id=\"a2700.custom-template.0.i81.2be33333hm1nfn\"><b>Vis\u00e3o geral dos produtos<\/b><\/div>\n<\/div>\n<\/td>\n<\/tr>\n<tr>\n<td colspan=\"1\" rowspan=\"1\">\n<div class=\"magic-8\">\n<div class=\"magic-5\" data-spm-anchor-id=\"a2700.custom-template.0.i78.2be33333hm1nfn\"><b data-spm-anchor-id=\"a2700.custom-template.0.i99.2be33333hm1nfn\">Item\uff1a<\/b><\/div>\n<\/div>\n<\/td>\n<td colspan=\"4\" rowspan=\"1\">\n<div class=\"magic-9\">\n<div class=\"magic-5\" data-spm-anchor-id=\"a2700.pc-decorate.0.i9.209d3333RGOke6\">Design moderno de armaz\u00e9m Pain\u00e9is sandu\u00edche EPS de 20 mm para telhado e parede de metal<\/div>\n<\/div>\n<\/td>\n<\/tr>\n<tr>\n<td colspan=\"1\" rowspan=\"1\">\n<div class=\"magic-8\">\n<div class=\"magic-5\" data-spm-anchor-id=\"a2700.custom-template.0.i73.2be33333hm1nfn\"><b>Cor:<\/b><\/div>\n<\/div>\n<\/td>\n<td colspan=\"4\" rowspan=\"1\">\n<div class=\"magic-9\">\n<div class=\"magic-5\" data-spm-anchor-id=\"a2700.custom-template.0.i76.2be33333hm1nfn\">Suporte para personaliza\u00e7\u00e3o RAL<\/div>\n<\/div>\n<\/td>\n<\/tr>\n<tr>\n<td colspan=\"1\" rowspan=\"1\">\n<div class=\"magic-8\">\n<div class=\"magic-5\" data-spm-anchor-id=\"a2700.custom-template.0.i74.2be33333hm1nfn\"><b>Espessura:<\/b><\/div>\n<\/div>\n<\/td>\n<td colspan=\"4\" rowspan=\"1\">\n<div class=\"magic-9\">\n<div class=\"magic-5\" data-spm-anchor-id=\"a2700.custom-template.0.i77.2be33333hm1nfn\">Personaliza\u00e7\u00e3o do suporte<\/div>\n<\/div>\n<\/td>\n<\/tr>\n<tr>\n<td colspan=\"1\" rowspan=\"1\">\n<div class=\"magic-8\">\n<div class=\"magic-5\" data-spm-anchor-id=\"a2700.custom-template.0.i82.2be33333hm1nfn\"><b data-spm-anchor-id=\"a2700.custom-template.0.i86.2be33333hm1nfn\">Chapa de a\u00e7o:<\/b><\/div>\n<\/div>\n<\/td>\n<td colspan=\"4\" rowspan=\"1\">\n<div class=\"magic-10\">\n<div class=\"magic-5\" data-spm-anchor-id=\"a2700.custom-template.0.i87.2be33333hm1nfn\">0.2mm-0.8mm,Suporte a personaliza\u00e7\u00e3o<\/div>\n<\/div>\n<\/td>\n<\/tr>\n<tr>\n<td colspan=\"1\" rowspan=\"1\">\n<div class=\"magic-8\">\n<div class=\"magic-5\" data-spm-anchor-id=\"a2700.custom-template.0.i95.2be33333hm1nfn\"><b>Largura efectiva\uff1a<\/b><\/div>\n<\/div>\n<\/td>\n<td colspan=\"4\" rowspan=\"1\">\n<div class=\"magic-10\">\n<div class=\"magic-5\">painel de parede\/teto: 950mm\/1050mm\/1000mm,Suporte a personaliza\u00e7\u00e3o<\/div>\n<\/div>\n<\/td>\n<\/tr>\n<\/tbody>\n<\/table>\n<p>&nbsp;<\/p>\n<p>&nbsp;<\/p>","protected":false},"excerpt":{"rendered":"<p>Os nossos Pain\u00e9is Sandu\u00edche EPS para Telhado e Parede Met\u00e1licos de 20 mm, concebidos para armaz\u00e9ns modernos, apresentam cores RAL personaliz\u00e1veis, espessuras, chapas de a\u00e7o de 0,2-0,8 mm e larguras efectivas (950\/1050\/1000 mm), oferecendo solu\u00e7\u00f5es personalizadas e duradouras para as necessidades de constru\u00e7\u00e3o industrial.<\/p>","protected":false},"featured_media":1116,"comment_status":"open","ping_status":"closed","template":"","meta":[],"product_brand":[],"product_cat":[26],"product_tag":[],"class_list":{"0":"post-1115","1":"product","2":"type-product","3":"status-publish","4":"has-post-thumbnail","6":"product_cat-eps-sandwich-panel","8":"first","9":"instock","10":"featured","11":"shipping-taxable","12":"product-type-simple"},"yoast_head":"<!-- This site is optimized with the Yoast SEO plugin v26.7 - https:\/\/yoast.com\/wordpress\/plugins\/seo\/ -->\n<title>Modern Warehouse Design 20mm Metal Roof and Wall EPS Sandwich Panels - shunfa<\/title>\n<meta name=\"robots\" content=\"index, follow, max-snippet:-1, max-image-preview:large, max-video-preview:-1\" \/>\n<link rel=\"canonical\" href=\"https:\/\/shunfa.themedemo.top\/pt\/produto\/modern-warehouse-design-20mm-metal-roof-and-wall-eps-sandwich-panels\/\" \/>\n<meta property=\"og:locale\" content=\"pt_PT\" \/>\n<meta property=\"og:type\" content=\"article\" \/>\n<meta property=\"og:title\" content=\"Modern Warehouse Design 20mm Metal Roof and Wall EPS Sandwich Panels - shunfa\" \/>\n<meta property=\"og:description\" content=\"Our 20mm Metal Roof and Wall EPS Sandwich Panels, designed for modern warehouses, feature customizable RAL colors, thicknesses, 0.2-0.8mm steel sheets, and effective widths (950\/1050\/1000mm), offering tailored, durable solutions for industrial building needs.\" \/>\n<meta property=\"og:url\" content=\"https:\/\/shunfa.themedemo.top\/pt\/produto\/modern-warehouse-design-20mm-metal-roof-and-wall-eps-sandwich-panels\/\" \/>\n<meta property=\"og:site_name\" content=\"shunfa\" \/>\n<meta property=\"article:modified_time\" content=\"2026-01-15T08:06:04+00:00\" \/>\n<meta property=\"og:image\" content=\"https:\/\/shunfa.themedemo.top\/wp-content\/uploads\/2025\/12\/20251229043607ce6cc.jpg\" \/>\n\t<meta property=\"og:image:width\" content=\"636\" \/>\n\t<meta property=\"og:image:height\" content=\"605\" \/>\n\t<meta property=\"og:image:type\" content=\"image\/jpeg\" \/>\n<meta name=\"twitter:card\" content=\"summary_large_image\" \/>\n<meta name=\"twitter:label1\" content=\"Tempo estimado de leitura\" \/>\n\t<meta name=\"twitter:data1\" content=\"1 minuto\" \/>\n<script type=\"application\/ld+json\" class=\"yoast-schema-graph\">{\"@context\":\"https:\/\/schema.org\",\"@graph\":[{\"@type\":\"WebPage\",\"@id\":\"https:\/\/shunfa.themedemo.top\/product\/modern-warehouse-design-20mm-metal-roof-and-wall-eps-sandwich-panels\/\",\"url\":\"https:\/\/shunfa.themedemo.top\/product\/modern-warehouse-design-20mm-metal-roof-and-wall-eps-sandwich-panels\/\",\"name\":\"Modern Warehouse Design 20mm Metal Roof and Wall EPS Sandwich Panels - shunfa\",\"isPartOf\":{\"@id\":\"https:\/\/shunfa.themedemo.top\/#website\"},\"primaryImageOfPage\":{\"@id\":\"https:\/\/shunfa.themedemo.top\/product\/modern-warehouse-design-20mm-metal-roof-and-wall-eps-sandwich-panels\/#primaryimage\"},\"image\":{\"@id\":\"https:\/\/shunfa.themedemo.top\/product\/modern-warehouse-design-20mm-metal-roof-and-wall-eps-sandwich-panels\/#primaryimage\"},\"thumbnailUrl\":\"https:\/\/shunfa.themedemo.top\/wp-content\/uploads\/2025\/12\/20251229043607ce6cc.jpg\",\"datePublished\":\"2025-12-29T04:47:32+00:00\",\"dateModified\":\"2026-01-15T08:06:04+00:00\",\"breadcrumb\":{\"@id\":\"https:\/\/shunfa.themedemo.top\/product\/modern-warehouse-design-20mm-metal-roof-and-wall-eps-sandwich-panels\/#breadcrumb\"},\"inLanguage\":\"pt-PT\",\"potentialAction\":[{\"@type\":\"ReadAction\",\"target\":[\"https:\/\/shunfa.themedemo.top\/product\/modern-warehouse-design-20mm-metal-roof-and-wall-eps-sandwich-panels\/\"]}]},{\"@type\":\"ImageObject\",\"inLanguage\":\"pt-PT\",\"@id\":\"https:\/\/shunfa.themedemo.top\/product\/modern-warehouse-design-20mm-metal-roof-and-wall-eps-sandwich-panels\/#primaryimage\",\"url\":\"https:\/\/shunfa.themedemo.top\/wp-content\/uploads\/2025\/12\/20251229043607ce6cc.jpg\",\"contentUrl\":\"https:\/\/shunfa.themedemo.top\/wp-content\/uploads\/2025\/12\/20251229043607ce6cc.jpg\",\"width\":636,\"height\":605},{\"@type\":\"BreadcrumbList\",\"@id\":\"https:\/\/shunfa.themedemo.top\/product\/modern-warehouse-design-20mm-metal-roof-and-wall-eps-sandwich-panels\/#breadcrumb\",\"itemListElement\":[{\"@type\":\"ListItem\",\"position\":1,\"name\":\"Home\",\"item\":\"https:\/\/shunfa.themedemo.top\/\"},{\"@type\":\"ListItem\",\"position\":2,\"name\":\"Products\",\"item\":\"https:\/\/shunfa.themedemo.top\/products\/\"},{\"@type\":\"ListItem\",\"position\":3,\"name\":\"Modern Warehouse Design 20mm Metal Roof and Wall EPS Sandwich Panels\"}]},{\"@type\":\"WebSite\",\"@id\":\"https:\/\/shunfa.themedemo.top\/#website\",\"url\":\"https:\/\/shunfa.themedemo.top\/\",\"name\":\"shunfa\",\"description\":\"\",\"publisher\":{\"@id\":\"https:\/\/shunfa.themedemo.top\/#organization\"},\"potentialAction\":[{\"@type\":\"SearchAction\",\"target\":{\"@type\":\"EntryPoint\",\"urlTemplate\":\"https:\/\/shunfa.themedemo.top\/?s={search_term_string}\"},\"query-input\":{\"@type\":\"PropertyValueSpecification\",\"valueRequired\":true,\"valueName\":\"search_term_string\"}}],\"inLanguage\":\"pt-PT\"},{\"@type\":\"Organization\",\"@id\":\"https:\/\/shunfa.themedemo.top\/#organization\",\"name\":\"shunfa\",\"url\":\"https:\/\/shunfa.themedemo.top\/\",\"logo\":{\"@type\":\"ImageObject\",\"inLanguage\":\"pt-PT\",\"@id\":\"https:\/\/shunfa.themedemo.top\/#\/schema\/logo\/image\/\",\"url\":\"https:\/\/shunfa.themedemo.top\/wp-content\/uploads\/2025\/12\/20251221034929f0109.png\",\"contentUrl\":\"https:\/\/shunfa.themedemo.top\/wp-content\/uploads\/2025\/12\/20251221034929f0109.png\",\"width\":286,\"height\":297,\"caption\":\"shunfa\"},\"image\":{\"@id\":\"https:\/\/shunfa.themedemo.top\/#\/schema\/logo\/image\/\"}}]}<\/script>\n<!-- \/ Yoast SEO plugin. -->","yoast_head_json":{"title":"Modern Warehouse Design 20mm Metal Roof and Wall EPS Sandwich Panels - shunfa","robots":{"index":"index","follow":"follow","max-snippet":"max-snippet:-1","max-image-preview":"max-image-preview:large","max-video-preview":"max-video-preview:-1"},"canonical":"https:\/\/shunfa.themedemo.top\/pt\/produto\/modern-warehouse-design-20mm-metal-roof-and-wall-eps-sandwich-panels\/","og_locale":"pt_PT","og_type":"article","og_title":"Modern Warehouse Design 20mm Metal Roof and Wall EPS Sandwich Panels - shunfa","og_description":"Our 20mm Metal Roof and Wall EPS Sandwich Panels, designed for modern warehouses, feature customizable RAL colors, thicknesses, 0.2-0.8mm steel sheets, and effective widths (950\/1050\/1000mm), offering tailored, durable solutions for industrial building needs.","og_url":"https:\/\/shunfa.themedemo.top\/pt\/produto\/modern-warehouse-design-20mm-metal-roof-and-wall-eps-sandwich-panels\/","og_site_name":"shunfa","article_modified_time":"2026-01-15T08:06:04+00:00","og_image":[{"width":636,"height":605,"url":"https:\/\/shunfa.themedemo.top\/wp-content\/uploads\/2025\/12\/20251229043607ce6cc.jpg","type":"image\/jpeg"}],"twitter_card":"summary_large_image","twitter_misc":{"Tempo estimado de leitura":"1 minuto"},"schema":{"@context":"https:\/\/schema.org","@graph":[{"@type":"WebPage","@id":"https:\/\/shunfa.themedemo.top\/product\/modern-warehouse-design-20mm-metal-roof-and-wall-eps-sandwich-panels\/","url":"https:\/\/shunfa.themedemo.top\/product\/modern-warehouse-design-20mm-metal-roof-and-wall-eps-sandwich-panels\/","name":"Modern Warehouse Design 20mm Metal Roof and Wall EPS Sandwich Panels - shunfa","isPartOf":{"@id":"https:\/\/shunfa.themedemo.top\/#website"},"primaryImageOfPage":{"@id":"https:\/\/shunfa.themedemo.top\/product\/modern-warehouse-design-20mm-metal-roof-and-wall-eps-sandwich-panels\/#primaryimage"},"image":{"@id":"https:\/\/shunfa.themedemo.top\/product\/modern-warehouse-design-20mm-metal-roof-and-wall-eps-sandwich-panels\/#primaryimage"},"thumbnailUrl":"https:\/\/shunfa.themedemo.top\/wp-content\/uploads\/2025\/12\/20251229043607ce6cc.jpg","datePublished":"2025-12-29T04:47:32+00:00","dateModified":"2026-01-15T08:06:04+00:00","breadcrumb":{"@id":"https:\/\/shunfa.themedemo.top\/product\/modern-warehouse-design-20mm-metal-roof-and-wall-eps-sandwich-panels\/#breadcrumb"},"inLanguage":"pt-PT","potentialAction":[{"@type":"ReadAction","target":["https:\/\/shunfa.themedemo.top\/product\/modern-warehouse-design-20mm-metal-roof-and-wall-eps-sandwich-panels\/"]}]},{"@type":"ImageObject","inLanguage":"pt-PT","@id":"https:\/\/shunfa.themedemo.top\/product\/modern-warehouse-design-20mm-metal-roof-and-wall-eps-sandwich-panels\/#primaryimage","url":"https:\/\/shunfa.themedemo.top\/wp-content\/uploads\/2025\/12\/20251229043607ce6cc.jpg","contentUrl":"https:\/\/shunfa.themedemo.top\/wp-content\/uploads\/2025\/12\/20251229043607ce6cc.jpg","width":636,"height":605},{"@type":"BreadcrumbList","@id":"https:\/\/shunfa.themedemo.top\/product\/modern-warehouse-design-20mm-metal-roof-and-wall-eps-sandwich-panels\/#breadcrumb","itemListElement":[{"@type":"ListItem","position":1,"name":"Home","item":"https:\/\/shunfa.themedemo.top\/"},{"@type":"ListItem","position":2,"name":"Products","item":"https:\/\/shunfa.themedemo.top\/products\/"},{"@type":"ListItem","position":3,"name":"Modern Warehouse Design 20mm Metal Roof and Wall EPS Sandwich Panels"}]},{"@type":"WebSite","@id":"https:\/\/shunfa.themedemo.top\/#website","url":"https:\/\/shunfa.themedemo.top\/","name":"shunfa","description":"","publisher":{"@id":"https:\/\/shunfa.themedemo.top\/#organization"},"potentialAction":[{"@type":"SearchAction","target":{"@type":"EntryPoint","urlTemplate":"https:\/\/shunfa.themedemo.top\/?s={search_term_string}"},"query-input":{"@type":"PropertyValueSpecification","valueRequired":true,"valueName":"search_term_string"}}],"inLanguage":"pt-PT"},{"@type":"Organization","@id":"https:\/\/shunfa.themedemo.top\/#organization","name":"shunfa","url":"https:\/\/shunfa.themedemo.top\/","logo":{"@type":"ImageObject","inLanguage":"pt-PT","@id":"https:\/\/shunfa.themedemo.top\/#\/schema\/logo\/image\/","url":"https:\/\/shunfa.themedemo.top\/wp-content\/uploads\/2025\/12\/20251221034929f0109.png","contentUrl":"https:\/\/shunfa.themedemo.top\/wp-content\/uploads\/2025\/12\/20251221034929f0109.png","width":286,"height":297,"caption":"shunfa"},"image":{"@id":"https:\/\/shunfa.themedemo.top\/#\/schema\/logo\/image\/"}}]}},"_links":{"self":[{"href":"https:\/\/shunfa.themedemo.top\/pt\/wp-json\/wp\/v2\/product\/1115","targetHints":{"allow":["GET"]}}],"collection":[{"href":"https:\/\/shunfa.themedemo.top\/pt\/wp-json\/wp\/v2\/product"}],"about":[{"href":"https:\/\/shunfa.themedemo.top\/pt\/wp-json\/wp\/v2\/types\/product"}],"replies":[{"embeddable":true,"href":"https:\/\/shunfa.themedemo.top\/pt\/wp-json\/wp\/v2\/comments?post=1115"}],"wp:featuredmedia":[{"embeddable":true,"href":"https:\/\/shunfa.themedemo.top\/pt\/wp-json\/wp\/v2\/media\/1116"}],"wp:attachment":[{"href":"https:\/\/shunfa.themedemo.top\/pt\/wp-json\/wp\/v2\/media?parent=1115"}],"wp:term":[{"taxonomy":"product_brand","embeddable":true,"href":"https:\/\/shunfa.themedemo.top\/pt\/wp-json\/wp\/v2\/product_brand?post=1115"},{"taxonomy":"product_cat","embeddable":true,"href":"https:\/\/shunfa.themedemo.top\/pt\/wp-json\/wp\/v2\/product_cat?post=1115"},{"taxonomy":"product_tag","embeddable":true,"href":"https:\/\/shunfa.themedemo.top\/pt\/wp-json\/wp\/v2\/product_tag?post=1115"}],"curies":[{"name":"wp","href":"https:\/\/api.w.org\/{rel}","templated":true}]}}