{"id":1222,"date":"2026-01-02T06:56:50","date_gmt":"2026-01-02T06:56:50","guid":{"rendered":"https:\/\/shunfa.themedemo.top\/?post_type=product&#038;p=1222"},"modified":"2026-01-02T06:56:50","modified_gmt":"2026-01-02T06:56:50","slug":"parede-de-painel-sanduiche-de-poliuretano-de-50-mm-facil-de-instalar-casas-de-contentores-de-armazem-isoladas","status":"publish","type":"product","link":"https:\/\/shunfa.themedemo.top\/pt\/produto\/parede-de-painel-sanduiche-de-poliuretano-de-50-mm-facil-de-instalar-casas-de-contentores-de-armazem-isoladas\/","title":{"rendered":"Painel Sandu\u00edche de Poliuretano 50mm Parede F\u00e1cil de Instalar Casas de Container de Armaz\u00e9m Isoladas"},"content":{"rendered":"<div class=\"id-text-black-222 id-font-inter id-text-sm id-leading-5 id-font-normal id-flex\" data-testid=\"product-detail-text-sort\" data-spm-anchor-id=\"a2700.details.0.i111.5b7b226bC7TsNJ\"><span class=\"id-ml-2 id-whitespace-pre-line\">Design \u00e0 prova de fogo: Garante a seguran\u00e7a em ambientes de alto risco.<\/span><\/div>\n<div class=\"id-text-black-222 id-font-inter id-text-sm id-leading-5 id-font-normal id-flex\" data-testid=\"product-detail-text-sort\">\n<div class=\"id-w-1 id-h-1 id-rounded-full id-bg-[#000000D9] id-flex-shrink-0 id-flex-grow-0 id-mt-[8px]\">\u00a0<\/div>\n<p><span class=\"id-ml-2 id-whitespace-pre-line\" data-spm-anchor-id=\"a2700.details.0.i112.5b7b226bC7TsNJ\">\u00c0 prova de som: Reduz a transmiss\u00e3o de ru\u00eddo para um espa\u00e7o de trabalho mais silencioso.<\/span><\/div>\n<div class=\"id-text-black-222 id-font-inter id-text-sm id-leading-5 id-font-normal id-flex\" data-testid=\"product-detail-text-sort\">\n<div class=\"id-w-1 id-h-1 id-rounded-full id-bg-[#000000D9] id-flex-shrink-0 id-flex-grow-0 id-mt-[8px]\">\u00a0<\/div>\n<p><span class=\"id-ml-2 id-whitespace-pre-line\">Instala\u00e7\u00e3o personaliz\u00e1vel: F\u00e1cil de instalar, adapt\u00e1vel a v\u00e1rias configura\u00e7\u00f5es.<\/span><\/div>\n<div class=\"id-text-black-222 id-font-inter id-text-sm id-leading-5 id-font-normal id-flex\" data-testid=\"product-detail-text-sort\">\n<div class=\"id-w-1 id-h-1 id-rounded-full id-bg-[#000000D9] id-flex-shrink-0 id-flex-grow-0 id-mt-[8px]\">\u00a0<\/div>\n<p><span class=\"id-ml-2 id-whitespace-pre-line\">Materiais de alta qualidade: Constru\u00eddo com chapas de a\u00e7o dur\u00e1veis para um desempenho duradouro.<\/span><\/div>\n<div class=\"id-text-black-222 id-font-inter id-text-sm id-leading-5 id-font-normal id-flex\" data-testid=\"product-detail-text-sort\">\n<div class=\"id-w-1 id-h-1 id-rounded-full id-bg-[#000000D9] id-flex-shrink-0 id-flex-grow-0 id-mt-[8px]\">\u00a0<\/div>\n<p><span class=\"id-ml-2 id-whitespace-pre-line\">Amigo do ambiente: escolha sustent\u00e1vel para empresas com preocupa\u00e7\u00f5es ecol\u00f3gicas.<\/span><\/div>","protected":false},"excerpt":{"rendered":"<p>Espessura do painel sandu\u00edche Pu:<br \/>\nTeto: 40mm\/50mm\/75mm, etc.<br \/>\nParede:25mm\/50mm\/75mm etc.<\/p>\n<p>Largura:<br \/>\nTeto:950mm\/980mm<br \/>\nParede:950mm\/1150mm<\/p>\n<p>Densidade:<br \/>\n12kg\/m\u00b3,14kg\/m\u00b3,16kg\/m\u00b3,18kg\/m\u00b3,etc.<\/p>","protected":false},"featured_media":1228,"comment_status":"open","ping_status":"closed","template":"","meta":[],"product_brand":[],"product_cat":[28],"product_tag":[],"class_list":{"0":"post-1222","1":"product","2":"type-product","3":"status-publish","4":"has-post-thumbnail","6":"product_cat-polyurethane-sandwich-panel","8":"first","9":"instock","10":"shipping-taxable","11":"product-type-simple"},"yoast_head":"<!-- This site is optimized with the Yoast SEO plugin v26.7 - https:\/\/yoast.com\/wordpress\/plugins\/seo\/ -->\n<title>50mm Polyurethane Sandwich Panel Wall Easy to Install Insulated Warehouse Container Houses - shunfa<\/title>\n<meta name=\"robots\" content=\"index, follow, max-snippet:-1, max-image-preview:large, max-video-preview:-1\" \/>\n<link rel=\"canonical\" href=\"https:\/\/shunfa.themedemo.top\/pt\/produto\/parede-de-painel-sanduiche-de-poliuretano-de-50-mm-facil-de-instalar-casas-de-contentores-de-armazem-isoladas\/\" \/>\n<meta property=\"og:locale\" content=\"pt_PT\" \/>\n<meta property=\"og:type\" content=\"article\" \/>\n<meta property=\"og:title\" content=\"50mm Polyurethane Sandwich Panel Wall Easy to Install Insulated Warehouse Container Houses - shunfa\" \/>\n<meta property=\"og:description\" content=\"Pu Sandwich Panel Thickness: Roof:40mm\/50mm\/75mm etc. Wall:25mm\/50mm\/75mm etc. Width: Roof:950mm\/980mm Wall:950mm\/1150mm Density: 12kg\/m\u00b3,14kg\/m\u00b3,16kg\/m\u00b3,18kg\/m\u00b3,etc.\" \/>\n<meta property=\"og:url\" content=\"https:\/\/shunfa.themedemo.top\/pt\/produto\/parede-de-painel-sanduiche-de-poliuretano-de-50-mm-facil-de-instalar-casas-de-contentores-de-armazem-isoladas\/\" \/>\n<meta property=\"og:site_name\" content=\"shunfa\" \/>\n<meta property=\"og:image\" content=\"https:\/\/shunfa.themedemo.top\/wp-content\/uploads\/2026\/01\/2026010206522360563.png\" \/>\n\t<meta property=\"og:image:width\" content=\"1000\" \/>\n\t<meta property=\"og:image:height\" content=\"1000\" \/>\n\t<meta property=\"og:image:type\" content=\"image\/png\" \/>\n<meta name=\"twitter:card\" content=\"summary_large_image\" \/>\n<meta name=\"twitter:label1\" content=\"Tempo estimado de leitura\" \/>\n\t<meta name=\"twitter:data1\" content=\"1 minuto\" \/>\n<script type=\"application\/ld+json\" class=\"yoast-schema-graph\">{\"@context\":\"https:\/\/schema.org\",\"@graph\":[{\"@type\":\"WebPage\",\"@id\":\"https:\/\/shunfa.themedemo.top\/product\/50mm-polyurethane-sandwich-panel-wall-easy-to-install-insulated-warehouse-container-houses\/\",\"url\":\"https:\/\/shunfa.themedemo.top\/product\/50mm-polyurethane-sandwich-panel-wall-easy-to-install-insulated-warehouse-container-houses\/\",\"name\":\"50mm Polyurethane Sandwich Panel Wall Easy to Install Insulated Warehouse Container Houses - shunfa\",\"isPartOf\":{\"@id\":\"https:\/\/shunfa.themedemo.top\/#website\"},\"primaryImageOfPage\":{\"@id\":\"https:\/\/shunfa.themedemo.top\/product\/50mm-polyurethane-sandwich-panel-wall-easy-to-install-insulated-warehouse-container-houses\/#primaryimage\"},\"image\":{\"@id\":\"https:\/\/shunfa.themedemo.top\/product\/50mm-polyurethane-sandwich-panel-wall-easy-to-install-insulated-warehouse-container-houses\/#primaryimage\"},\"thumbnailUrl\":\"https:\/\/shunfa.themedemo.top\/wp-content\/uploads\/2026\/01\/2026010206522360563.png\",\"datePublished\":\"2026-01-02T06:56:50+00:00\",\"breadcrumb\":{\"@id\":\"https:\/\/shunfa.themedemo.top\/product\/50mm-polyurethane-sandwich-panel-wall-easy-to-install-insulated-warehouse-container-houses\/#breadcrumb\"},\"inLanguage\":\"pt-PT\",\"potentialAction\":[{\"@type\":\"ReadAction\",\"target\":[\"https:\/\/shunfa.themedemo.top\/product\/50mm-polyurethane-sandwich-panel-wall-easy-to-install-insulated-warehouse-container-houses\/\"]}]},{\"@type\":\"ImageObject\",\"inLanguage\":\"pt-PT\",\"@id\":\"https:\/\/shunfa.themedemo.top\/product\/50mm-polyurethane-sandwich-panel-wall-easy-to-install-insulated-warehouse-container-houses\/#primaryimage\",\"url\":\"https:\/\/shunfa.themedemo.top\/wp-content\/uploads\/2026\/01\/2026010206522360563.png\",\"contentUrl\":\"https:\/\/shunfa.themedemo.top\/wp-content\/uploads\/2026\/01\/2026010206522360563.png\",\"width\":1000,\"height\":1000},{\"@type\":\"BreadcrumbList\",\"@id\":\"https:\/\/shunfa.themedemo.top\/product\/50mm-polyurethane-sandwich-panel-wall-easy-to-install-insulated-warehouse-container-houses\/#breadcrumb\",\"itemListElement\":[{\"@type\":\"ListItem\",\"position\":1,\"name\":\"Home\",\"item\":\"https:\/\/shunfa.themedemo.top\/\"},{\"@type\":\"ListItem\",\"position\":2,\"name\":\"Products\",\"item\":\"https:\/\/shunfa.themedemo.top\/products\/\"},{\"@type\":\"ListItem\",\"position\":3,\"name\":\"50mm Polyurethane Sandwich Panel Wall Easy to Install Insulated Warehouse Container Houses\"}]},{\"@type\":\"WebSite\",\"@id\":\"https:\/\/shunfa.themedemo.top\/#website\",\"url\":\"https:\/\/shunfa.themedemo.top\/\",\"name\":\"shunfa\",\"description\":\"\",\"publisher\":{\"@id\":\"https:\/\/shunfa.themedemo.top\/#organization\"},\"potentialAction\":[{\"@type\":\"SearchAction\",\"target\":{\"@type\":\"EntryPoint\",\"urlTemplate\":\"https:\/\/shunfa.themedemo.top\/?s={search_term_string}\"},\"query-input\":{\"@type\":\"PropertyValueSpecification\",\"valueRequired\":true,\"valueName\":\"search_term_string\"}}],\"inLanguage\":\"pt-PT\"},{\"@type\":\"Organization\",\"@id\":\"https:\/\/shunfa.themedemo.top\/#organization\",\"name\":\"shunfa\",\"url\":\"https:\/\/shunfa.themedemo.top\/\",\"logo\":{\"@type\":\"ImageObject\",\"inLanguage\":\"pt-PT\",\"@id\":\"https:\/\/shunfa.themedemo.top\/#\/schema\/logo\/image\/\",\"url\":\"https:\/\/shunfa.themedemo.top\/wp-content\/uploads\/2025\/12\/20251221034929f0109.png\",\"contentUrl\":\"https:\/\/shunfa.themedemo.top\/wp-content\/uploads\/2025\/12\/20251221034929f0109.png\",\"width\":286,\"height\":297,\"caption\":\"shunfa\"},\"image\":{\"@id\":\"https:\/\/shunfa.themedemo.top\/#\/schema\/logo\/image\/\"}}]}<\/script>\n<!-- \/ Yoast SEO plugin. -->","yoast_head_json":{"title":"Painel Sandu\u00edche de Poliuretano 50mm Parede F\u00e1cil de Instalar Casas de Container de Armaz\u00e9m Isoladas - shunfa","robots":{"index":"index","follow":"follow","max-snippet":"max-snippet:-1","max-image-preview":"max-image-preview:large","max-video-preview":"max-video-preview:-1"},"canonical":"https:\/\/shunfa.themedemo.top\/pt\/produto\/parede-de-painel-sanduiche-de-poliuretano-de-50-mm-facil-de-instalar-casas-de-contentores-de-armazem-isoladas\/","og_locale":"pt_PT","og_type":"article","og_title":"50mm Polyurethane Sandwich Panel Wall Easy to Install Insulated Warehouse Container Houses - shunfa","og_description":"Pu Sandwich Panel Thickness: Roof:40mm\/50mm\/75mm etc. Wall:25mm\/50mm\/75mm etc. Width: Roof:950mm\/980mm Wall:950mm\/1150mm Density: 12kg\/m\u00b3,14kg\/m\u00b3,16kg\/m\u00b3,18kg\/m\u00b3,etc.","og_url":"https:\/\/shunfa.themedemo.top\/pt\/produto\/parede-de-painel-sanduiche-de-poliuretano-de-50-mm-facil-de-instalar-casas-de-contentores-de-armazem-isoladas\/","og_site_name":"shunfa","og_image":[{"width":1000,"height":1000,"url":"https:\/\/shunfa.themedemo.top\/wp-content\/uploads\/2026\/01\/2026010206522360563.png","type":"image\/png"}],"twitter_card":"summary_large_image","twitter_misc":{"Tempo estimado de leitura":"1 minuto"},"schema":{"@context":"https:\/\/schema.org","@graph":[{"@type":"WebPage","@id":"https:\/\/shunfa.themedemo.top\/product\/50mm-polyurethane-sandwich-panel-wall-easy-to-install-insulated-warehouse-container-houses\/","url":"https:\/\/shunfa.themedemo.top\/product\/50mm-polyurethane-sandwich-panel-wall-easy-to-install-insulated-warehouse-container-houses\/","name":"Painel Sandu\u00edche de Poliuretano 50mm Parede F\u00e1cil de Instalar Casas de Container de Armaz\u00e9m Isoladas - shunfa","isPartOf":{"@id":"https:\/\/shunfa.themedemo.top\/#website"},"primaryImageOfPage":{"@id":"https:\/\/shunfa.themedemo.top\/product\/50mm-polyurethane-sandwich-panel-wall-easy-to-install-insulated-warehouse-container-houses\/#primaryimage"},"image":{"@id":"https:\/\/shunfa.themedemo.top\/product\/50mm-polyurethane-sandwich-panel-wall-easy-to-install-insulated-warehouse-container-houses\/#primaryimage"},"thumbnailUrl":"https:\/\/shunfa.themedemo.top\/wp-content\/uploads\/2026\/01\/2026010206522360563.png","datePublished":"2026-01-02T06:56:50+00:00","breadcrumb":{"@id":"https:\/\/shunfa.themedemo.top\/product\/50mm-polyurethane-sandwich-panel-wall-easy-to-install-insulated-warehouse-container-houses\/#breadcrumb"},"inLanguage":"pt-PT","potentialAction":[{"@type":"ReadAction","target":["https:\/\/shunfa.themedemo.top\/product\/50mm-polyurethane-sandwich-panel-wall-easy-to-install-insulated-warehouse-container-houses\/"]}]},{"@type":"ImageObject","inLanguage":"pt-PT","@id":"https:\/\/shunfa.themedemo.top\/product\/50mm-polyurethane-sandwich-panel-wall-easy-to-install-insulated-warehouse-container-houses\/#primaryimage","url":"https:\/\/shunfa.themedemo.top\/wp-content\/uploads\/2026\/01\/2026010206522360563.png","contentUrl":"https:\/\/shunfa.themedemo.top\/wp-content\/uploads\/2026\/01\/2026010206522360563.png","width":1000,"height":1000},{"@type":"BreadcrumbList","@id":"https:\/\/shunfa.themedemo.top\/product\/50mm-polyurethane-sandwich-panel-wall-easy-to-install-insulated-warehouse-container-houses\/#breadcrumb","itemListElement":[{"@type":"ListItem","position":1,"name":"Home","item":"https:\/\/shunfa.themedemo.top\/"},{"@type":"ListItem","position":2,"name":"Products","item":"https:\/\/shunfa.themedemo.top\/products\/"},{"@type":"ListItem","position":3,"name":"50mm Polyurethane Sandwich Panel Wall Easy to Install Insulated Warehouse Container Houses"}]},{"@type":"WebSite","@id":"https:\/\/shunfa.themedemo.top\/#website","url":"https:\/\/shunfa.themedemo.top\/","name":"shunfa","description":"","publisher":{"@id":"https:\/\/shunfa.themedemo.top\/#organization"},"potentialAction":[{"@type":"SearchAction","target":{"@type":"EntryPoint","urlTemplate":"https:\/\/shunfa.themedemo.top\/?s={search_term_string}"},"query-input":{"@type":"PropertyValueSpecification","valueRequired":true,"valueName":"search_term_string"}}],"inLanguage":"pt-PT"},{"@type":"Organization","@id":"https:\/\/shunfa.themedemo.top\/#organization","name":"shunfa","url":"https:\/\/shunfa.themedemo.top\/","logo":{"@type":"ImageObject","inLanguage":"pt-PT","@id":"https:\/\/shunfa.themedemo.top\/#\/schema\/logo\/image\/","url":"https:\/\/shunfa.themedemo.top\/wp-content\/uploads\/2025\/12\/20251221034929f0109.png","contentUrl":"https:\/\/shunfa.themedemo.top\/wp-content\/uploads\/2025\/12\/20251221034929f0109.png","width":286,"height":297,"caption":"shunfa"},"image":{"@id":"https:\/\/shunfa.themedemo.top\/#\/schema\/logo\/image\/"}}]}},"_links":{"self":[{"href":"https:\/\/shunfa.themedemo.top\/pt\/wp-json\/wp\/v2\/product\/1222","targetHints":{"allow":["GET"]}}],"collection":[{"href":"https:\/\/shunfa.themedemo.top\/pt\/wp-json\/wp\/v2\/product"}],"about":[{"href":"https:\/\/shunfa.themedemo.top\/pt\/wp-json\/wp\/v2\/types\/product"}],"replies":[{"embeddable":true,"href":"https:\/\/shunfa.themedemo.top\/pt\/wp-json\/wp\/v2\/comments?post=1222"}],"wp:featuredmedia":[{"embeddable":true,"href":"https:\/\/shunfa.themedemo.top\/pt\/wp-json\/wp\/v2\/media\/1228"}],"wp:attachment":[{"href":"https:\/\/shunfa.themedemo.top\/pt\/wp-json\/wp\/v2\/media?parent=1222"}],"wp:term":[{"taxonomy":"product_brand","embeddable":true,"href":"https:\/\/shunfa.themedemo.top\/pt\/wp-json\/wp\/v2\/product_brand?post=1222"},{"taxonomy":"product_cat","embeddable":true,"href":"https:\/\/shunfa.themedemo.top\/pt\/wp-json\/wp\/v2\/product_cat?post=1222"},{"taxonomy":"product_tag","embeddable":true,"href":"https:\/\/shunfa.themedemo.top\/pt\/wp-json\/wp\/v2\/product_tag?post=1222"}],"curies":[{"name":"wp","href":"https:\/\/api.w.org\/{rel}","templated":true}]}}